{"id":5781,"date":"2021-08-05T17:01:36","date_gmt":"2021-08-05T15:01:36","guid":{"rendered":"https:\/\/levillagebalinais.com\/?page_id=5781"},"modified":"2026-03-02T14:30:03","modified_gmt":"2026-03-02T13:30:03","slug":"certification-qualiopi","status":"publish","type":"page","link":"https:\/\/levillagebalinais.com\/index.php\/ecole-massage\/certification-qualiopi\/","title":{"rendered":"Certification Qualiopi"},"content":{"rendered":"<div  class=\"one withsmallpadding ppb_text\" style=\"padding-bottom:0px !important;text-align:center;padding:60px 0 60px 0;\" >\n<div class=\"standard_wrapper\">\n<div class=\"page_content_wrapper wide\">\n<div class=\"inner\">\n<div style=\"margin:auto;width:100%\">\n<h1><a href=\"https:\/\/certifopac.fr\/qualiopi\/certification\/verification\/?siren=499829877\">Certification Qualiopi<\/a><\/h1>\n<\/div>\n<\/div>\n<\/div>\n<\/div>\n<\/div>\n<div class=\"standard_wrapper\">\n<div class=\"one withsmallpadding ppb_line_divider\"  style=\"text-align:center;padding:0px 0 0px 0;\" >\n<div class=\"page_content_wrapper wide\">\n<div class=\"inner\">\n<div class=\"line_divider_border\" style=\"width:100px;border-color:#e1e1e1;\"><\/div>\n<div class=\"line_divider_seperator\"><i class=\"fa fa-leaf\" style=\"color:#efa697;\"><\/i><\/div>\n<div class=\"line_divider_border\" style=\"width:100px;border-color:#e1e1e1;\"><\/div>\n<\/div>\n<\/div>\n<\/div>\n<\/div>\n<div  class=\"one withsmallpadding ppb_text\" style=\"padding-bottom:0px !important;text-align:center;padding:60px 0 60px 0;\" >\n<div class=\"standard_wrapper\">\n<div class=\"page_content_wrapper wide\">\n<div class=\"inner\">\n<div style=\"margin:auto;width:100%\">\n<p>Le Village Balinais Formation : Organisme de formation certifi\u00e9 QUALIOPI apr\u00e8s avoir \u00e9t\u00e9 audit\u00e9 par Certifopac. Certificat n\u00b0 237504501-1 .La certification qualit\u00e9 est d\u00e9livr\u00e9e \u00e0 Ruth Indiathi\u00ab Village Balinais Formation  \u00bb au titre de la cat\u00e9gorie d\u2019actions suivantes : ACTIONS DE FORMATION <\/p>\n<\/div>\n<\/div>\n<\/div>\n<\/div>\n<\/div>\n<div  class=\"one withsmallpadding ppb_text\" style=\"padding-bottom:0px !important;text-align:center;padding:60px 0 60px 0;\" >\n<div class=\"standard_wrapper\">\n<div class=\"page_content_wrapper wide\">\n<div class=\"inner\">\n<div style=\"margin:auto;width:100%\">\n<h1>Prise en charge dans le cadre de la formation continue<\/h1>\n<\/div>\n<\/div>\n<\/div>\n<\/div>\n<\/div>\n<div class=\"standard_wrapper\">\n<div class=\"one withsmallpadding ppb_line_divider\"  style=\"text-align:center;padding:0px 0 0px 0;\" >\n<div class=\"page_content_wrapper wide\">\n<div class=\"inner\">\n<div class=\"line_divider_border\" style=\"width:100px;border-color:#e1e1e1;\"><\/div>\n<div class=\"line_divider_seperator\"><i class=\"fa fa-leaf\" style=\"color:#efa697;\"><\/i><\/div>\n<div class=\"line_divider_border\" style=\"width:100px;border-color:#e1e1e1;\"><\/div>\n<\/div>\n<\/div>\n<\/div>\n<\/div>\n<div  class=\"one withsmallpadding ppb_text\" style=\"padding-bottom:0px !important;text-align:left;padding:60px 0 60px 0;\" >\n<div class=\"standard_wrapper\">\n<div class=\"page_content_wrapper wide\">\n<div class=\"inner\">\n<div style=\"margin:auto;width:100%\">\n<p>Les employeurs des TPE (instituts, salon de coiffure,\u2026), des thalassoth\u00e9rapies et des spas, et les ind\u00e9pendants lib\u00e9raux ou artisans continuent d\u2019avoir acc\u00e8s \u00e0 une prise en charge pour d\u00e9velopper ou approfondir leurs comp\u00e9tences professionnelles. La demande de prise en charge se fait aupr\u00e8s de leurs OPCO ( opco ep, fafcea, agefice, fif pl..). Nos formations sont qualifiantes et se concluent par une attestation de fin de stage (assiduit\u00e9 et comp\u00e9tence).<\/p>\n<\/div>\n<\/div>\n<\/div>\n<\/div>\n<\/div>\n<div  class=\"one withsmallpadding ppb_text\" style=\"padding-bottom:0px !important;text-align:center;padding:60px 0 60px 0;\" >\n<div class=\"standard_wrapper\">\n<div class=\"page_content_wrapper wide\">\n<div class=\"inner\">\n<div style=\"margin:auto;width:100%\">\n<h1>Nos engagements<\/h1>\n<\/div>\n<\/div>\n<\/div>\n<\/div>\n<\/div>\n<div class=\"standard_wrapper\">\n<div class=\"one withsmallpadding ppb_line_divider\"  style=\"text-align:center;padding:0px 0 0px 0;\" >\n<div class=\"page_content_wrapper wide\">\n<div class=\"inner\">\n<div class=\"line_divider_border\" style=\"width:100px;border-color:#e1e1e1;\"><\/div>\n<div class=\"line_divider_seperator\"><i class=\"fa fa-leaf\" style=\"color:#efa697;\"><\/i><\/div>\n<div class=\"line_divider_border\" style=\"width:100px;border-color:#e1e1e1;\"><\/div>\n<\/div>\n<\/div>\n<\/div>\n<\/div>\n<div  class=\"one withsmallpadding ppb_text\" style=\"padding-bottom:0px !important;text-align:left;padding:60px 0 60px 0;\" >\n<div class=\"standard_wrapper\">\n<div class=\"page_content_wrapper wide\">\n<div class=\"inner\">\n<div style=\"margin:auto;width:100%\">\n<p><strong><a href=\"https:\/\/levillagebalinais.com\/index.php\/blog\/presse\/\">Un enseignement authentique et professionnel au service de la qualit\u00e9 de la d\u00e9tente et du bien-\u00eatre des clients en cabine <\/a>:<\/strong><\/p>\n<ul>\n<li>Notre enseignement est issue de la clinique des pijat Bali \u00e9valu\u00e9e par les clients, <a href=\"https:\/\/levillagebalinais.com\/index.php\/blog\/presse\/\">les journalistes<\/a>, les employeurs de Ruth Indiathi depuis plus de 20 ans en France et en Indon\u00e9sie. <\/li>\n<li>Il provient des cr\u00e9ations de s\u00e9ances de massages balinais  de <a href=\"https:\/\/levillagebalinais.com\/index.php\/ruth-indiati\/\">Ruth Indiathi<\/a>. Nos s\u00e9ances se caract\u00e9risent par leurs enracinements dans <a href=\"https:\/\/levillagebalinais.com\/index.php\/2021\/03\/09\/70-ans-france-indonesie\/\">la tradition balinaise <\/a>et l\u2019approche orientale des techniques et des clients en cabine sublim\u00e9es par l\u2019apport occidental : la subjectivit\u00e9 ( la mani\u00e8re singuli\u00e8re de vivre le corps en occident), la r\u00e9f\u00e9rence \u00e0 ost\u00e9opathie et la psychosomatique.<\/li>\n<li>Il est le fruit de l\u2019\u00e9laboration de Ruth Indiathi qui a d\u00e9termin\u00e9 des objectifs p\u00e9dagogiques pr\u00e9cis ainsi qu\u2019une m\u00e9thode de transmission de son savoir-faire et de son savoir \u00eatre : Une transmission en pr\u00e9sentiel, en petit groupe qui reproduit au plus proche les enjeux cabine.<\/li>\n<li>Validation des acquis de la formation : Une \u00e9valuation des comp\u00e9tences transmises est r\u00e9alis\u00e9e en fin de stage selon nos propres crit\u00e8res de qualit\u00e9.<\/li>\n<\/ul>\n<p><strong>Une organisation p\u00e9dagogique et administrative simple, humaine qui assure accessibilit\u00e9, r\u00e9activit\u00e9, adaptabilit\u00e9 et continuit\u00e9 dans l\u2019accueil et l\u2019accompagnement de nos stagiaires :<\/strong><\/p>\n<ul>\n<li> Un contact humain permanent et continue : Ruth assure la continuit\u00e9 du suivi avant, pendant et apr\u00e8s votre formation aussi bien sur le plan p\u00e9dagogique qu\u2019administratif. Elle est joignable en permanence par mail ou t\u00e9l\u00e9phone.<\/li>\n<\/ul>\n<p><strong>Un suivi et un accompagnement individualis\u00e9 qui s\u2019adapte en permanence aux besoins bas\u00e9 sur un engagement fort \u00e0 vos c\u00f4t\u00e9s :<\/strong><\/p>\n<ul>\n<li>Pas d\u2019annulation de stages : Nos stages de formation sont r\u00e9alis\u00e9s d\u00e8s la premi\u00e8re inscription d\u00e9finitive<\/li>\n<li>Nos petits groupes : Le nombre de stagiaires est limit\u00e9 \u00e0 6.<\/li>\n<\/ul>\n<p><strong>D\u00e9ontologie, Qualit\u00e9 et R\u00e9sultats, R\u00e9f\u00e9rence :<\/strong><\/p>\n<ul>\n<li>Ruth Indiathi est signataire d\u2019une charte d\u00e9ontologie et qualit\u00e9 dans laquelle elle s\u2019engage en tant que formatrice, responsable du Village Balinais Formation et praticienne de bien-\u00eatre. <\/li>\n<li>Qualit\u00e9 et r\u00e9sultats : Le Village Balinais diffuse ses r\u00e9sultats de formation depuis 2021 et les actualisent chaque ann\u00e9e. <\/li>\n<li>T\u00e9moignages stagiaires et clients : Ils nous font confiance et nous remercient : <a href=\"https:\/\/www.google.fr\/search?q=levillagebalinais&#038;sca_esv=596379158&#038;sxsrf=AM9HkKnekLLDzarER3dSUf_yfoViRJfJOA%3A1704644684539&#038;source=hp&#038;ei=TNCaZbjVHvz2kdUPv6aqoAY&#038;iflsig=AO6bgOgAAAAAZZreXDw2k6Z9jDjXjEWoWdfdiiNK6lJx&#038;oq=le&#038;gs_lp=Egdnd3Mtd2l6IgJsZSoCCAAyBBAjGCcyChAjGIAEGIoFGCcyBBAjGCcyExAuGIAEGIoFGMcBGK8BGI4FGCcyChAuGIAEGIoFGEMyChAAGIAEGIoFGEMyCxAAGIAEGLEDGIMBMgoQLhiABBiKBRhDMgoQABiABBiKBRhDMgoQLhiABBiKBRhDSP8NUABYqwNwAHgAkAEAmAHxAqABtASqAQcwLjEuMC4xuAEByAEA-AEBwgIREC4YgAQYsQMYgwEYxwEY0QPCAg4QLhiABBiKBRixAxiDAQ&#038;sclient=gws-wiz#lrd=0x47e66de26128e051:0x13a85f1a1fad1fac,1,,,,\">5 \u00e9toiles par 152 avis google<\/a>(f\u00e9vrier 2026)<\/li>\n<\/ul>\n<p><strong>Formation continue :<\/strong><\/p>\n<ul>\n<li>Ruth Indiathi se forme en permanence en faisant notamment des allers retours entre l\u2019Indon\u00e9sie et la France. L\u2019inspiration n\u00e9e des \u00e9valuations des pratiques en spas \u00e0 Bali, et Java  dont elle relate les exp\u00e9riences les plus marquantes dans la presse professionnelle nourrit l\u2019enrichissement de ses formations.<\/li>\n<\/ul>\n<\/div>\n<\/div>\n<\/div>\n<\/div>\n<\/div>\n<div  class=\"one withsmallpadding ppb_text\" style=\"padding-bottom:0px !important;text-align:center;padding:60px 0 60px 0;\" >\n<div class=\"standard_wrapper\">\n<div class=\"page_content_wrapper wide\">\n<div class=\"inner\">\n<div style=\"margin:auto;width:100%\">\n<h1>Excellence des R\u00e9sultats<\/h1>\n<\/div>\n<\/div>\n<\/div>\n<\/div>\n<\/div>\n<div  class=\"one withsmallpadding ppb_text\" style=\"text-align:left;padding:40px 0 40px 0;\" >\n<div class=\"standard_wrapper\">\n<div class=\"page_content_wrapper wide\">\n<div class=\"inner\">\n<div style=\"margin:auto;width:100%\">\n<p><strong>Introduction : <\/strong><\/p>\n<div style=\"position: relative; width: 100%; height: 0; padding-top: 100.0000%; padding-bottom: 0; box-shadow: 0 2px 8px 0 rgba(63,69,81,0.16); margin-top: 1.6em; margin-bottom: 0.9em; overflow: hidden; border-radius: 8px; will-change: transform;\">  <iframe loading=\"lazy\" style=\"position: absolute; width: 100%; height: 100%; top: 0; left: 0; border: none; padding: 0;margin: 0;\"    src=\"https:\/\/www.canva.com\/design\/DAHCRYq54iM\/dw4PtbacQwbiIj0wx6J6WQ\/view?embed\" allowfullscreen=\"allowfullscreen\" allow=\"fullscreen\">  <\/iframe><\/div>\n<p><a href=\"https:\/\/www.canva.com\/design\/DAHCRYq54iM\/dw4PtbacQwbiIj0wx6J6WQ\/view?utm_content=DAHCRYq54iM&#038;utm_campaign=designshare&#038;utm_medium=embeds&#038;utm_source=link\" target=\"_blank\" rel=\"noopener\">Design<\/a> <\/p>\n<p>le Village Balinais  se situe au c\u0153ur de l&rsquo;art ancestral des massages balinais,  et  se distingue par la qualit\u00e9 de la transmission du savoir faire indon\u00e9sien. Les r\u00e9sultats de notre centre de formation r\u00e9v\u00e8lent l&rsquo;impact incontestable de son cadre soutenant, de son enseignement de qualit\u00e9 et de sa transmission inspirante sur les parcours professionnels de nos stagiaires.  Au Village Balinais l&rsquo;apprentissage rime avec \u00e9panouissement professionnel, progression humaine et technique dans les comp\u00e9tences en massage et efficacit\u00e9 en pouvoir de d\u00e9tente, de l\u00e2cher prise et de bien-\u00eatre.<\/p>\n<p><strong>Le Cadre : Un Environnement Propice aux d\u00e9veloppements des comp\u00e9tences. <\/strong><\/p>\n<p>Les t\u00e9moignages des stagiaires du Village Balinais convergent vers une conclusion unanime : l&rsquo;influence positive du cadre ne peut \u00eatre sous-estim\u00e9e. L&rsquo;atmosph\u00e8re sereine et authentique qui r\u00e8gne au Village Balinais favorise non seulement l&rsquo;apprentissage, mais aussi l&rsquo;implication et la confiance des apprenants. Dans  notre studio d\u00e9di\u00e9 aux massages balinais, chaque d\u00e9tail est soigneusement pens\u00e9 pour stimuler la cr\u00e9ativit\u00e9 et le bien-\u00eatre des professionnels du domaine.<\/p>\n<p><strong>L&rsquo;Enseignement : Une Alliance de Tradition et de Modernit\u00e9 ! <\/strong><\/p>\n<p>Au c\u0153ur de cette exp\u00e9rience formatrice, se trouve l&rsquo;enseignement de Ruth Indiathi, une figure embl\u00e9matique dont la passion et l&rsquo;expertise transcendent les fronti\u00e8res. Les stagiaires louent unanimement la richesse technique des protocoles enseign\u00e9s, ainsi que la mani\u00e8re dont ces connaissances sont transmises avec clart\u00e9 et bienveillance. Gr\u00e2ce \u00e0 des m\u00e9thodes p\u00e9dagogiques propres au Village Balinais, chaque apprenant est guid\u00e9 dans son \u00e9volution professionnelle durant la formation, acqu\u00e9rant non seulement des comp\u00e9tences techniques, mais aussi  un savoir faire et un savoir \u00eatre pratique dans le bien-\u00eatre et dans la rencontre avec les clients au service de leur soutien, du lacher prise, de leur d\u00e9tente en profondeur en toute s\u00e9curit\u00e9. <\/p>\n<p><strong>Les R\u00e9sultats : Une Progression nette, des Protocoles  \u00e9valu\u00e9s tr\u00e8s efficaces dans leurs pouvoir de d\u00e9tente par nos stagiaires<\/strong><\/p>\n<p>La v\u00e9ritable mesure du succ\u00e8s se trouve dans la progression tangible des comp\u00e9tences professionnelles de nos stagiaires. Au-del\u00e0 de la simple acquisition des protocoles enseign\u00e9s, ces derniers t\u00e9moignent d&rsquo;une transformation dans leur pratique, marqu\u00e9e par une confiance accrue, une sensibilit\u00e9 accrue et une connexion plus profonde avec leur client\u00e8le. Cette \u00e9volution, rendue possible gr\u00e2ce \u00e0 l&rsquo;accompagnement personnalis\u00e9, l&rsquo;atmosph\u00e8re inspirante du Village Balinais, et l\u2019expertise de Ruth Indiathi atteste de l&rsquo;efficacit\u00e9 et de la pertinence de son programme de formation.<\/p>\n<p><em>Notation auto\u00e9valu\u00e9e par les professionnels du pouvoir de d\u00e9tente des protocoles du Village Balinais \u00e0 l\u2019issue de leurs pratiques sur leurs clients : <\/em><\/p>\n<li><em>Note (2022) : 18\/20 (  note moyenne issue du traitement des retours des questionnaires \u00e0 froid, post formation 2022 (24\/41) <\/em><\/li>\n<p> )<\/p>\n<li><em>Note (2021) : 18\/20 ( note moyenne issue du traitements des retours des QAF 2021 (38\/52)<\/em><\/li>\n<p><strong>Conclusion : <\/strong><br \/>\n\u00c0 travers son cadre inspirant, son enseignement de qualit\u00e9 et ses r\u00e9sultats tangibles, le Village Balinais incarne des valeurs d&rsquo;humilit\u00e9 et de bienveillance mais aussi de passion et d\u2019excellence qui sont au c\u0153ur de son approche p\u00e9dagogique. Pour tous ceux qui aspirent \u00e0 grandir dans leur pratique professionnelle tout en restant fid\u00e8les \u00e0 leurs valeurs humaines, et \u00e0 transcender les limites de leurs pratiques,  le Village Balinais demeure un choix de confiance, un cadre  aux solides fondations sur lequel les professionnels s\u2019appuient pour progresser, et aussi un phare, enracin\u00e9 dans les profondeurs de la tradition balinaise, dans l\u2019oc\u00e9an des formations d\u00e9di\u00e9s aux massages de bien-\u00eatre.<\/p>\n<\/div>\n<\/div>\n<\/div>\n<\/div>\n<\/div>\n<div class=\"standard_wrapper\">\n<div class=\"one withsmallpadding ppb_line_divider\"  style=\"text-align:center;padding:0px 0 0px 0;\" >\n<div class=\"page_content_wrapper wide\">\n<div class=\"inner\">\n<div class=\"line_divider_border\" style=\"width:100px;border-color:#e1e1e1;\"><\/div>\n<div class=\"line_divider_seperator\"><i class=\"fa fa-leaf\" style=\"color:#efa697;\"><\/i><\/div>\n<div class=\"line_divider_border\" style=\"width:100px;border-color:#e1e1e1;\"><\/div>\n<\/div>\n<\/div>\n<\/div>\n<\/div>\n<div  class=\"one\" style=\"padding:40px 0 40px 0;\" >\n<div id=\"17724582031808680694\" class=\"slider_wrapper\">\n<div class=\"flexslider tg_gallery fullwidth\" data-height=\"750\">\n<ul class=\"slides\">\n<li><img decoding=\"async\" src=\"https:\/\/levillagebalinais.com\/wp-content\/uploads\/2024\/01\/TABLEAU-EXCELLENCE-RESULTATS-VILLAGE-BALINAIS-2023.png\" alt=\"TABLEAU EXCELLENCE DES RESULTATS DU VILLAGE BALINAIS\"\/>\n<div class=\"ppb_image_caption\"> Tableau d&rsquo;excellence  des r\u00e9sultats des \u00e9valuations des formations du Village Balinais<\/div>\n<\/li>\n<\/ul>\n<\/div>\n<\/div>\n<\/div>\n<div  class=\"one\" style=\"padding:40px 0 40px 0;\" >\n<div id=\"17724582031028938382\" class=\"slider_wrapper\">\n<div class=\"flexslider tg_gallery fullwidth\" data-height=\"750\">\n<ul class=\"slides\">\n<li><img decoding=\"async\" src=\"https:\/\/levillagebalinais.com\/wp-content\/uploads\/2026\/03\/Certificat-Qualiopi-Mise-a-jour-le-27.07.2021-pdf.jpg\" alt=\"\"\/>\n<div class=\"ppb_image_caption\"><\/div>\n<\/li>\n<\/ul>\n<\/div>\n<\/div>\n<\/div>\n<div  class=\"one withsmallpadding ppb_header parallax withbg \" style=\"background-image:url(https:\/\/levillagebalinais.com\/wp-content\/uploads\/2021\/02\/Village-Balinais-Formation-3-Pijat-bali_Pro-scaled.jpg);background-position: center top;text-align:center;padding:250px 0 250px 0;color:#ffffff;\" >\n<div class=\"overlay_background\" style=\"background:#000000;background:rgb(0,0,0,0.3);background:rgba(0,0,0,0.3);\"><\/div>\n<div class=\"standard_wrapper\">\n<div class=\"page_content_wrapper wide\">\n<div class=\"inner\">\n<div style=\"margin:auto;width:100%\">\n<h2 class=\"ppb_title\" style=\"color:#ffffff;\">Nous contacter<\/h2>\n<\/div>\n<\/div>\n<\/div>\n<\/div>\n<\/div>\n<div class=\"standard_wrapper\">\n<div  class=\"ppb_contact_sidebar one withsmallpadding\" style=\"padding:40px 0 40px 0;\" >\n<div class=\"page_content_wrapper wide\">\n<div class=\"inner\">\n<div class=\"inner_wrapper\">\n<div class=\"sidebar_content \">\n<h2 class=\"ppb_title\">Contact<\/h2>\n<div class=\"contact_form7_wrapper\">\n<div class=\"wpcf7 no-js\" id=\"wpcf7-f5-o1\" lang=\"en-US\" dir=\"ltr\" data-wpcf7-id=\"5\">\n<div class=\"screen-reader-response\">\n<p role=\"status\" aria-live=\"polite\" aria-atomic=\"true\">\n<ul><\/ul>\n<\/div>\n<form action=\"\/wp-admin\/post.php#wpcf7-f5-o1\" method=\"post\" class=\"wpcf7-form init\" aria-label=\"Contact form\" novalidate=\"novalidate\" data-status=\"init\">\n<fieldset class=\"hidden-fields-container\"><input type=\"hidden\" name=\"_wpcf7\" value=\"5\" \/><input type=\"hidden\" name=\"_wpcf7_version\" value=\"6.1.5\" \/><input type=\"hidden\" name=\"_wpcf7_locale\" value=\"en_US\" \/><input type=\"hidden\" name=\"_wpcf7_unit_tag\" value=\"wpcf7-f5-o1\" \/><input type=\"hidden\" name=\"_wpcf7_container_post\" value=\"0\" \/><input type=\"hidden\" name=\"_wpcf7_posted_data_hash\" value=\"\" \/><input type=\"hidden\" name=\"_wpcf7_recaptcha_response\" value=\"\" \/><br \/>\n<\/fieldset>\n<p>\n<span class=\"wpcf7-form-control-wrap\" data-name=\"your-name\"><input size=\"40\" maxlength=\"400\" class=\"wpcf7-form-control wpcf7-text wpcf7-validates-as-required\" aria-required=\"true\" aria-invalid=\"false\" placeholder=\"Nom\/Pr\u00e9nom*\" value=\"\" type=\"text\" name=\"your-name\" \/><\/span>\n<\/p>\n<p>\n<span class=\"wpcf7-form-control-wrap\" data-name=\"your-subject\"><input size=\"40\" maxlength=\"400\" class=\"wpcf7-form-control wpcf7-text wpcf7-validates-as-required\" aria-required=\"true\" aria-invalid=\"false\" placeholder=\"Sujet*\" value=\"\" type=\"text\" name=\"your-subject\" \/><\/span>\n<\/p>\n<p>\n<span class=\"wpcf7-form-control-wrap\" data-name=\"your-email\"><input size=\"40\" maxlength=\"400\" class=\"wpcf7-form-control wpcf7-email wpcf7-validates-as-required wpcf7-text wpcf7-validates-as-email\" aria-required=\"true\" aria-invalid=\"false\" placeholder=\"Adresse Email*\" value=\"\" type=\"email\" name=\"your-email\" \/><\/span>\n<\/p>\n<p>\n<span class=\"wpcf7-form-control-wrap\" data-name=\"your-message\"><textarea cols=\"40\" rows=\"5\" maxlength=\"2000\" class=\"wpcf7-form-control wpcf7-textarea wpcf7-validates-as-required\" aria-required=\"true\" aria-invalid=\"false\" placeholder=\"Votre Message*\" name=\"your-message\"><\/textarea><\/span>\n<\/p>\n<p><input class=\"wpcf7-form-control wpcf7-submit has-spinner\" type=\"submit\" value=\"Envoyer\" \/>\n<\/p>\n<p style=\"display: none !important;\" class=\"akismet-fields-container\" data-prefix=\"_wpcf7_ak_\"><label>&#916;<textarea name=\"_wpcf7_ak_hp_textarea\" cols=\"45\" rows=\"8\" maxlength=\"100\"><\/textarea><\/label><input type=\"hidden\" id=\"ak_js_1\" name=\"_wpcf7_ak_js\" value=\"203\"\/><script>document.getElementById( \"ak_js_1\" ).setAttribute( \"value\", ( new Date() ).getTime() );<\/script><\/p>\n<div class=\"wpcf7-response-output\" aria-hidden=\"true\"><\/div>\n<\/form>\n<\/div>\n<\/div>\n<\/div>\n<div class=\"sidebar_wrapper \">\n<div class=\"sidebar\">\n<div class=\"content\">\n<ul class=\"sidebar_widget\">\n<li id=\"grandspa_recent_posts-2\" class=\"widget grandspa_Recent_Posts\">\n<h2 class=\"widgettitle\"><span>Recent Posts<\/span><\/h2>\n<ul class=\"posts blog withthumb \">\n<li>\n<div class=\"post_circle_thumb\"><a href=\"https:\/\/levillagebalinais.com\/index.php\/2025\/08\/04\/massage-balinais-sensoriel-duo-couple-paris-septembre-octobre-2026\/\"><img decoding=\"async\" src=\"https:\/\/levillagebalinais.com\/wp-content\/uploads\/2023\/12\/Couples_massage-5664x3399-1-600x360-1-150x150.jpg\" alt=\"\" \/><\/a><\/div>\n<p><a href=\"https:\/\/levillagebalinais.com\/index.php\/2025\/08\/04\/massage-balinais-sensoriel-duo-couple-paris-septembre-octobre-2026\/\">MASSAGE BALINAIS SENSORIEL DUO\/COUPLE PARIS SEPTEMBRE OCTOBRE 2025<\/a><\/p>\n<div class=\"post_attribute\">4 ao\u00fbt 2025<\/div>\n<\/li>\n<li>\n<div class=\"post_circle_thumb\"><a href=\"https:\/\/levillagebalinais.com\/index.php\/2025\/07\/27\/calendrier-formation-sept-a-dec-2025-village-balinais-paris\/\"><img decoding=\"async\" src=\"https:\/\/levillagebalinais.com\/wp-content\/uploads\/2021\/02\/logo-Village-Balinais-Formation-150x150.png\" alt=\"\" \/><\/a><\/div>\n<p><a href=\"https:\/\/levillagebalinais.com\/index.php\/2025\/07\/27\/calendrier-formation-sept-a-dec-2025-village-balinais-paris\/\">Calendrier formation Sept \u00e0 Dec 2025 Village Balinais Paris<\/a><\/p>\n<div class=\"post_attribute\">27 juillet 2025<\/div>\n<\/li>\n<li>\n<div class=\"post_circle_thumb\"><a href=\"https:\/\/levillagebalinais.com\/index.php\/2025\/05\/22\/seances-de-massage-en-duo-a-paris-24-mai-2025-complet\/\"><img decoding=\"async\" src=\"https:\/\/levillagebalinais.com\/wp-content\/uploads\/2023\/12\/Couples_massage-5664x3399-1-600x360-1-150x150.jpg\" alt=\"\" \/><\/a><\/div>\n<p><a href=\"https:\/\/levillagebalinais.com\/index.php\/2025\/05\/22\/seances-de-massage-en-duo-a-paris-24-mai-2025-complet\/\">S\u00e9ances de massage  en duo \u00e0 Paris: 24 Mai 2025 complet!<\/a><\/p>\n<div class=\"post_attribute\">22 mai 2025<\/div>\n<\/li>\n<\/ul>\n<\/li>\n<li id=\"mc4wp_form_widget-3\" class=\"widget widget_mc4wp_form_widget\">\n<h2 class=\"widgettitle\"><span>Newsletter<\/span><\/h2>\n<p><script>(function() {\n\twindow.mc4wp = window.mc4wp || {\n\t\tlisteners: [],\n\t\tforms: {\n\t\t\ton: function(evt, cb) {\n\t\t\t\twindow.mc4wp.listeners.push(\n\t\t\t\t\t{\n\t\t\t\t\t\tevent   : evt,\n\t\t\t\t\t\tcallback: cb\n\t\t\t\t\t}\n\t\t\t\t);\n\t\t\t}\n\t\t}\n\t}\n})();\n<\/script><!-- Mailchimp for WordPress v4.11.1 - https:\/\/wordpress.org\/plugins\/mailchimp-for-wp\/ --><\/p>\n<form id=\"mc4wp-form-1\" class=\"mc4wp-form mc4wp-form-81\" method=\"post\" data-id=\"81\" data-name=\"S&#039;abonner \u00e0 notre Newsletter\" >\n<div class=\"mc4wp-form-fields\">\n<p>\n    <label>Adresse de courrier \u00e9lectronique<\/label><br \/>\n    <input type=\"email\" name=\"EMAIL\"\n    placeholder=\"Renseignez votre adresse e-mail\" required=\"\"><br \/>\n    <input type=\"submit\" value=\"Abonnez-vous\">\n<\/p>\n<\/div>\n<p><label style=\"display: none !important;\">Laissez ce champ vide si vous \u00eates humain\u00a0: <input type=\"text\" name=\"_mc4wp_honeypot\" value=\"\" tabindex=\"-1\" autocomplete=\"off\" \/><\/label><input type=\"hidden\" name=\"_mc4wp_timestamp\" value=\"1772458203\" \/><input type=\"hidden\" name=\"_mc4wp_form_id\" value=\"81\" \/><input type=\"hidden\" name=\"_mc4wp_form_element_id\" value=\"mc4wp-form-1\" \/><\/p>\n<div class=\"mc4wp-response\"><\/div>\n<\/form>\n<p><!-- \/ Mailchimp for WordPress Plugin --><\/li>\n<li id=\"grandspa_social_profiles_posts-2\" class=\"widget grandspa_Social_Profiles_Posts\">\n<h2 class=\"widgettitle\"><span>Follow Us On<\/span><\/h2>\n<div class=\"social_wrapper shortcode light small\">\n<ul>\n<li class=\"facebook\"><a target=\"_blank\" title=\"Facebook\" href=\"http:\/\/www.facebook.com\/levillagebalinais\/\"><i class=\"fa fa-facebook\"><\/i><\/a><\/li>\n<li class=\"youtube\"><a target=\"_blank\" title=\"Youtube\" href=\"https:\/\/www.youtube.com\/channel\/UCM3Eys_bmt16KWyEHOxR9LA\"><i class=\"fa fa-youtube\"><\/i><\/a><\/li>\n<li class=\"linkedin\"><a target=\"_blank\" title=\"Linkedin\" href=\"https:\/\/www.linkedin.com\/in\/ruth-indiathi-09607193\/\"><i class=\"fa fa-linkedin\"><\/i><\/a><\/li>\n<li class=\"instagram\"><a target=\"_blank\" title=\"Instagram\" href=\"https:\/\/instagram.com\/ruthindiathi\"><i class=\"fa fa-instagram\"><\/i><\/a><\/li>\n<\/ul>\n<\/div>\n<\/li>\n<\/ul>\n<\/div>\n<\/div>\n<\/div>\n<\/div>\n<\/div>\n<\/div>\n<\/div>\n<\/div>\n","protected":false},"excerpt":{"rendered":"<p>Certification Qualiopi Le Village Balinais Formation : Organisme de formation certifi\u00e9 QUALIOPI apr\u00e8s avoir \u00e9t\u00e9 audit\u00e9 par Certifopac. Certificat n\u00b0 237504501-1 .La certification qualit\u00e9 est d\u00e9livr\u00e9e \u00e0 Ruth Indiathi\u00ab Village Balinais Formation \u00bb au titre de la cat\u00e9gorie d\u2019actions suivantes [&hellip;]<\/p>\n","protected":false},"author":1,"featured_media":6090,"parent":3483,"menu_order":0,"comment_status":"closed","ping_status":"closed","template":"","meta":{"_monsterinsights_skip_tracking":false,"_monsterinsights_sitenote_active":false,"_monsterinsights_sitenote_note":"","_monsterinsights_sitenote_category":0,"footnotes":""},"class_list":["post-5781","page","type-page","status-publish","has-post-thumbnail","hentry"],"_links":{"self":[{"href":"https:\/\/levillagebalinais.com\/index.php\/wp-json\/wp\/v2\/pages\/5781","targetHints":{"allow":["GET"]}}],"collection":[{"href":"https:\/\/levillagebalinais.com\/index.php\/wp-json\/wp\/v2\/pages"}],"about":[{"href":"https:\/\/levillagebalinais.com\/index.php\/wp-json\/wp\/v2\/types\/page"}],"author":[{"embeddable":true,"href":"https:\/\/levillagebalinais.com\/index.php\/wp-json\/wp\/v2\/users\/1"}],"replies":[{"embeddable":true,"href":"https:\/\/levillagebalinais.com\/index.php\/wp-json\/wp\/v2\/comments?post=5781"}],"version-history":[{"count":55,"href":"https:\/\/levillagebalinais.com\/index.php\/wp-json\/wp\/v2\/pages\/5781\/revisions"}],"predecessor-version":[{"id":7324,"href":"https:\/\/levillagebalinais.com\/index.php\/wp-json\/wp\/v2\/pages\/5781\/revisions\/7324"}],"up":[{"embeddable":true,"href":"https:\/\/levillagebalinais.com\/index.php\/wp-json\/wp\/v2\/pages\/3483"}],"wp:featuredmedia":[{"embeddable":true,"href":"https:\/\/levillagebalinais.com\/index.php\/wp-json\/wp\/v2\/media\/6090"}],"wp:attachment":[{"href":"https:\/\/levillagebalinais.com\/index.php\/wp-json\/wp\/v2\/media?parent=5781"}],"curies":[{"name":"wp","href":"https:\/\/api.w.org\/{rel}","templated":true}]}}