{"id":5731,"date":"2021-05-26T11:08:53","date_gmt":"2021-05-26T09:08:53","guid":{"rendered":"https:\/\/levillagebalinais.com\/?page_id=5731"},"modified":"2021-05-26T11:16:01","modified_gmt":"2021-05-26T09:16:01","slug":"mentions-legales-cookies-et-qualite","status":"publish","type":"page","link":"https:\/\/levillagebalinais.com\/index.php\/mentions-legales-cookies-et-qualite\/","title":{"rendered":"Mentions L\u00e9gales, Cookies et Qualit\u00e9"},"content":{"rendered":"<div  class=\"one withsmallpadding ppb_text\" style=\"padding-bottom:0px !important;text-align:center;padding:60px 0 60px 0;\" >\n<div class=\"standard_wrapper\">\n<div class=\"page_content_wrapper wide\">\n<div class=\"inner\">\n<div style=\"margin:auto;width:100%\">\n<h1>Mentions L\u00e9gales, Cookies et Qualit\u00e9<\/h1>\n<\/div>\n<\/div>\n<\/div>\n<\/div>\n<\/div>\n<div class=\"standard_wrapper\">\n<div class=\"one withsmallpadding ppb_line_divider\"  style=\"text-align:center;padding:0px 0 0px 0;\" >\n<div class=\"page_content_wrapper wide\">\n<div class=\"inner\">\n<div class=\"line_divider_border\" style=\"width:100px;border-color:#e1e1e1;\"><\/div>\n<div class=\"line_divider_seperator\"><i class=\"fa fa-leaf\" style=\"color:#efa697;\"><\/i><\/div>\n<div class=\"line_divider_border\" style=\"width:100px;border-color:#e1e1e1;\"><\/div>\n<\/div>\n<\/div>\n<\/div>\n<\/div>\n<div  class=\"one withsmallpadding ppb_text\" style=\"text-align:center;padding:40px 0 40px 0;\" >\n<div class=\"standard_wrapper\">\n<div class=\"page_content_wrapper wide\">\n<div class=\"inner\">\n<div style=\"margin:auto;width:100%\">\n<h1><a href=\"https:\/\/levillagebalinais.com\/wp-content\/uploads\/2021\/05\/MENTIONS-LEGALES-ET-COOKIES-LVB.pdf\">T\u00e9l\u00e9charger nos Mentions L\u00e9gales, Cookies et Qualit\u00e9<\/a><\/h1>\n<\/div>\n<\/div>\n<\/div>\n<\/div>\n<\/div>\n","protected":false},"excerpt":{"rendered":"<p>Mentions L\u00e9gales, Cookies et Qualit\u00e9 T\u00e9l\u00e9charger nos Mentions L\u00e9gales, Cookies et Qualit\u00e9<\/p>\n","protected":false},"author":1,"featured_media":3083,"parent":0,"menu_order":0,"comment_status":"closed","ping_status":"closed","template":"","meta":{"_monsterinsights_skip_tracking":false,"_monsterinsights_sitenote_active":false,"_monsterinsights_sitenote_note":"","_monsterinsights_sitenote_category":0,"footnotes":""},"class_list":["post-5731","page","type-page","status-publish","has-post-thumbnail","hentry"],"_links":{"self":[{"href":"https:\/\/levillagebalinais.com\/index.php\/wp-json\/wp\/v2\/pages\/5731","targetHints":{"allow":["GET"]}}],"collection":[{"href":"https:\/\/levillagebalinais.com\/index.php\/wp-json\/wp\/v2\/pages"}],"about":[{"href":"https:\/\/levillagebalinais.com\/index.php\/wp-json\/wp\/v2\/types\/page"}],"author":[{"embeddable":true,"href":"https:\/\/levillagebalinais.com\/index.php\/wp-json\/wp\/v2\/users\/1"}],"replies":[{"embeddable":true,"href":"https:\/\/levillagebalinais.com\/index.php\/wp-json\/wp\/v2\/comments?post=5731"}],"version-history":[{"count":3,"href":"https:\/\/levillagebalinais.com\/index.php\/wp-json\/wp\/v2\/pages\/5731\/revisions"}],"predecessor-version":[{"id":5737,"href":"https:\/\/levillagebalinais.com\/index.php\/wp-json\/wp\/v2\/pages\/5731\/revisions\/5737"}],"wp:featuredmedia":[{"embeddable":true,"href":"https:\/\/levillagebalinais.com\/index.php\/wp-json\/wp\/v2\/media\/3083"}],"wp:attachment":[{"href":"https:\/\/levillagebalinais.com\/index.php\/wp-json\/wp\/v2\/media?parent=5731"}],"curies":[{"name":"wp","href":"https:\/\/api.w.org\/{rel}","templated":true}]}}