{"id":5353,"date":"2021-03-03T14:57:11","date_gmt":"2021-03-03T13:57:11","guid":{"rendered":"https:\/\/levillagebalinais.com\/?page_id=5353"},"modified":"2026-03-07T08:53:03","modified_gmt":"2026-03-07T07:53:03","slug":"calendrier","status":"publish","type":"page","link":"https:\/\/levillagebalinais.com\/index.php\/ecole-massage\/calendrier\/","title":{"rendered":"Calendrier"},"content":{"rendered":"<div  class=\"one withsmallpadding ppb_text\" style=\"padding-bottom:0px !important;text-align:center;padding:60px 0 60px 0;\" >\n<div class=\"standard_wrapper\">\n<div class=\"page_content_wrapper wide\">\n<div class=\"inner\">\n<div style=\"margin:auto;width:100%\">\n<h1>Nos prochaines formations<\/h1>\n<\/div>\n<\/div>\n<\/div>\n<\/div>\n<\/div>\n<div class=\"standard_wrapper\">\n<div class=\"one withsmallpadding ppb_line_divider\"  style=\"text-align:center;padding:0px 0 0px 0;\" >\n<div class=\"page_content_wrapper wide\">\n<div class=\"inner\">\n<div class=\"line_divider_border\" style=\"width:100px;border-color:#e1e1e1;\"><\/div>\n<div class=\"line_divider_seperator\"><i class=\"fa fa-leaf\" style=\"color:#efa697;\"><\/i><\/div>\n<div class=\"line_divider_border\" style=\"width:100px;border-color:#e1e1e1;\"><\/div>\n<\/div>\n<\/div>\n<\/div>\n<\/div>\n<div class=\"divider one\">&nbsp;<\/div>\n<div class=\"standard_wrapper\">\n<div  class=\"ppb_image_boxed one\" style=\"color:undefined;\" >\n<div class=\"page_content_wrapper wide\">\n<div class=\"inner\">\n<div class=\"image_boxed_wrapper theme_radius\" style=\"text-align:center;>background-color:undefined;\u00a0\u00bb><img decoding=\"async\" src=\"https:\/\/levillagebalinais.com\/wp-content\/uploads\/2021\/02\/SITE-VB-RETRAITE-ET-SPA-EE.jpg\" alt=\"\"\/><\/p>\n<div class=\"image_boxed_content\" style=\"padding:40px;\">\n<h3><a href=\"https:\/\/levillagebalinais.com\/index.php\/ecole-massage\/immersion-a-bali\/\">Formation en immersion \u00e0 Bali <\/a><\/h3>\n<p><b>2026<\/b><br \/>\n<b>D\u00e9veloppement du praticien, formateur, professionnel, renforcement du  positionnement apaisant par immersion \u00e0 Java et Bali  en Indon\u00e9sie. <\/b><\/p>\n<ul>\nUne proposition rare et n\u00e9cessaire pour les professionnelles qui visent la d\u00e9tente profonde du corps et de l&rsquo;esprit de leurs clients.<br \/>\nCursus cr\u00e9\u00e9e, anim\u00e9e et guid\u00e9e par Ruth Indiathi qui combine expertise des besoins en massage, connaissance profonde de l\u2019Indon\u00e9sie, immersion dans la vie locale, m\u00e9thode unique d\u2019enseignement et un circuit de d\u00e9couverte bas\u00e9 sur les coups de c\u0153ur de Ruth,  s\u00e9curis\u00e9 en petit groupe que vous ne trouverez nul par ailleurs\u2026<\/p>\n<p><strong><em>Cursus H\u00e9ritage d\u2019Indon\u00e9sie 2026 : Retour aux racines ! <\/strong><\/em><\/p>\n<p><em><strong>Dates : 22 Juin au 9 Juillet   2026<\/strong><\/em> : 18 jours, 17 nuit\u00e9es, 9jours de formation intense au massage balinais corps, pijat kepala cr\u00e2nien.<br \/>\n<em> Temps forts : Immersion en Indon\u00e9sie sur 2 iles Java et Bali, immersion dans la vie quotidienne familiale \u00e0 Java loin du tourisme de masse durant la formation, m\u00e9ditation au Borobudur, temple class\u00e9 au patrimoine mondial de l\u2019UNESCO,  d\u00e9veloppement personnel du praticien : cours de Yoga, danse, relaxation et d\u00e9couverte de temples et rituel Melukat \u00e0 Bali.<\/em><br \/>\n<em> Tarif :<\/em><br \/>\nStagiaire, chambre individuelle : 3960 \u20ac<br \/>\nStagiaires, chambre partag\u00e9e :  3770\u20ac\/ pers<br \/>\nAccompagnant :  2770\u20ac\n<\/ul>\n<p><a class=\"readmore\" href=\"https:\/\/levillagebalinais.com\/index.php\/ecole-massage\/immersion-a-bali\/\">Plus d&rsquo;informations<\/a><\/p>\n<\/div>\n<\/div>\n<\/div>\n<\/div>\n<\/div>\n<\/div>\n<div class=\"standard_wrapper\">\n<div class=\"one withsmallpadding ppb_line_divider\"  style=\"text-align:center;padding:0px 0 0px 0;\" >\n<div class=\"page_content_wrapper wide\">\n<div class=\"inner\">\n<div class=\"line_divider_border\" style=\"width:100px;border-color:#e1e1e1;\"><\/div>\n<div class=\"line_divider_seperator\"><i class=\"fa fa-leaf\" style=\"color:#efa697;\"><\/i><\/div>\n<div class=\"line_divider_border\" style=\"width:100px;border-color:#e1e1e1;\"><\/div>\n<\/div>\n<\/div>\n<\/div>\n<\/div>\n<div class=\"standard_wrapper\">\n<div  class=\"ppb_image_boxed one_third\" style=\"color:undefined;\" >\n<div class=\"page_content_wrapper wide\">\n<div class=\"inner\">\n<div class=\"image_boxed_wrapper theme_radius\" style=\"text-align:center;>background-color:undefined;\u00a0\u00bb><img decoding=\"async\" src=\"https:\/\/levillagebalinais.com\/wp-content\/uploads\/2021\/02\/3-2-massage-ballinais-Pijat-Bali-3-JPG-scaled.jpg\" alt=\"\"\/><\/p>\n<div class=\"image_boxed_content\" style=\"padding:40px;\">\n<h3>Pijat Bali 1&#038;2<\/h3>\n<p><b>2026<\/b><br \/>\nDu 6 au 9 Avril<br \/>\nDu 28 Sept au 1er Oct<br \/>\nDu 7 au 10 Decembre<\/p>\n<p><a class=\"readmore\" href=\"https:\/\/levillagebalinais.com\/index.php\/ecole-massage\/pijat-bali\/niveau-1-2\/\">Plus d&rsquo;informations<\/a><\/p>\n<\/div>\n<\/div>\n<\/div>\n<\/div>\n<\/div>\n<\/div>\n<div class=\"standard_wrapper\">\n<div  class=\"ppb_image_boxed one_third\" style=\"color:undefined;\" >\n<div class=\"page_content_wrapper wide\">\n<div class=\"inner\">\n<div class=\"image_boxed_wrapper theme_radius\" style=\"text-align:center;>background-color:undefined;\u00a0\u00bb><img decoding=\"async\" src=\"https:\/\/levillagebalinais.com\/wp-content\/uploads\/2021\/02\/12-min-scaled.jpg\" alt=\"\"\/><\/p>\n<div class=\"image_boxed_content\" style=\"padding:40px;\">\n<h3>Pijat Bali 3<\/h3>\n<p><b>2026<\/b><br \/>\nDu 23 au 24 Mars<br \/>\nDu 16 au 17 Septembre<\/p>\n<p><a class=\"readmore\" href=\"https:\/\/levillagebalinais.com\/index.php\/ecole-massage\/pijat-bali\/niveau-3\/\">Plus d&rsquo;informations<\/a><\/p>\n<\/div>\n<\/div>\n<\/div>\n<\/div>\n<\/div>\n<\/div>\n<div class=\"standard_wrapper\">\n<div  class=\"ppb_image_boxed one_third last\" style=\"color:undefined;\" >\n<div class=\"page_content_wrapper wide\">\n<div class=\"inner\">\n<div class=\"image_boxed_wrapper theme_radius\" style=\"text-align:center;>background-color:undefined;\u00a0\u00bb><img decoding=\"async\" src=\"https:\/\/levillagebalinais.com\/wp-content\/uploads\/2021\/02\/PB4-SITE-PRESENTATION-1--scaled.jpg\" alt=\"\"\/><\/p>\n<div class=\"image_boxed_content\" style=\"padding:40px;\">\n<h3>Pijat Bali 4<\/h3>\n<p><b>2026<\/b><br \/>\nDu 9 au 11 Mars<br \/>\nDu 19 au 21 Octobre<\/p>\n<p><a class=\"readmore\" href=\"https:\/\/levillagebalinais.com\/index.php\/ecole-massage\/pijat-bali\/niveau-4\/\">Plus d&rsquo;informations<\/a><\/p>\n<\/div>\n<\/div>\n<\/div>\n<\/div>\n<\/div>\n<\/div>\n<div class=\"standard_wrapper\">\n<div class=\"one withsmallpadding ppb_line_divider\"  style=\"text-align:center;padding:0px 0 0px 0;\" >\n<div class=\"page_content_wrapper wide\">\n<div class=\"inner\">\n<div class=\"line_divider_border\" style=\"width:100px;border-color:#e1e1e1;\"><\/div>\n<div class=\"line_divider_seperator\"><i class=\"fa fa-leaf\" style=\"color:#efa697;\"><\/i><\/div>\n<div class=\"line_divider_border\" style=\"width:100px;border-color:#e1e1e1;\"><\/div>\n<\/div>\n<\/div>\n<\/div>\n<\/div>\n<div class=\"standard_wrapper\">\n<div  class=\"ppb_image_boxed one_third\" style=\"\" >\n<div class=\"page_content_wrapper wide\">\n<div class=\"inner\">\n<div class=\"image_boxed_wrapper theme_radius\" style=\"text-align:center;>\u00ab\u00a0><img decoding=\"async\" src=\"https:\/\/levillagebalinais.com\/wp-content\/uploads\/2020\/10\/3-MUKA-.jpg\" alt=\"\"\/><\/p>\n<div class=\"image_boxed_content\" style=\"padding:30px;\">\n<h3>Muka Visage<\/h3>\n<p><b>2026<\/b><br \/>\nDu 16 au 17 Mars<br \/>\nDu 8 au 9 Juin<br \/>\nDu 12 au 13 Octobre<\/p>\n<p><a class=\"readmore\" href=\"https:\/\/levillagebalinais.com\/index.php\/ecole-massage\/muka-visage\/\">Plus d&rsquo;informations<\/a><\/p>\n<\/div>\n<\/div>\n<\/div>\n<\/div>\n<\/div>\n<\/div>\n<div class=\"standard_wrapper\">\n<div  class=\"ppb_image_boxed one_third\" style=\"\" >\n<div class=\"page_content_wrapper wide\">\n<div class=\"inner\">\n<div class=\"image_boxed_wrapper theme_radius\" style=\"text-align:center;>\u00ab\u00a0><img decoding=\"async\" src=\"https:\/\/levillagebalinais.com\/wp-content\/uploads\/2021\/03\/MG_1263-scaled.jpg\" alt=\"Pijat kepala ruth indiathi\"\/><\/p>\n<div class=\"image_boxed_content\" style=\"padding:30px;\">\n<h3>Pijat Kepala<\/h3>\n<p><b>2026<\/b><br \/>\nDu 11 au 12 Mai<br \/>\nDu 21 au 22 Septembre<br \/>\nDu 30 nov au 1er d\u00e9c<\/p>\n<p><a class=\"readmore\" href=\"https:\/\/levillagebalinais.com\/index.php\/ecole-massage\/pijat-kepala-cranien\/\">Plus d&rsquo;informations<\/a><\/p>\n<\/div>\n<\/div>\n<\/div>\n<\/div>\n<\/div>\n<\/div>\n<div class=\"standard_wrapper\">\n<div  class=\"ppb_image_boxed one_third last\" style=\"\" >\n<div class=\"page_content_wrapper wide\">\n<div class=\"inner\">\n<div class=\"image_boxed_wrapper theme_radius\" style=\"text-align:center;>\u00ab\u00a0><img decoding=\"async\" src=\"https:\/\/levillagebalinais.com\/wp-content\/uploads\/2020\/10\/7-PIJAT-BALI-PRENATAL_n.jpg\" alt=\"\"\/><\/p>\n<div class=\"image_boxed_content\" style=\"padding:30px;\">\n<h3>Pijat Bali pr\u00e9natal Douceur Maternelle<\/h3>\n<p><b>2026<\/b><br \/>\nDu 20 au 22 Avril<br \/>\nDu 15 au 17 Juin<br \/>\nDu 2 au 4 Novembre<\/p>\n<p><a class=\"readmore\" href=\"https:\/\/levillagebalinais.com\/index.php\/ecole-massage\/pijat-bali-prenatal\/\">Plus d&rsquo;informations<\/a><\/p>\n<\/div>\n<\/div>\n<\/div>\n<\/div>\n<\/div>\n<\/div>\n<div class=\"standard_wrapper\">\n<div class=\"one withsmallpadding ppb_line_divider\"  style=\"text-align:center;padding:0px 0 0px 0;\" >\n<div class=\"page_content_wrapper wide\">\n<div class=\"inner\">\n<div class=\"line_divider_border\" style=\"width:100px;border-color:#e1e1e1;\"><\/div>\n<div class=\"line_divider_seperator\"><i class=\"fa fa-leaf\" style=\"color:#efa697;\"><\/i><\/div>\n<div class=\"line_divider_border\" style=\"width:100px;border-color:#e1e1e1;\"><\/div>\n<\/div>\n<\/div>\n<\/div>\n<\/div>\n<div class=\"standard_wrapper\">\n<div  class=\"ppb_image_boxed one_third\" style=\"\" >\n<div class=\"page_content_wrapper wide\">\n<div class=\"inner\">\n<div class=\"image_boxed_wrapper theme_radius\" style=\"text-align:center;>\u00ab\u00a0><img decoding=\"async\" src=\"https:\/\/levillagebalinais.com\/wp-content\/uploads\/2020\/10\/4-PB-VENTRE-scaled.jpg\" alt=\"\"\/><\/p>\n<div class=\"image_boxed_content\" style=\"padding:30px;\">\n<h3>Pijat Bali Ventre<\/h3>\n<p><b>2026<\/b><br \/>\n18&#038;19 Mai<br \/>\n26&#038;27 Octobre<br \/>\n14&#038;15 D\u00e9cembre<\/p>\n<p><a class=\"readmore\" href=\"https:\/\/levillagebalinais.com\/index.php\/ecole-massage\/pijat-bali-ventre\/\">Plus d&rsquo;informations<\/a><\/p>\n<\/div>\n<\/div>\n<\/div>\n<\/div>\n<\/div>\n<\/div>\n<div class=\"standard_wrapper\">\n<div  class=\"ppb_image_boxed one_third\" style=\"\" >\n<div class=\"page_content_wrapper wide\">\n<div class=\"inner\">\n<div class=\"image_boxed_wrapper theme_radius\" style=\"text-align:center;>\u00ab\u00a0><img decoding=\"async\" src=\"https:\/\/levillagebalinais.com\/wp-content\/uploads\/2020\/10\/8-PIERRES-VOLCANIQUES--scaled.jpeg\" alt=\"\"\/><\/p>\n<div class=\"image_boxed_content\" style=\"padding:30px;\">\n<h3>Rituel Pierres Volcaniques<\/h3>\n<p><b>2026<\/b><br \/>\nDu 4 au 6 Mai<br \/>\nDu 16 au 17 Novembre<\/p>\n<p><a class=\"readmore\" href=\"https:\/\/levillagebalinais.com\/index.php\/ecole-massage\/pijat-bali-aux-pierres-chaudes\/\">Plus d&rsquo;informations<\/a><\/p>\n<\/div>\n<\/div>\n<\/div>\n<\/div>\n<\/div>\n<\/div>\n<div class=\"standard_wrapper\">\n<div  class=\"ppb_image_boxed one_third last\" style=\"\" >\n<div class=\"page_content_wrapper wide\">\n<div class=\"inner\">\n<div class=\"image_boxed_wrapper theme_radius\" style=\"text-align:center;>\u00ab\u00a0><img decoding=\"async\" src=\"https:\/\/levillagebalinais.com\/wp-content\/uploads\/2020\/10\/5-REFLEXOLOGIE-PLANTAIRE-BALINAISE-scaled.jpeg\" alt=\"\"\/><\/p>\n<div class=\"image_boxed_content\" style=\"padding:30px;\">\n<h3>R\u00e9flexologie Plantaire Balinaise<\/h3>\n<p><b>2026<\/b><br \/>\nDu 1 au 2 Avril<br \/>\nDu 1 au 2 Juin<br \/>\nDu 9 au 10 Novembre<\/p>\n<p><a class=\"readmore\" href=\"https:\/\/levillagebalinais.com\/index.php\/ecole-massage\/reflexologie-plantaire\/\">Plus d&rsquo;informations<\/a><\/p>\n<\/div>\n<\/div>\n<\/div>\n<\/div>\n<\/div>\n<\/div>\n<div class=\"standard_wrapper\">\n<div class=\"one withsmallpadding ppb_line_divider\"  style=\"text-align:center;padding:0px 0 0px 0;\" >\n<div class=\"page_content_wrapper wide\">\n<div class=\"inner\">\n<div class=\"line_divider_border\" style=\"width:100px;border-color:#e1e1e1;\"><\/div>\n<div class=\"line_divider_seperator\"><i class=\"fa fa-leaf\" style=\"color:#efa697;\"><\/i><\/div>\n<div class=\"line_divider_border\" style=\"width:100px;border-color:#e1e1e1;\"><\/div>\n<\/div>\n<\/div>\n<\/div>\n<\/div>\n<div class=\"standard_wrapper\">\n<div  class=\"ppb_image_boxed one_third\" style=\"\" >\n<div class=\"page_content_wrapper wide\">\n<div class=\"inner\">\n<div class=\"image_boxed_wrapper theme_radius\" style=\"text-align:center;>\u00ab\u00a0><img decoding=\"async\" src=\"https:\/\/levillagebalinais.com\/wp-content\/uploads\/2020\/10\/6-REFLEXOLOGIE-PALMAIRE-n-e1603554032345.jpg\" alt=\"\"\/><\/p>\n<div class=\"image_boxed_content\" style=\"padding:30px;\">\n<h3>R\u00e9flexologie Palmaire Balinaise<\/h3>\n<p><b>2026<\/b><br \/>\n18 Mars<br \/>\n10 Juin<br \/>\n23 Septembre<br \/>\n2 D\u00e9cembre<\/p>\n<p><a class=\"readmore\" href=\"https:\/\/levillagebalinais.com\/index.php\/ecole-massage\/reflexologie-palmaire\/\">Plus d&rsquo;informations<\/a><\/p>\n<\/div>\n<\/div>\n<\/div>\n<\/div>\n<\/div>\n<\/div>\n<div class=\"standard_wrapper\">\n<div  class=\"ppb_image_boxed one_third\" style=\"\" >\n<div class=\"page_content_wrapper wide\">\n<div class=\"inner\">\n<div class=\"image_boxed_wrapper theme_radius\" style=\"text-align:center;>\u00ab\u00a0><img decoding=\"async\" src=\"https:\/\/levillagebalinais.com\/wp-content\/uploads\/2021\/02\/3-11-AMMA-ASSIS--rotated.jpg\" alt=\"\"\/><\/p>\n<div class=\"image_boxed_content\" style=\"padding:30px;\">\n<h3>Amma Assis Balinais<\/h3>\n<p><b>2026<\/b><br \/>\nDu 27 au 29 Avril<br \/>\nDU 23 au 25 Novembre<\/p>\n<p><a class=\"readmore\" href=\"https:\/\/levillagebalinais.com\/index.php\/ecole-massage\/amma-assis\/\">Plus d&rsquo;informations<\/a><\/p>\n<\/div>\n<\/div>\n<\/div>\n<\/div>\n<\/div>\n<\/div>\n<div class=\"standard_wrapper\">\n<div  class=\"ppb_image_boxed one_third last\" style=\"\" >\n<div class=\"page_content_wrapper wide\">\n<div class=\"inner\">\n<div class=\"image_boxed_wrapper theme_radius\" style=\"text-align:center;>\u00ab\u00a0><img decoding=\"async\" src=\"https:\/\/levillagebalinais.com\/wp-content\/uploads\/2021\/03\/fj.jpg\" alt=\"\"\/><\/p>\n<div class=\"image_boxed_content\" style=\"padding:30px;\">\n<h3>Bali Jamu<\/h3>\n<p><b>2026<\/b><br \/>\nEn immersion dans le Cursus H\u00e9ritage d&rsquo;Indon\u00e9sie 2026<\/p>\n<p><a class=\"readmore\" href=\"https:\/\/levillagebalinais.com\/index.php\/ecole-massage\/bali-jamu\/\">Plus d&rsquo;informations<\/a><\/p>\n<\/div>\n<\/div>\n<\/div>\n<\/div>\n<\/div>\n<\/div>\n<div class=\"divider one\">&nbsp;<\/div>\n<div class=\"standard_wrapper\">\n<div  class=\"ppb_contact_sidebar one withsmallpadding\" style=\"padding:40px 0 40px 0;\" >\n<div class=\"page_content_wrapper wide\">\n<div class=\"inner\">\n<div class=\"inner_wrapper\">\n<div class=\"sidebar_content \">\n<h2 class=\"ppb_title\">Contact<\/h2>\n<div class=\"contact_form7_wrapper\">\n<div class=\"wpcf7 no-js\" id=\"wpcf7-f5-o1\" lang=\"en-US\" dir=\"ltr\" data-wpcf7-id=\"5\">\n<div class=\"screen-reader-response\">\n<p role=\"status\" aria-live=\"polite\" aria-atomic=\"true\">\n<ul><\/ul>\n<\/div>\n<form action=\"\/wp-admin\/post.php#wpcf7-f5-o1\" method=\"post\" class=\"wpcf7-form init\" aria-label=\"Contact form\" novalidate=\"novalidate\" data-status=\"init\">\n<fieldset class=\"hidden-fields-container\"><input type=\"hidden\" name=\"_wpcf7\" value=\"5\" \/><input type=\"hidden\" name=\"_wpcf7_version\" value=\"6.1.5\" \/><input type=\"hidden\" name=\"_wpcf7_locale\" value=\"en_US\" \/><input type=\"hidden\" name=\"_wpcf7_unit_tag\" value=\"wpcf7-f5-o1\" \/><input type=\"hidden\" name=\"_wpcf7_container_post\" value=\"0\" \/><input type=\"hidden\" name=\"_wpcf7_posted_data_hash\" value=\"\" \/><input type=\"hidden\" name=\"_wpcf7_recaptcha_response\" value=\"\" \/><br \/>\n<\/fieldset>\n<p>\n<span class=\"wpcf7-form-control-wrap\" data-name=\"your-name\"><input size=\"40\" maxlength=\"400\" class=\"wpcf7-form-control wpcf7-text wpcf7-validates-as-required\" aria-required=\"true\" aria-invalid=\"false\" placeholder=\"Nom\/Pr\u00e9nom*\" value=\"\" type=\"text\" name=\"your-name\" \/><\/span>\n<\/p>\n<p>\n<span class=\"wpcf7-form-control-wrap\" data-name=\"your-subject\"><input size=\"40\" maxlength=\"400\" class=\"wpcf7-form-control wpcf7-text wpcf7-validates-as-required\" aria-required=\"true\" aria-invalid=\"false\" placeholder=\"Sujet*\" value=\"\" type=\"text\" name=\"your-subject\" \/><\/span>\n<\/p>\n<p>\n<span class=\"wpcf7-form-control-wrap\" data-name=\"your-email\"><input size=\"40\" maxlength=\"400\" class=\"wpcf7-form-control wpcf7-email wpcf7-validates-as-required wpcf7-text wpcf7-validates-as-email\" aria-required=\"true\" aria-invalid=\"false\" placeholder=\"Adresse Email*\" value=\"\" type=\"email\" name=\"your-email\" \/><\/span>\n<\/p>\n<p>\n<span class=\"wpcf7-form-control-wrap\" data-name=\"your-message\"><textarea cols=\"40\" rows=\"5\" maxlength=\"2000\" class=\"wpcf7-form-control wpcf7-textarea wpcf7-validates-as-required\" aria-required=\"true\" aria-invalid=\"false\" placeholder=\"Votre Message*\" name=\"your-message\"><\/textarea><\/span>\n<\/p>\n<p><input class=\"wpcf7-form-control wpcf7-submit has-spinner\" type=\"submit\" value=\"Envoyer\" \/>\n<\/p>\n<p style=\"display: none !important;\" class=\"akismet-fields-container\" data-prefix=\"_wpcf7_ak_\"><label>&#916;<textarea name=\"_wpcf7_ak_hp_textarea\" cols=\"45\" rows=\"8\" maxlength=\"100\"><\/textarea><\/label><input type=\"hidden\" id=\"ak_js_1\" name=\"_wpcf7_ak_js\" value=\"245\"\/><script>document.getElementById( \"ak_js_1\" ).setAttribute( \"value\", ( new Date() ).getTime() );<\/script><\/p>\n<div class=\"wpcf7-response-output\" aria-hidden=\"true\"><\/div>\n<\/form>\n<\/div>\n<\/div>\n<\/div>\n<div class=\"sidebar_wrapper \">\n<div class=\"sidebar\">\n<div class=\"content\">\n<ul class=\"sidebar_widget\">\n<li id=\"grandspa_recent_posts-2\" class=\"widget grandspa_Recent_Posts\">\n<h2 class=\"widgettitle\"><span>Recent Posts<\/span><\/h2>\n<ul class=\"posts blog withthumb \">\n<li>\n<div class=\"post_circle_thumb\"><a href=\"https:\/\/levillagebalinais.com\/index.php\/2025\/08\/04\/massage-balinais-sensoriel-duo-couple-paris-septembre-octobre-2026\/\"><img decoding=\"async\" src=\"https:\/\/levillagebalinais.com\/wp-content\/uploads\/2023\/12\/Couples_massage-5664x3399-1-600x360-1-150x150.jpg\" alt=\"\" \/><\/a><\/div>\n<p><a href=\"https:\/\/levillagebalinais.com\/index.php\/2025\/08\/04\/massage-balinais-sensoriel-duo-couple-paris-septembre-octobre-2026\/\">MASSAGE BALINAIS SENSORIEL DUO\/COUPLE PARIS SEPTEMBRE OCTOBRE 2025<\/a><\/p>\n<div class=\"post_attribute\">4 ao\u00fbt 2025<\/div>\n<\/li>\n<li>\n<div class=\"post_circle_thumb\"><a href=\"https:\/\/levillagebalinais.com\/index.php\/2025\/07\/27\/calendrier-formation-sept-a-dec-2025-village-balinais-paris\/\"><img decoding=\"async\" src=\"https:\/\/levillagebalinais.com\/wp-content\/uploads\/2021\/02\/logo-Village-Balinais-Formation-150x150.png\" alt=\"\" \/><\/a><\/div>\n<p><a href=\"https:\/\/levillagebalinais.com\/index.php\/2025\/07\/27\/calendrier-formation-sept-a-dec-2025-village-balinais-paris\/\">Calendrier formation Sept \u00e0 Dec 2025 Village Balinais Paris<\/a><\/p>\n<div class=\"post_attribute\">27 juillet 2025<\/div>\n<\/li>\n<li>\n<div class=\"post_circle_thumb\"><a href=\"https:\/\/levillagebalinais.com\/index.php\/2025\/05\/22\/seances-de-massage-en-duo-a-paris-24-mai-2025-complet\/\"><img decoding=\"async\" src=\"https:\/\/levillagebalinais.com\/wp-content\/uploads\/2023\/12\/Couples_massage-5664x3399-1-600x360-1-150x150.jpg\" alt=\"\" \/><\/a><\/div>\n<p><a href=\"https:\/\/levillagebalinais.com\/index.php\/2025\/05\/22\/seances-de-massage-en-duo-a-paris-24-mai-2025-complet\/\">S\u00e9ances de massage  en duo \u00e0 Paris: 24 Mai 2025 complet!<\/a><\/p>\n<div class=\"post_attribute\">22 mai 2025<\/div>\n<\/li>\n<\/ul>\n<\/li>\n<li id=\"mc4wp_form_widget-3\" class=\"widget widget_mc4wp_form_widget\">\n<h2 class=\"widgettitle\"><span>Newsletter<\/span><\/h2>\n<p><script>(function() {\n\twindow.mc4wp = window.mc4wp || {\n\t\tlisteners: [],\n\t\tforms: {\n\t\t\ton: function(evt, cb) {\n\t\t\t\twindow.mc4wp.listeners.push(\n\t\t\t\t\t{\n\t\t\t\t\t\tevent   : evt,\n\t\t\t\t\t\tcallback: cb\n\t\t\t\t\t}\n\t\t\t\t);\n\t\t\t}\n\t\t}\n\t}\n})();\n<\/script><!-- Mailchimp for WordPress v4.11.1 - https:\/\/wordpress.org\/plugins\/mailchimp-for-wp\/ --><\/p>\n<form id=\"mc4wp-form-1\" class=\"mc4wp-form mc4wp-form-81\" method=\"post\" data-id=\"81\" data-name=\"S&#039;abonner \u00e0 notre Newsletter\" >\n<div class=\"mc4wp-form-fields\">\n<p>\n    <label>Adresse de courrier \u00e9lectronique<\/label><br \/>\n    <input type=\"email\" name=\"EMAIL\"\n    placeholder=\"Renseignez votre adresse e-mail\" required=\"\"><br \/>\n    <input type=\"submit\" value=\"Abonnez-vous\">\n<\/p>\n<\/div>\n<p><label style=\"display: none !important;\">Laissez ce champ vide si vous \u00eates humain\u00a0: <input type=\"text\" name=\"_mc4wp_honeypot\" value=\"\" tabindex=\"-1\" autocomplete=\"off\" \/><\/label><input type=\"hidden\" name=\"_mc4wp_timestamp\" value=\"1772869983\" \/><input type=\"hidden\" name=\"_mc4wp_form_id\" value=\"81\" \/><input type=\"hidden\" name=\"_mc4wp_form_element_id\" value=\"mc4wp-form-1\" \/><\/p>\n<div class=\"mc4wp-response\"><\/div>\n<\/form>\n<p><!-- \/ Mailchimp for WordPress Plugin --><\/li>\n<li id=\"grandspa_social_profiles_posts-2\" class=\"widget grandspa_Social_Profiles_Posts\">\n<h2 class=\"widgettitle\"><span>Follow Us On<\/span><\/h2>\n<div class=\"social_wrapper shortcode light small\">\n<ul>\n<li class=\"facebook\"><a target=\"_blank\" title=\"Facebook\" href=\"http:\/\/www.facebook.com\/levillagebalinais\/\"><i class=\"fa fa-facebook\"><\/i><\/a><\/li>\n<li class=\"youtube\"><a target=\"_blank\" title=\"Youtube\" href=\"https:\/\/www.youtube.com\/channel\/UCM3Eys_bmt16KWyEHOxR9LA\"><i class=\"fa fa-youtube\"><\/i><\/a><\/li>\n<li class=\"linkedin\"><a target=\"_blank\" title=\"Linkedin\" href=\"https:\/\/www.linkedin.com\/in\/ruth-indiathi-09607193\/\"><i class=\"fa fa-linkedin\"><\/i><\/a><\/li>\n<li class=\"instagram\"><a target=\"_blank\" title=\"Instagram\" href=\"https:\/\/instagram.com\/ruthindiathi\"><i class=\"fa fa-instagram\"><\/i><\/a><\/li>\n<\/ul>\n<\/div>\n<\/li>\n<\/ul>\n<\/div>\n<\/div>\n<\/div>\n<\/div>\n<\/div>\n<\/div>\n<\/div>\n<\/div>\n","protected":false},"excerpt":{"rendered":"<p>Nos prochaines formations &nbsp; background-color:undefined;\u00a0\u00bb> Pijat Bali 1&#038;2 2026 Du 6 au 9 Avril Du 28 Sept au 1er Oct Du 7 au 10 Decembre Plus d&rsquo;informations background-color:undefined;\u00a0\u00bb> Pijat Bali 4 2026 Du 9 au 11 Mars Du 19 au [&hellip;]<\/p>\n","protected":false},"author":1,"featured_media":3078,"parent":3483,"menu_order":0,"comment_status":"closed","ping_status":"closed","template":"","meta":{"_monsterinsights_skip_tracking":false,"_monsterinsights_sitenote_active":false,"_monsterinsights_sitenote_note":"","_monsterinsights_sitenote_category":0,"footnotes":""},"class_list":["post-5353","page","type-page","status-publish","has-post-thumbnail","hentry"],"_links":{"self":[{"href":"https:\/\/levillagebalinais.com\/index.php\/wp-json\/wp\/v2\/pages\/5353","targetHints":{"allow":["GET"]}}],"collection":[{"href":"https:\/\/levillagebalinais.com\/index.php\/wp-json\/wp\/v2\/pages"}],"about":[{"href":"https:\/\/levillagebalinais.com\/index.php\/wp-json\/wp\/v2\/types\/page"}],"author":[{"embeddable":true,"href":"https:\/\/levillagebalinais.com\/index.php\/wp-json\/wp\/v2\/users\/1"}],"replies":[{"embeddable":true,"href":"https:\/\/levillagebalinais.com\/index.php\/wp-json\/wp\/v2\/comments?post=5353"}],"version-history":[{"count":376,"href":"https:\/\/levillagebalinais.com\/index.php\/wp-json\/wp\/v2\/pages\/5353\/revisions"}],"predecessor-version":[{"id":7340,"href":"https:\/\/levillagebalinais.com\/index.php\/wp-json\/wp\/v2\/pages\/5353\/revisions\/7340"}],"up":[{"embeddable":true,"href":"https:\/\/levillagebalinais.com\/index.php\/wp-json\/wp\/v2\/pages\/3483"}],"wp:featuredmedia":[{"embeddable":true,"href":"https:\/\/levillagebalinais.com\/index.php\/wp-json\/wp\/v2\/media\/3078"}],"wp:attachment":[{"href":"https:\/\/levillagebalinais.com\/index.php\/wp-json\/wp\/v2\/media?parent=5353"}],"curies":[{"name":"wp","href":"https:\/\/api.w.org\/{rel}","templated":true}]}}