{"id":5105,"date":"2021-02-17T17:26:29","date_gmt":"2021-02-17T16:26:29","guid":{"rendered":"https:\/\/levillagebalinais.com\/?page_id=5105"},"modified":"2024-01-10T13:15:00","modified_gmt":"2024-01-10T12:15:00","slug":"muka-visage","status":"publish","type":"page","link":"https:\/\/levillagebalinais.com\/index.php\/ecole-massage\/muka-visage\/","title":{"rendered":"Muka Visage"},"content":{"rendered":"<div  class=\"one withsmallpadding ppb_text\" style=\"padding-bottom:0px !important;text-align:center;padding:60px 0 60px 0;\" >\n<div class=\"standard_wrapper\">\n<div class=\"page_content_wrapper wide\">\n<div class=\"inner\">\n<div style=\"margin:auto;width:100%\">\n<h1>Muka du visage<\/h1>\n<\/div>\n<\/div>\n<\/div>\n<\/div>\n<\/div>\n<div class=\"standard_wrapper\">\n<div class=\"one withsmallpadding ppb_line_divider\"  style=\"text-align:center;padding:0px 0 0px 0;\" >\n<div class=\"page_content_wrapper wide\">\n<div class=\"inner\">\n<div class=\"line_divider_border\" style=\"width:100px;border-color:#e1e1e1;\"><\/div>\n<div class=\"line_divider_seperator\"><i class=\"fa fa-leaf\" style=\"color:#efa697;\"><\/i><\/div>\n<div class=\"line_divider_border\" style=\"width:100px;border-color:#e1e1e1;\"><\/div>\n<\/div>\n<\/div>\n<\/div>\n<\/div>\n<div  class=\"one withsmallpadding ppb_text\" style=\"padding-bottom:0px !important;text-align:center;padding:60px 0 60px 0;\" >\n<div class=\"standard_wrapper\">\n<div class=\"page_content_wrapper wide\">\n<div class=\"inner\">\n<div style=\"margin:auto;width:100%\">\n<p><em>Le Muka est le massage indon\u00e9sien du visage. Il d\u00e9tend, redynamise et repulpe les traits. L\u2019action de ce massage est particuli\u00e8rement efficace pour la r\u00e9g\u00e9n\u00e9ration des tissus, l\u2019oxyg\u00e9nation de la peau, la d\u00e9tente mentale. Il offre un v\u00e9ritable effet anti-\u00e2ge gr\u00e2ce \u00e0 des mouvements de drainage, de stimulation et de digitopresssions\u2026 Le petit plus, il d\u00e9tend et relaxe la nuque et le cr\u00e2ne.<\/p>\n<p><strong>A l&rsquo;issue de la formation, vous saurez r\u00e9aliser un Muka de  50mn<\/strong>.<\/em><\/p>\n<\/div>\n<\/div>\n<\/div>\n<\/div>\n<\/div>\n<div  class=\"one withsmallpadding ppb_header parallax withbg \" style=\"background-image:url(https:\/\/levillagebalinais.com\/wp-content\/uploads\/2021\/02\/5-SALLE-VILLAGE-BALINAIS-scaled.jpg);background-position: center top;text-align:center;padding:250px 0 250px 0;color:#ffffff;\" >\n<div class=\"overlay_background\" style=\"background:#000000;background:rgb(0,0,0,0.3);background:rgba(0,0,0,0.3);\"><\/div>\n<div class=\"standard_wrapper\">\n<div class=\"page_content_wrapper wide\">\n<div class=\"inner\">\n<div style=\"margin:auto;width:100%\">\n<h2 class=\"ppb_title\" style=\"color:#ffffff;\">Informations<\/h2>\n<\/div>\n<\/div>\n<\/div>\n<\/div>\n<\/div>\n<div  class=\"one withsmallpadding ppb_text\" style=\"padding-bottom:0px !important;text-align:left;padding:60px 0 60px 0;\" >\n<div class=\"standard_wrapper\">\n<div class=\"page_content_wrapper wide\">\n<div class=\"inner\">\n<div style=\"margin:auto;width:100%\">\n<div class=\"pp_accordion_close has_icon\">\n<h3><a href=\"#\">Bienfaits <\/a><\/h3>\n<div>\n<ul>\n<li> Redynamisation du visage <\/li>\n<li> Repulper les traits et retonifier la peau <\/li>\n<li> Drainage des toxines, oxyg\u00e9nation et r\u00e9g\u00e9n\u00e9ration des tissus<\/li>\n<li> Relaxer et d\u00e9stresser le visage<\/li>\n<li> D\u00e9tente et souplesse de la nuque<\/li>\n<li> Am\u00e9lioration du sommeil, anti-stress <\/li>\n<li>Sa pratique r\u00e9guli\u00e8re permet de prolonger ou de retrouver la jeunesse du visage, des muscles souples et toniques, une peau purifi\u00e9e au teint \u00e9clatant. Il g\u00e9n\u00e8re une agr\u00e9able d\u00e9tente mentale.<\/li>\n<\/ul>\n<\/div>\n<\/div>\n<div class=\"pp_accordion_close has_icon\">\n<h3><a href=\"#\">Les pr\u00e9requis<\/a><\/h3>\n<div>\n<ul>\n<li> Aucun <\/li>\n<li> Recommandation : \u00catre familiaris\u00e9 avec les soins du visage et\/ou les massages<\/li>\n<\/ul>\n<\/div>\n<\/div>\n<div class=\"pp_accordion_close has_icon\">\n<h3><a href=\"#\">Nos priorit\u00e9s et objectifs p\u00e9dagogiques<\/a><\/h3>\n<div>\n<ul>\n<li> D\u00e9velopper vos comp\u00e9tences de massages par une r\u00e9elle transmission orientale, indon\u00e9sienne, balino-javanaise orale dans une ambiance d\u2019exigence bienveillante et chaleureuse.<\/li>\n<li> Enseigner les outils fondamentaux pour animer une s\u00e9ance dans l\u2019esprit balinais <\/li>\n<\/ul>\n<\/div>\n<\/div>\n<div class=\"pp_accordion_close has_icon\">\n<h3><a href=\"#\">Comp\u00e9tences acquises en cabine<\/a><\/h3>\n<div>\n<p>\n<strong>Vous apprendrez \u00e0 r\u00e9aliser un massage balinais du visage Muka d\u2019une dur\u00e9e de 50mn.<\/strong> Sa pratique r\u00e9guli\u00e8re permet de prolonger ou de retrouver la jeunesse du visage, des muscles souples et toniques, une peau purifi\u00e9e au teint \u00e9clatant. Il g\u00e9n\u00e8re une agr\u00e9able d\u00e9tente mentale.<\/p>\n<ul>\n<li><strong>D\u00e9velopper la technicit\u00e9 :<\/strong><br \/>\ntechniques de pincement jacquet, tapotement rapide, lissage, p\u00e9trissage, \u00e9tirement, digitopression, percussion, frottement, friction.<\/li>\n<li>D\u00e9rouler de mani\u00e8re m\u00e9thodique les techniques traditionnelles sp\u00e9cifiques du pijat Bali<\/li>\n<li> <strong>D\u00e9velopper \u00e9coute et perception :<\/strong><br \/>\nFluidit\u00e9, calme, pr\u00e9cision et d\u00e9licatesse viendront en appui de l\u2019approche balinaise des techniques pour accentuer le ressenti de d\u00e9tente et bien-\u00eatre du visage.<\/li>\n<\/ul>\n<\/div>\n<\/div>\n<div class=\"pp_accordion_close has_icon\">\n<h3><a href=\"#\">R\u00e9sultats<\/a><\/h3>\n<div>\n<ul>\n<li><em><a href=\"https:\/\/levillagebalinais.com\/index.php\/ecole-massage\/certification-qualiopi\/\">Certification Qualiopi depuis 2021<\/a> :<strong>oui<\/strong> <\/em><\/li>\n<li><em><strong>Nombre total de stagiaires au Village Balinais depuis 2021 : 129; form\u00e9s au massage balinais Muka relaxant visage depuis 2021: 16  en 2023 : 2 <\/li>\n<p><\/em><\/strong><\/p>\n<li><em><strong>Taux d\u2019excellence(1)  depuis 2022 concernant la formation au MUKA (\u00e9valuation globale\/ p\u00e9dagogique): 100%<\/li>\n<p><\/em><\/strong><\/p>\n<li><em><strong> Auto-\u00e9valuation 2023 de la progression avant\/apr\u00e8s du niveau de comp\u00e9tences professionnelles acquises en % sur ce massage \u00e0 l\u2019issue de la formation : Avant : 10% Apr\u00e8s : 70%, Progression des comp\u00e9tences : 60%  <\/li>\n<p><\/em><\/strong><\/p>\n<li><em><strong>Note d\u2019efficacit\u00e9 d\u00e9tente en cabine de ce massage (Etude sur effectif form\u00e9 en 2021 de la perception d\u2019efficacit\u00e9 par les praticiens sur leurs clients) : 18,6\/20 <\/li>\n<p><\/em><\/strong><\/p>\n<li><em><strong> Taux d\u2019excellence (1) : % de stagiaires ayant r\u00e9pondu tr\u00e8s satisfaits \u00e0 l\u2019issue de leurs formations\n <\/li>\n<p><\/em><\/strong><br \/>\n<em><strong>Nous obtenons depuis 2021 100% de satisfaction ( somme des satisfaits et tr\u00e8s satisfaits) sur l\u2019ensemble des crit\u00e8res \u00e9valu\u00e9s concernant le processus de formation pour ce protocole.<\/strong> Items \u00e9valu\u00e9s : \u00e9valuation globale ; pr\u00e9paration ; hygi\u00e8ne, confort et localisation du VB ; mat\u00e9riel mis \u00e0 disposition ;  dur\u00e9e ;  support p\u00e9dagogique ; p\u00e9dagogie d\u2019apprentissage ; mise en confiance et progression dans les comp\u00e9tences ; suivi administratif ;  recommandation<\/em>\n<\/ul>\n<\/p>\n<\/div>\n<\/div>\n<div class=\"pp_accordion_close has_icon\">\n<h3><a href=\"#\">Informations pratiques<\/a><\/h3>\n<div>\n<ul>\n<li> <strong>Le type de massage \u00e0 pr\u00e9parer<\/strong> :  Allong\u00e9 habill\u00e9 sur table de massage .<\/li>\n<li> <strong>Dur\u00e9e de la mobilisation cabine <\/strong>:  60mn<\/li>\n<li> <strong>Am\u00e9nagement&#038;Equipement cabine <\/strong>: Tabouret devant la t\u00eate de la table de massage, pr\u00e9paration du plateau de soins du visage\n <\/li>\n<\/ul>\n<ul>\n<li> <strong>Horaires :<\/strong> 9h-13h ; 14h-18h <\/li>\n<li> <strong>Dur\u00e9e<\/strong> : 2 jours, 8h\/j, 16h  <\/li>\n<li><strong>Lieu <\/strong>: 9 rue de la fontaine au roi, 75011 Paris<\/li>\n<\/ul>\n<ul>\n<li> <strong>Enseignante <\/strong>: Ruth Indiathi <\/li>\n<\/ul>\n<p><strong>Mat\u00e9riel \u00e0 apporter avec soi :<\/strong><\/p>\n<ul>\n<li>Une tenue de Yoga<\/li>\n<li>1 serviette moyenne par jour <\/li>\n<li>Un lutin de 20 pages et un stylo<\/li>\n<li>Porter des habits confortables durant la formation.<\/li>\n<li>Masque sanitaire (chirurgical)<\/li>\n<li>Une paire de chaussette\/jour<\/li>\n<\/ul>\n<p><strong>Moyens P\u00e9dagogiques mis \u00e0 disposition des stagiaires :<\/strong> <\/p>\n<ul>\n<li><em>Studio priv\u00e9 du massage balinais<\/em> : salle chauff\u00e9e, tr\u00e8s confortable, lumineuse, \u00e9quip\u00e9e en table de massage et tatami d\u00e9di\u00e9 au bien-\u00eatre indon\u00e9sien<\/li>\n<li><em>Support de formation<\/em> : protocole photos d\u00e9taill\u00e9s des man\u0153uvres et enchainements<\/li>\n<li><em>Le mat\u00e9riel <\/em>:huiles v\u00e9g\u00e9tales \u00e0 disposition, aromath\u00e9rapie balinaise, mat\u00e9riel pour le massage du visage<\/li>\n<li>Durant la formation, le formateur utilise les outils du num\u00e9rique pour visualiser des structures anatomiques (squelette, muscles, syst\u00e8mes) et les mouvements dans lesquels ils sont impliqu\u00e9s si besoin. Il propose des exercices d\u2019application.  <\/li>\n<\/ul>\n<p><strong>Tarif :<\/strong><\/p>\n<ul>\n<li><strong>Professionnel<\/strong> ( avec ou sans prise en charge) : 30\u20ac\/h, 16h soit 480\u20ac<\/li>\n<\/ul>\n<li><strong>Particulier<\/strong> (pratique familiale, priv\u00e9e, non professionnelle) : 22,50\u20ac\/h, 16h soit 360 \u20ac<\/li>\n<\/ul>\n<p><strong> D\u00e9lais d\u2019acc\u00e8s :<\/strong><\/p>\n<ul><em><br \/>\nNos stagiaires peuvent s\u2019inscrire selon les dates disponibles \u00e0 l\u2019inscription sur le site internet page \u00e9cole puis Calendrier. Les dates peuvent changer merci, de v\u00e9rifier r\u00e9guli\u00e8rement.<br \/>\nD\u00e8s la premi\u00e8re inscription valid\u00e9e (devis sign\u00e9 et ahrres vers\u00e9s), la formation sera r\u00e9alis\u00e9e. ( Nous sommes \u00e0 vos c\u00f4t\u00e9s, engag\u00e9s, pas d\u2019annulation de derni\u00e8re minute dans ce cas).<br \/>\nAu plus tard, le stagiaire peut s\u2019inscrire 48 heures avant le d\u00e9but de la formation, si la formation est en ligne et selon les places restantes. <\/em><\/ul>\n<p><strong>  Modalit\u00e9 d\u2019Inscription :<\/strong><\/p>\n<ul><em><br \/>\n1.\tFinaliser l\u2019inscription, garantir la place dans le groupe, b\u00e9n\u00e9ficier des engagements du Village Balinais.<br \/>\na.\tDevis \u00e0 retourner dat\u00e9, sign\u00e9, tamponn\u00e9 par retour de mail ( scan ou photo)<br \/>\nb.\tVirement d\u2019acompte de 60\u20ac\/j soit 120 \u20ac<br \/>\n2.\tLe Premier jour du stage<br \/>\na.\t Versement du solde<\/em><\/ul>\n<\/p>\n<\/div>\n<\/div>\n<div class=\"pp_accordion_close has_icon\">\n<h3><a href=\"#\">Situation de Handicaps<\/a><\/h3>\n<div>\n<p>\nAccessibilit\u00e9 en situation de handicaps : acc\u00e8s et \u00e9quipement non adapt\u00e9s : merci de nous contacter pour \u00e9valuer comment nous pouvons vous aider dans la mesure de nos moyens et v\u00e9rifier avec vous l\u2019adaptabilit\u00e9 de notre offre de formation \u00e0 vos besoins sp\u00e9cifiques. <\/p>\n<\/div>\n<\/div>\n<\/div>\n<\/div>\n<\/div>\n<\/div>\n<\/div>\n<div  class=\"one withsmallpadding ppb_header parallax withbg \" style=\"background-image:url(https:\/\/levillagebalinais.com\/wp-content\/uploads\/2020\/11\/1C-TEAM-MASSAGE-BALI-scaled.jpg);background-position: center top;text-align:center;padding:250px 0 250px 0;color:#ffffff;\" >\n<div class=\"overlay_background\" style=\"background:#000000;background:rgb(0,0,0,0.3);background:rgba(0,0,0,0.3);\"><\/div>\n<div class=\"standard_wrapper\">\n<div class=\"page_content_wrapper wide\">\n<div class=\"inner\">\n<div style=\"margin:auto;width:100%\">\n<h2 class=\"ppb_title\" style=\"color:#ffffff;\">D\u00e9roulement de la formation<\/h2>\n<\/div>\n<\/div>\n<\/div>\n<\/div>\n<\/div>\n<div  class=\"one withsmallpadding ppb_text\" style=\"padding-bottom:0px !important;text-align:left;padding:60px 0 60px 0;\" >\n<div class=\"standard_wrapper\">\n<div class=\"page_content_wrapper wide\">\n<div class=\"inner\">\n<div style=\"margin:auto;width:100%\">\n<h1><center>D\u00e9roulement de la formation : <\/center><\/h1>\n<div class=\"pp_accordion_close has_icon\">\n<h3><a href=\"#\">1er Jour<\/a><\/h3>\n<div>\n<ul>\n<li><strong>9h \u00e0 9h30 :<\/strong> Accueil, pr\u00e9sentation des \u00e9l\u00e8ves et points cl\u00e9s du programme.<\/li>\n<li><strong>9h30 \u00e0 10h : <\/strong>  Energie du praticien : exercices de d\u00e9tente, relaxation et centration inspir\u00e9 par le Yoga <\/li>\n<li><strong>10h \u00e0 11h :<\/strong> Apports th\u00e9oriques, pr\u00e9sentation des techniques de massage, des huiles v\u00e9g\u00e9tales et essentielles balinaises <\/li>\n<li><strong>11h \u00e0 13h :<\/strong> D\u00e9monstration du modelage de la nuque et du visage (\u00e9tape 1) :  Vous apprendrez les techniques de lissage, effleurage, pincements jacquet, p\u00e9trissage, tapotement et pincement.<\/li>\n<li><strong>13h \u00e0 14h :<\/strong>Pause D\u00e9jeuner<\/center><\/li>\n<li><strong>14h \u00e0 17h30 :<\/strong> D\u00e9monstration du modelage du visage ( \u00e9tape 2) :  Vous apprendrez les man\u0153uvres de pressions de Shiatsu sur des points pr\u00e9cis du visage (m\u00e9ridiens)<\/li>\n<li><strong>17h30 \u00e0 18h : <\/strong> Synth\u00e8se de la journ\u00e9e en groupe : Prise de notes, \u00e9laborations personnelles  en groupe concernant les questions au travail durant le stage, r\u00e9alisation d\u2019un court film autoris\u00e9 de 1 \u00e0 2mn concernant une technique sp\u00e9cifique pour aider \u00e0 m\u00e9moriser et maitriser la technique travaill\u00e9e.<\/li>\n<\/ul>\n<\/div>\n<\/div>\n<div class=\"pp_accordion_close has_icon\">\n<h3><a href=\"#\">2eme Jour<\/a><\/h3>\n<div>\n<ul>\n<li><strong>9h \u00e0 9h30 : <\/strong>  Energie du praticien : exercices de d\u00e9tente, relaxation et centration inspir\u00e9 par le Yoga <\/li>\n<p><strong>9h30 \u00e0 10h30 :<\/strong> Questions pratiques et r\u00e9vision.<\/li>\n<li><strong>10h30 \u00e0 13h :<\/strong> D\u00e9monstration du modelage de la nuque et cuir chevelu (\u00e9tape 3) : Vous apprendrez les techniques de lissage, p\u00e9trissage, frottement, friction et percussion.<\/li>\n<li><strong>13h \u00e0 14h :<\/strong>Pause D\u00e9jeuner<\/center><\/li>\n<li><strong>14h \u00e0 14h30 :<\/strong> M\u00e9morisation et notation sur le support p\u00e9dagogique.<\/li>\n<li><strong>14hh30 \u00e0 18h :<\/strong> L\u2019apr\u00e8s-midi sera consacr\u00e9e \u00e0 la supervision du travail des \u00e9l\u00e8ves afin de les aider \u00e0 consolider et perfectionner leur maitrise du Muka dans sa globalit\u00e9 et de leur permettre de perfectionner leurs rapports aux techniques sp\u00e9cifiques en fonction des besoins des clients. Cette apr\u00e8s-midi se conclut par la r\u00e9alisation d\u2019un protocole de synth\u00e8se qui donne lieu \u00e0 une \u00e9valuation selon les crit\u00e8res du Village Balinais.\n<\/li>\n<\/ul>\n<\/div>\n<\/div>\n<\/div>\n<\/div>\n<\/div>\n<\/div>\n<\/div>\n<div  class=\"one withsmallpadding ppb_header parallax withbg \" style=\"background-image:url(https:\/\/levillagebalinais.com\/wp-content\/uploads\/2021\/02\/photos-sejour-energies-bali-java-gili-2013-462-Copie.jpg);background-position: center top;text-align:center;padding:250px 0 250px 0;color:#ffffff;\" >\n<div class=\"overlay_background\" style=\"background:#000000;background:rgb(0,0,0,0.3);background:rgba(0,0,0,0.3);\"><\/div>\n<div class=\"standard_wrapper\">\n<div class=\"page_content_wrapper wide\">\n<div class=\"inner\">\n<div style=\"margin:auto;width:100%\">\n<h2 class=\"ppb_title\" style=\"color:#ffffff;\">Nous contacter<\/h2>\n<\/div>\n<\/div>\n<\/div>\n<\/div>\n<\/div>\n<div class=\"standard_wrapper\">\n<div  class=\"ppb_contact_sidebar one withsmallpadding\" style=\"padding:40px 0 40px 0;\" >\n<div class=\"page_content_wrapper wide\">\n<div class=\"inner\">\n<div class=\"inner_wrapper\">\n<div class=\"sidebar_content \">\n<h2 class=\"ppb_title\">Contact<\/h2>\n<div class=\"contact_form7_wrapper\">\n<div class=\"wpcf7 no-js\" id=\"wpcf7-f5-o1\" lang=\"en-US\" dir=\"ltr\">\n<div class=\"screen-reader-response\">\n<p role=\"status\" aria-live=\"polite\" aria-atomic=\"true\">\n<ul><\/ul>\n<\/div>\n<form action=\"\/wp-admin\/post.php#wpcf7-f5-o1\" method=\"post\" class=\"wpcf7-form init\" aria-label=\"Contact form\" novalidate=\"novalidate\" data-status=\"init\">\n<div style=\"display: none;\">\n<input type=\"hidden\" name=\"_wpcf7\" value=\"5\" \/><br \/>\n<input type=\"hidden\" name=\"_wpcf7_version\" value=\"5.8.5\" \/><br \/>\n<input type=\"hidden\" name=\"_wpcf7_locale\" value=\"en_US\" \/><br \/>\n<input type=\"hidden\" name=\"_wpcf7_unit_tag\" value=\"wpcf7-f5-o1\" \/><br \/>\n<input type=\"hidden\" name=\"_wpcf7_container_post\" value=\"0\" \/><br \/>\n<input type=\"hidden\" name=\"_wpcf7_posted_data_hash\" value=\"\" \/><br \/>\n<input type=\"hidden\" name=\"_wpcf7_recaptcha_response\" value=\"\" \/>\n<\/div>\n<p>\n<span class=\"wpcf7-form-control-wrap\" data-name=\"your-name\"><input size=\"40\" class=\"wpcf7-form-control wpcf7-text wpcf7-validates-as-required\" aria-required=\"true\" aria-invalid=\"false\" placeholder=\"Nom\/Pr\u00e9nom*\" value=\"\" type=\"text\" name=\"your-name\" \/><\/span>\n<\/p>\n<p>\n<span class=\"wpcf7-form-control-wrap\" data-name=\"your-subject\"><input size=\"40\" class=\"wpcf7-form-control wpcf7-text wpcf7-validates-as-required\" aria-required=\"true\" aria-invalid=\"false\" placeholder=\"Sujet*\" value=\"\" type=\"text\" name=\"your-subject\" \/><\/span>\n<\/p>\n<p>\n<span class=\"wpcf7-form-control-wrap\" data-name=\"your-email\"><input size=\"40\" class=\"wpcf7-form-control wpcf7-email wpcf7-validates-as-required wpcf7-text wpcf7-validates-as-email\" aria-required=\"true\" aria-invalid=\"false\" placeholder=\"Adresse Email*\" value=\"\" type=\"email\" name=\"your-email\" \/><\/span>\n<\/p>\n<p>\n<span class=\"wpcf7-form-control-wrap\" data-name=\"your-message\"><textarea cols=\"40\" rows=\"5\" class=\"wpcf7-form-control wpcf7-textarea wpcf7-validates-as-required\" aria-required=\"true\" aria-invalid=\"false\" placeholder=\"Votre Message*\" name=\"your-message\"><\/textarea><\/span>\n<\/p>\n<p><input class=\"wpcf7-form-control wpcf7-submit has-spinner\" type=\"submit\" value=\"Envoyer\" \/>\n<\/p>\n<p style=\"display: none !important;\"><label>&#916;<textarea name=\"_wpcf7_ak_hp_textarea\" cols=\"45\" rows=\"8\" maxlength=\"100\"><\/textarea><\/label><input type=\"hidden\" id=\"ak_js_1\" name=\"_wpcf7_ak_js\" value=\"163\"\/><script>document.getElementById( \"ak_js_1\" ).setAttribute( \"value\", ( new Date() ).getTime() );<\/script><\/p>\n<div class=\"wpcf7-response-output\" aria-hidden=\"true\"><\/div>\n<\/form>\n<\/div>\n<\/div>\n<\/div>\n<div class=\"sidebar_wrapper \">\n<div class=\"sidebar\">\n<div class=\"content\">\n<ul class=\"sidebar_widget\">\n<li id=\"grandspa_recent_posts-2\" class=\"widget grandspa_Recent_Posts\">\n<h2 class=\"widgettitle\"><span>Recent Posts<\/span><\/h2>\n<ul class=\"posts blog withthumb \">\n<li>\n<div class=\"post_circle_thumb\"><a href=\"https:\/\/levillagebalinais.com\/index.php\/2024\/01\/02\/calendrier-2024-formation-professionnelle-massages-village-balinais-paris\/\"><img decoding=\"async\" src=\"https:\/\/levillagebalinais.com\/wp-content\/uploads\/2020\/11\/1C-TEAM-MASSAGE-BALI-150x150.jpg\" alt=\"\" \/><\/a><\/div>\n<p><a href=\"https:\/\/levillagebalinais.com\/index.php\/2024\/01\/02\/calendrier-2024-formation-professionnelle-massages-village-balinais-paris\/\">Calendrier 2024 Formation Professionnelle Massages, Village Balinais, Paris<\/a><\/p>\n<div class=\"post_attribute\">2 janvier 2024<\/div>\n<\/li>\n<li>\n<div class=\"post_circle_thumb\"><a href=\"https:\/\/levillagebalinais.com\/index.php\/2023\/12\/22\/seances-de-massage-en-duo-au-village-balinais-paris-par-ruth-et-helene-reservez-vos-places\/\"><img decoding=\"async\" src=\"https:\/\/levillagebalinais.com\/wp-content\/uploads\/2023\/12\/Couples_massage-5664x3399-1-600x360-1-150x150.jpg\" alt=\"\" \/><\/a><\/div>\n<p><a href=\"https:\/\/levillagebalinais.com\/index.php\/2023\/12\/22\/seances-de-massage-en-duo-au-village-balinais-paris-par-ruth-et-helene-reservez-vos-places\/\">S\u00e9ances de massage en duo au Village Balinais, Paris,  par Ruth et H\u00e9l\u00e8ne : R\u00e9servez vos places!<\/a><\/p>\n<div class=\"post_attribute\">22 d\u00e9cembre 2023<\/div>\n<\/li>\n<li>\n<div class=\"post_circle_thumb\"><a href=\"https:\/\/levillagebalinais.com\/index.php\/2023\/12\/11\/cursus-heritage-dindonesie-et-esprit-balinais-juillet-2024-une-alliance-en-immersion-a-bali-entre-epanouissement-professionnel-personnel-et-corporel\/\"><img decoding=\"async\" src=\"https:\/\/levillagebalinais.com\/wp-content\/uploads\/2023\/07\/1-6-150x150.jpg\" alt=\"\" \/><\/a><\/div>\n<p><a href=\"https:\/\/levillagebalinais.com\/index.php\/2023\/12\/11\/cursus-heritage-dindonesie-et-esprit-balinais-juillet-2024-une-alliance-en-immersion-a-bali-entre-epanouissement-professionnel-personnel-et-corporel\/\">Cursus H\u00e9ritage d&rsquo;Indon\u00e9sie et Esprit Balinais Juillet 2024! Une alliance en immersion \u00e0 Bali entre \u00e9panouissement professionnel, personnel et corporel!<\/a><\/p>\n<div class=\"post_attribute\">11 d\u00e9cembre 2023<\/div>\n<\/li>\n<\/ul>\n<\/li>\n<li id=\"mc4wp_form_widget-3\" class=\"widget widget_mc4wp_form_widget\">\n<h2 class=\"widgettitle\"><span>Newsletter<\/span><\/h2>\n<p><script>(function() {\n\twindow.mc4wp = window.mc4wp || {\n\t\tlisteners: [],\n\t\tforms: {\n\t\t\ton: function(evt, cb) {\n\t\t\t\twindow.mc4wp.listeners.push(\n\t\t\t\t\t{\n\t\t\t\t\t\tevent   : evt,\n\t\t\t\t\t\tcallback: cb\n\t\t\t\t\t}\n\t\t\t\t);\n\t\t\t}\n\t\t}\n\t}\n})();\n<\/script><!-- Mailchimp for WordPress v4.9.10 - https:\/\/wordpress.org\/plugins\/mailchimp-for-wp\/ --><\/p>\n<form id=\"mc4wp-form-1\" class=\"mc4wp-form mc4wp-form-81\" method=\"post\" data-id=\"81\" data-name=\"S&#039;abonner \u00e0 notre Newsletter\" >\n<div class=\"mc4wp-form-fields\">\n<p>\n    <label>Adresse de courrier \u00e9lectronique<\/label><br \/>\n    <input type=\"email\" name=\"EMAIL\"\n    placeholder=\"Renseignez votre adresse e-mail\" required=\"\"><br \/>\n    <input type=\"submit\" value=\"Abonnez-vous\">\n<\/p>\n<\/div>\n<p><label style=\"display: none !important;\">Laissez ce champ vide si vous \u00eates humain\u00a0: <input type=\"text\" name=\"_mc4wp_honeypot\" value=\"\" tabindex=\"-1\" autocomplete=\"off\" \/><\/label><input type=\"hidden\" name=\"_mc4wp_timestamp\" value=\"1704888900\" \/><input type=\"hidden\" name=\"_mc4wp_form_id\" value=\"81\" \/><input type=\"hidden\" name=\"_mc4wp_form_element_id\" value=\"mc4wp-form-1\" \/><\/p>\n<div class=\"mc4wp-response\"><\/div>\n<\/form>\n<p><!-- \/ Mailchimp for WordPress Plugin --><\/li>\n<li id=\"grandspa_social_profiles_posts-2\" class=\"widget grandspa_Social_Profiles_Posts\">\n<h2 class=\"widgettitle\"><span>Follow Us On<\/span><\/h2>\n<div class=\"social_wrapper shortcode light small\">\n<ul>\n<li class=\"facebook\"><a target=\"_blank\" title=\"Facebook\" href=\"http:\/\/www.facebook.com\/levillagebalinais\/\" rel=\"noopener\"><i class=\"fa fa-facebook\"><\/i><\/a><\/li>\n<li class=\"youtube\"><a target=\"_blank\" title=\"Youtube\" href=\"https:\/\/www.youtube.com\/channel\/UCM3Eys_bmt16KWyEHOxR9LA\" rel=\"noopener\"><i class=\"fa fa-youtube\"><\/i><\/a><\/li>\n<li class=\"linkedin\"><a target=\"_blank\" title=\"Linkedin\" href=\"https:\/\/www.linkedin.com\/in\/ruth-indiathi-09607193\/\" rel=\"noopener\"><i class=\"fa fa-linkedin\"><\/i><\/a><\/li>\n<li class=\"instagram\"><a target=\"_blank\" title=\"Instagram\" href=\"https:\/\/instagram.com\/ruthindiathi\" rel=\"noopener\"><i class=\"fa fa-instagram\"><\/i><\/a><\/li>\n<\/ul>\n<\/div>\n<\/li>\n<\/ul>\n<\/div>\n<\/div>\n<\/div>\n<\/div>\n<\/div>\n<\/div>\n<\/div>\n<\/div>\n","protected":false},"excerpt":{"rendered":"<p>Muka du visage Le Muka est le massage indon\u00e9sien du visage. Il d\u00e9tend, redynamise et repulpe les traits. L\u2019action de ce massage est particuli\u00e8rement efficace pour la r\u00e9g\u00e9n\u00e9ration des tissus, l\u2019oxyg\u00e9nation de la peau, la d\u00e9tente mentale. Il offre un [&hellip;]<\/p>\n","protected":false},"author":1,"featured_media":5216,"parent":3483,"menu_order":0,"comment_status":"closed","ping_status":"closed","template":"","meta":{"_monsterinsights_skip_tracking":false,"_monsterinsights_sitenote_active":false,"_monsterinsights_sitenote_note":"","_monsterinsights_sitenote_category":0,"footnotes":""},"class_list":["post-5105","page","type-page","status-publish","has-post-thumbnail","hentry"],"_links":{"self":[{"href":"https:\/\/levillagebalinais.com\/index.php\/wp-json\/wp\/v2\/pages\/5105","targetHints":{"allow":["GET"]}}],"collection":[{"href":"https:\/\/levillagebalinais.com\/index.php\/wp-json\/wp\/v2\/pages"}],"about":[{"href":"https:\/\/levillagebalinais.com\/index.php\/wp-json\/wp\/v2\/types\/page"}],"author":[{"embeddable":true,"href":"https:\/\/levillagebalinais.com\/index.php\/wp-json\/wp\/v2\/users\/1"}],"replies":[{"embeddable":true,"href":"https:\/\/levillagebalinais.com\/index.php\/wp-json\/wp\/v2\/comments?post=5105"}],"version-history":[{"count":24,"href":"https:\/\/levillagebalinais.com\/index.php\/wp-json\/wp\/v2\/pages\/5105\/revisions"}],"predecessor-version":[{"id":7026,"href":"https:\/\/levillagebalinais.com\/index.php\/wp-json\/wp\/v2\/pages\/5105\/revisions\/7026"}],"up":[{"embeddable":true,"href":"https:\/\/levillagebalinais.com\/index.php\/wp-json\/wp\/v2\/pages\/3483"}],"wp:featuredmedia":[{"embeddable":true,"href":"https:\/\/levillagebalinais.com\/index.php\/wp-json\/wp\/v2\/media\/5216"}],"wp:attachment":[{"href":"https:\/\/levillagebalinais.com\/index.php\/wp-json\/wp\/v2\/media?parent=5105"}],"curies":[{"name":"wp","href":"https:\/\/api.w.org\/{rel}","templated":true}]}}