{"id":4887,"date":"2021-02-02T17:08:17","date_gmt":"2021-02-02T16:08:17","guid":{"rendered":"https:\/\/levillagebalinais.com\/?page_id=4887"},"modified":"2021-03-13T13:08:25","modified_gmt":"2021-03-13T12:08:25","slug":"budget-e","status":"publish","type":"page","link":"https:\/\/levillagebalinais.com\/index.php\/spas-et-retraites-de-bali\/budget-e\/","title":{"rendered":"Budget &#8211; \u20ac"},"content":{"rendered":"<div  class=\"one withsmallpadding ppb_text\" style=\"padding-bottom:0px !important;text-align:center;padding:60px 0 60px 0;\" >\n<div class=\"standard_wrapper\">\n<div class=\"page_content_wrapper wide\">\n<div class=\"inner\">\n<div style=\"margin:auto;width:100%\">\n<h1>Spas&#038;Retraites Traditionnels<\/h1>\n<\/div>\n<\/div>\n<\/div>\n<\/div>\n<\/div>\n<div class=\"standard_wrapper\">\n<div class=\"one withsmallpadding ppb_line_divider\"  style=\"text-align:center;padding:0px 0 0px 0;\" >\n<div class=\"page_content_wrapper wide\">\n<div class=\"inner\">\n<div class=\"line_divider_border\" style=\"width:100px;border-color:#e1e1e1;\"><\/div>\n<div class=\"line_divider_seperator\"><i class=\"fa fa-leaf\" style=\"color:#efa697;\"><\/i><\/div>\n<div class=\"line_divider_border\" style=\"width:100px;border-color:#e1e1e1;\"><\/div>\n<\/div>\n<\/div>\n<\/div>\n<\/div>\n<div class=\"one\" >\n<div class=\"horizontal_gallery\">\n<table class=\"horizontal_gallery_wrapper\">\n<tbody>\n<tr>\n<td class=\"horizontal_gallery_info\">\n<h2 class=\"ppb_title\">SRT 1<\/h2>\n<div class=\"ppb_header_content\">\n<p>Spa et Retraite Traditonnelle<br \/>\n<strong>Authentique coup de coeur!<\/strong><\/p>\n<\/div>\n<\/td>\n<td>\n<div class=\"gallery_image_wrapper\">\n\t\t\t\t    \t<img decoding=\"async\" src=\"https:\/\/levillagebalinais.com\/wp-content\/uploads\/2021\/02\/1-scaled.jpg\" alt=\"\" class=\"horizontal_gallery_img\" data-height=\"75\"\/><\/p>\n<div class=\"image_caption_wrapper\">\n<div class=\"image_caption\"><\/div>\n<\/div>\n<\/div>\n<\/td>\n<td>\n<div class=\"gallery_image_wrapper\">\n\t\t\t\t    \t<img decoding=\"async\" src=\"https:\/\/levillagebalinais.com\/wp-content\/uploads\/2021\/02\/2-scaled.jpg\" alt=\"\" class=\"horizontal_gallery_img\" data-height=\"75\"\/><\/p>\n<div class=\"image_caption_wrapper\">\n<div class=\"image_caption\"><\/div>\n<\/div>\n<\/div>\n<\/td>\n<td>\n<div class=\"gallery_image_wrapper\">\n\t\t\t\t    \t<img decoding=\"async\" src=\"https:\/\/levillagebalinais.com\/wp-content\/uploads\/2021\/02\/7-BPRIERE-AVEC-IBU-ATI.jpg\" alt=\"\" class=\"horizontal_gallery_img\" data-height=\"75\"\/><\/p>\n<div class=\"image_caption_wrapper\">\n<div class=\"image_caption\"><\/div>\n<\/div>\n<\/div>\n<\/td>\n<td>\n<div class=\"gallery_image_wrapper\">\n\t\t\t\t    \t<img decoding=\"async\" src=\"https:\/\/levillagebalinais.com\/wp-content\/uploads\/2021\/02\/3CHAMBRE-TOBAK-SABOLA-scaled.jpg\" alt=\"\" class=\"horizontal_gallery_img\" data-height=\"75\"\/><\/p>\n<div class=\"image_caption_wrapper\">\n<div class=\"image_caption\"><\/div>\n<\/div>\n<\/div>\n<\/td>\n<td>\n<div class=\"gallery_image_wrapper\">\n\t\t\t\t    \t<img decoding=\"async\" src=\"https:\/\/levillagebalinais.com\/wp-content\/uploads\/2021\/02\/4P1140966-scaled.jpg\" alt=\"\" class=\"horizontal_gallery_img\" data-height=\"75\"\/><\/p>\n<div class=\"image_caption_wrapper\">\n<div class=\"image_caption\"><\/div>\n<\/div>\n<\/div>\n<\/td>\n<td>\n<div class=\"gallery_image_wrapper\">\n\t\t\t\t    \t<img decoding=\"async\" src=\"https:\/\/levillagebalinais.com\/wp-content\/uploads\/2021\/02\/5IMG-20201130-WA0032.jpg\" alt=\"\" class=\"horizontal_gallery_img\" data-height=\"75\"\/><\/p>\n<div class=\"image_caption_wrapper\">\n<div class=\"image_caption\"><\/div>\n<\/div>\n<\/div>\n<\/td>\n<td>\n<div class=\"gallery_image_wrapper\">\n\t\t\t\t    \t<img decoding=\"async\" src=\"https:\/\/levillagebalinais.com\/wp-content\/uploads\/2021\/02\/6IMG-20201130-WA0029.jpg\" alt=\"\" class=\"horizontal_gallery_img\" data-height=\"75\"\/><\/p>\n<div class=\"image_caption_wrapper\">\n<div class=\"image_caption\"><\/div>\n<\/div>\n<\/div>\n<\/td>\n<td>\n<div class=\"gallery_image_wrapper\">\n\t\t\t\t    \t<img decoding=\"async\" src=\"https:\/\/levillagebalinais.com\/wp-content\/uploads\/2021\/02\/7P1140978-scaled.jpg\" alt=\"\" class=\"horizontal_gallery_img\" data-height=\"75\"\/><\/p>\n<div class=\"image_caption_wrapper\">\n<div class=\"image_caption\"><\/div>\n<\/div>\n<\/div>\n<\/td>\n<td>\n<div class=\"gallery_image_wrapper\">\n\t\t\t\t    \t<img decoding=\"async\" src=\"https:\/\/levillagebalinais.com\/wp-content\/uploads\/2021\/02\/8P1140965-scaled.jpg\" alt=\"\" class=\"horizontal_gallery_img\" data-height=\"75\"\/><\/p>\n<div class=\"image_caption_wrapper\">\n<div class=\"image_caption\"><\/div>\n<\/div>\n<\/div>\n<\/td>\n<td>\n<div class=\"gallery_image_wrapper\">\n\t\t\t\t    \t<img decoding=\"async\" src=\"https:\/\/levillagebalinais.com\/wp-content\/uploads\/2021\/02\/9P1140990-scaled.jpg\" alt=\"\" class=\"horizontal_gallery_img\" data-height=\"75\"\/><\/p>\n<div class=\"image_caption_wrapper\">\n<div class=\"image_caption\"><\/div>\n<\/div>\n<\/div>\n<\/td>\n<td>\n<div class=\"gallery_image_wrapper\">\n\t\t\t\t    \t<img decoding=\"async\" src=\"https:\/\/levillagebalinais.com\/wp-content\/uploads\/2021\/02\/10-IMG-20201130-WA0023.jpg\" alt=\"\" class=\"horizontal_gallery_img\" data-height=\"75\"\/><\/p>\n<div class=\"image_caption_wrapper\">\n<div class=\"image_caption\">Ritual balinese bath : <\/div>\n<\/div>\n<\/div>\n<\/td>\n<td>\n<div class=\"gallery_image_wrapper\">\n\t\t\t\t    \t<img decoding=\"async\" src=\"https:\/\/levillagebalinais.com\/wp-content\/uploads\/2021\/02\/11IMG-20201130-WA0017.jpg\" alt=\"\" class=\"horizontal_gallery_img\" data-height=\"75\"\/><\/p>\n<div class=\"image_caption_wrapper\">\n<div class=\"image_caption\"><\/div>\n<\/div>\n<\/div>\n<\/td>\n<td>\n<div class=\"gallery_image_wrapper\">\n\t\t\t\t    \t<img decoding=\"async\" src=\"https:\/\/levillagebalinais.com\/wp-content\/uploads\/2021\/02\/12BALINESE-THERAPISTS-scaled.jpg\" alt=\"\" class=\"horizontal_gallery_img\" data-height=\"75\"\/><\/p>\n<div class=\"image_caption_wrapper\">\n<div class=\"image_caption\"><\/div>\n<\/div>\n<\/div>\n<\/td>\n<td>\n<div class=\"gallery_image_wrapper\">\n\t\t\t\t    \t<img decoding=\"async\" src=\"https:\/\/levillagebalinais.com\/wp-content\/uploads\/2021\/02\/13ST-CABIINE-OUVERTE-2-21-scaled.jpg\" alt=\"\" class=\"horizontal_gallery_img\" data-height=\"75\"\/><\/p>\n<div class=\"image_caption_wrapper\">\n<div class=\"image_caption\"><\/div>\n<\/div>\n<\/div>\n<\/td>\n<td>\n<div class=\"gallery_image_wrapper\">\n\t\t\t\t    \t<img decoding=\"async\" src=\"https:\/\/levillagebalinais.com\/wp-content\/uploads\/2021\/02\/14P1140943-scaled.jpg\" alt=\"\" class=\"horizontal_gallery_img\" data-height=\"75\"\/><\/p>\n<div class=\"image_caption_wrapper\">\n<div class=\"image_caption\"><\/div>\n<\/div>\n<\/div>\n<\/td>\n<td>\n<div class=\"gallery_image_wrapper\">\n\t\t\t\t    \t<img decoding=\"async\" src=\"https:\/\/levillagebalinais.com\/wp-content\/uploads\/2021\/02\/15ST-YOGA-2-21-scaled.jpg\" alt=\"\" class=\"horizontal_gallery_img\" data-height=\"75\"\/><\/p>\n<div class=\"image_caption_wrapper\">\n<div class=\"image_caption\"><\/div>\n<\/div>\n<\/div>\n<\/td>\n<td>\n<div class=\"gallery_image_wrapper\">\n\t\t\t\t    \t<img decoding=\"async\" src=\"https:\/\/levillagebalinais.com\/wp-content\/uploads\/2021\/02\/16-P1140955-scaled.jpg\" alt=\"\" class=\"horizontal_gallery_img\" data-height=\"75\"\/><\/p>\n<div class=\"image_caption_wrapper\">\n<div class=\"image_caption\"><\/div>\n<\/div>\n<\/div>\n<\/td>\n<\/tr>\n<\/tbody>\n<\/table><\/div>\n<\/p><\/div>\n<div  class=\"one withsmallpadding ppb_text\" style=\"text-align:left;padding:40px 0 40px 0;\" >\n<div class=\"standard_wrapper\">\n<div class=\"page_content_wrapper wide\">\n<div class=\"inner\">\n<div style=\"margin:auto;width:100%\">\n<div class=\"pp_accordion_close has_icon\">\n<h3><a href=\"#\">Accessibilit\u00e9<\/a><\/h3>\n<div>\n<ul>\n<li> Sud Est de Bali, \u00e0 45mn d\u2019Ubud.<\/li>\n<\/ul>\n<\/div>\n<\/div>\n<div class=\"pp_accordion_close has_icon\">\n<h3><a href=\"#\">Insertion dans l\u2019environnement<\/a><\/h3>\n<div>\n<ul>\n<li> Entre volcan Agung, cascade et rivi\u00e8re, sur un flanc de colline, avec vue sur les rizi\u00e8res et la mer, une retraite tr\u00e8s familiale et tr\u00e8s authentique.<\/li>\n<\/ul>\n<\/div>\n<\/div>\n<div class=\"pp_accordion_close has_icon\">\n<h3><a href=\"#\">Architecture<\/a><\/h3>\n<div>\n<ul>\n<li> Traditionnelle balinaise<\/li>\n<\/ul>\n<\/div>\n<\/div>\n<div class=\"pp_accordion_close has_icon\">\n<h3><a href=\"#\">Accueil <\/a><\/h3>\n<div>\n<ul>\n<li> Tr\u00e8s authentique. Ca fait tellement de bien ! Cours de Yoga, m\u00e9ditation, Pri\u00e8res hindous et bains dans une source d\u2019eau sacr\u00e9e (melukat), cours de danse balinaise avec les villageois, ballade au pasar (march\u00e9) puis cours  cuisine balinaise\u2026<\/li>\n<\/ul>\n<\/div>\n<\/div>\n<div class=\"pp_accordion_close has_icon\">\n<h3><a href=\"#\">Traitement Test\u00e9<\/a><\/h3>\n<div>\n<ul>\n<li> un pijat tr\u00e8s traditionnel r\u00e9alis\u00e9 par des balinaises du village. Tr\u00e8s puissant, ne pas h\u00e9sitez \u00e0 demander \u00e0 Yuna et Nyla, des c\u0153urs en or, \u00e0 masser moins fort<\/li>\n<\/ul>\n<\/div>\n<\/div>\n<div class=\"pp_accordion_close has_icon\">\n<h3><a href=\"#\">Recommandation<\/a><\/h3>\n<div>\n<ul>\n<li> Vrai et authentique, J\u2019ai ador\u00e9 la retraite. On est en lien avec l\u2019essentiel<\/li>\n<\/ul>\n<\/div>\n<\/div>\n<div class=\"pp_accordion_close has_icon\">\n<h3><a href=\"#\">Cure de retraites du Village Balinaise<\/a><\/h3>\n<div>\n<ul>\n<li>\nInclus.  Cette retraite donnel\u2019impression de partager la vie avec les balinais. A faire pendant 3\/4jours\n<\/li>\n<\/ul>\n<\/div>\n<\/div>\n<\/div>\n<\/div>\n<\/div>\n<\/div>\n<\/div>\n<div class=\"standard_wrapper\">\n<div class=\"one withsmallpadding ppb_line_divider\"  style=\"text-align:center;padding:0px 0 0px 0;\" >\n<div class=\"page_content_wrapper wide\">\n<div class=\"inner\">\n<div class=\"line_divider_border\" style=\"width:100px;border-color:#e1e1e1;\"><\/div>\n<div class=\"line_divider_seperator\"><i class=\"fa fa-leaf\" style=\"color:#efa697;\"><\/i><\/div>\n<div class=\"line_divider_border\" style=\"width:100px;border-color:#e1e1e1;\"><\/div>\n<\/div>\n<\/div>\n<\/div>\n<\/div>\n<div class=\"one\" >\n<div class=\"horizontal_gallery\">\n<table class=\"horizontal_gallery_wrapper\">\n<tbody>\n<tr>\n<td class=\"horizontal_gallery_info\">\n<h2 class=\"ppb_title\">SRT2<\/h2>\n<div class=\"ppb_header_content\">\n<p>D&#8217;agr\u00e9ables soins occidentalis\u00e9s, magnifique jardin tropical tr\u00e8s soign\u00e9 en bord de mer au sable noir. Excellents petit d\u00e9jeuner<br \/>\nCalme et reposant<\/p>\n<\/div>\n<\/td>\n<td>\n<div class=\"gallery_image_wrapper\">\n\t\t\t\t    \t<img decoding=\"async\" src=\"https:\/\/levillagebalinais.com\/wp-content\/uploads\/2021\/02\/1-TIRTA-SPA-RESORT-PISCINE-RUTH-scaled.jpg\" alt=\"\" class=\"horizontal_gallery_img\" data-height=\"75\"\/><\/p>\n<div class=\"image_caption_wrapper\">\n<div class=\"image_caption\">bst<\/div>\n<\/div>\n<\/div>\n<\/td>\n<td>\n<div class=\"gallery_image_wrapper\">\n\t\t\t\t    \t<img decoding=\"async\" src=\"https:\/\/levillagebalinais.com\/wp-content\/uploads\/2021\/02\/2-SPA-.jpg\" alt=\"\" class=\"horizontal_gallery_img\" data-height=\"75\"\/><\/p>\n<div class=\"image_caption_wrapper\">\n<div class=\"image_caption\"><\/div>\n<\/div>\n<\/div>\n<\/td>\n<td>\n<div class=\"gallery_image_wrapper\">\n\t\t\t\t    \t<img decoding=\"async\" src=\"https:\/\/levillagebalinais.com\/wp-content\/uploads\/2021\/02\/5-.jpg\" alt=\"\" class=\"horizontal_gallery_img\" data-height=\"75\"\/><\/p>\n<div class=\"image_caption_wrapper\">\n<div class=\"image_caption\"><\/div>\n<\/div>\n<\/div>\n<\/td>\n<td>\n<div class=\"gallery_image_wrapper\">\n\t\t\t\t    \t<img decoding=\"async\" src=\"https:\/\/levillagebalinais.com\/wp-content\/uploads\/2021\/02\/4-Yoga-Deck2-.jpg\" alt=\"\" class=\"horizontal_gallery_img\" data-height=\"75\"\/><\/p>\n<div class=\"image_caption_wrapper\">\n<div class=\"image_caption\"><\/div>\n<\/div>\n<\/div>\n<\/td>\n<td>\n<div class=\"gallery_image_wrapper\">\n\t\t\t\t    \t<img decoding=\"async\" src=\"https:\/\/levillagebalinais.com\/wp-content\/uploads\/2021\/02\/3-SPA-2.jpg\" alt=\"\" class=\"horizontal_gallery_img\" data-height=\"75\"\/><\/p>\n<div class=\"image_caption_wrapper\">\n<div class=\"image_caption\"><\/div>\n<\/div>\n<\/div>\n<\/td>\n<\/tr>\n<\/tbody>\n<\/table><\/div>\n<\/p><\/div>\n<div  class=\"one withsmallpadding ppb_text\" style=\"text-align:left;padding:40px 0 40px 0;\" >\n<div class=\"standard_wrapper\">\n<div class=\"page_content_wrapper wide\">\n<div class=\"inner\">\n<div style=\"margin:auto;width:100%\">\n<div class=\"pp_accordion_close has_icon\">\n<h3><a href=\"#\">Accessibilit\u00e9<\/a><\/h3>\n<div>\n<ul>\n<li> Sud Est de Bali \u00e0 45 mn de Sanur.<\/li>\n<\/ul>\n<\/div>\n<\/div>\n<div class=\"pp_accordion_close has_icon\">\n<h3><a href=\"#\">Insertion dans l\u2019environnement<\/a><\/h3>\n<div>\n<ul>\n<li> Adoss\u00e9 \u00e0 un ressort proposant cours de Yoga dans un superbe espace Yoga Mandala, centre de fitness, sauna, piscine, un  jolie spa  compos\u00e9 de 5 cabines en bambou s\u2019ins\u00e8re dans un jardin tropical et botanique en bord de mer, plage de sable noir. <\/li>\n<\/ul>\n<\/div>\n<\/div>\n<div class=\"pp_accordion_close has_icon\">\n<h3><a href=\"#\">Architecture<\/a><\/h3>\n<div>\n<ul>\n<li> Hotel Moderne ; 6 bungalows spa dans un jardin tropical <\/li>\n<\/ul>\n<\/div>\n<\/div>\n<div class=\"pp_accordion_close has_icon\">\n<h3><a href=\"#\">Accueil <\/a><\/h3>\n<div>\n<ul>\n<li> Agr\u00e9able et Souriant<\/li>\n<\/ul>\n<\/div>\n<\/div>\n<div class=\"pp_accordion_close has_icon\">\n<h3><a href=\"#\">Traitement Test\u00e9<\/a><\/h3>\n<div>\n<ul>\n<li> dur\u00e9e : 120 mn  massage balinais europ\u00e9anis\u00e9, marque am\u00e9ricaine \u00e0 base de produits naturels de qualit\u00e9 pour le gommage. Toucher d\u00e9licat et doux,  bon soin\n <\/li>\n<\/ul>\n<\/div>\n<\/div>\n<div class=\"pp_accordion_close has_icon\">\n<h3><a href=\"#\">Recommandation<\/a><\/h3>\n<div>\n<ul>\n<li> Oui \u00e0 faire 2 nuits pour ceux qui veulent du repos et aiment le calme, son beau jardin tr\u00e8s reposant, ses facilit\u00e9s,  son excellent petit d\u00e9jeuner \u00e0 volont\u00e9. Tout confort\n<\/li>\n<\/ul>\n<\/div>\n<\/div>\n<div class=\"pp_accordion_close has_icon\">\n<h3><a href=\"#\">Cure de retraites du Village Balinais<\/a><\/h3>\n<div>\n<ul>\n<li> Inclus<\/li>\n<\/ul>\n<\/div>\n<\/div>\n<\/div>\n<\/div>\n<\/div>\n<\/div>\n<\/div>\n<div  class=\"one ppb_image_fixed_width\"  style=\"padding-top:40px;padding-bottom:40px;\" >\n<div class=\"page_content_wrapper\">\n<div class=\"inner\">\n<div class=\"image_classic_frame\">\n<div class=\"image_wrapper\"><a href=\"https:\/\/levillagebalinais.com\/wp-content\/uploads\/2020\/10\/12-RUTH-INDIATHI-ET-Wonderful-Indonesia-.png\" class=\"img_frame\"><img decoding=\"async\" src=\"https:\/\/levillagebalinais.com\/wp-content\/uploads\/2020\/10\/12-RUTH-INDIATHI-ET-Wonderful-Indonesia-.png\" alt=\"\" class=\"portfolio_img\"\/><\/a><\/div>\n<\/div>\n<\/div>\n<\/div>\n<\/div>\n<div class=\"standard_wrapper\">\n<div  class=\"ppb_contact_sidebar one withsmallpadding\" style=\"padding:40px 0 40px 0;\" >\n<div class=\"page_content_wrapper wide\">\n<div class=\"inner\">\n<div class=\"inner_wrapper\">\n<div class=\"sidebar_content \">\n<h2 class=\"ppb_title\">Contact<\/h2>\n<div class=\"contact_form7_wrapper\">\n<div role=\"form\" class=\"wpcf7\" id=\"wpcf7-f5-o1\" lang=\"en-US\" dir=\"ltr\">\n<div class=\"screen-reader-response\">\n<p role=\"status\" aria-live=\"polite\" aria-atomic=\"true\">\n<ul><\/ul>\n<\/div>\n<form action=\"\/wp-admin\/post.php#wpcf7-f5-o1\" method=\"post\" class=\"wpcf7-form init\" novalidate=\"novalidate\" data-status=\"init\">\n<div style=\"display: none;\">\n<input type=\"hidden\" name=\"_wpcf7\" value=\"5\" \/><br \/>\n<input type=\"hidden\" name=\"_wpcf7_version\" value=\"5.4\" \/><br \/>\n<input type=\"hidden\" name=\"_wpcf7_locale\" value=\"en_US\" \/><br \/>\n<input type=\"hidden\" name=\"_wpcf7_unit_tag\" value=\"wpcf7-f5-o1\" \/><br \/>\n<input type=\"hidden\" name=\"_wpcf7_container_post\" value=\"0\" \/><br \/>\n<input type=\"hidden\" name=\"_wpcf7_posted_data_hash\" value=\"\" \/>\n<\/div>\n<p>\n    <span class=\"wpcf7-form-control-wrap your-name\"><input type=\"text\" name=\"your-name\" value=\"\" size=\"40\" class=\"wpcf7-form-control wpcf7-text wpcf7-validates-as-required\" aria-required=\"true\" aria-invalid=\"false\" placeholder=\"Nom\/Pr\u00e9nom*\" \/><\/span> <\/p>\n<p>\n    <span class=\"wpcf7-form-control-wrap your-email\"><input type=\"email\" name=\"your-email\" value=\"\" size=\"40\" class=\"wpcf7-form-control wpcf7-text wpcf7-email wpcf7-validates-as-required wpcf7-validates-as-email\" aria-required=\"true\" aria-invalid=\"false\" placeholder=\"Adresse Email*\" \/><\/span> <\/p>\n<p>\n    <span class=\"wpcf7-form-control-wrap your-message\"><textarea name=\"your-message\" cols=\"40\" rows=\"5\" class=\"wpcf7-form-control wpcf7-textarea\" aria-invalid=\"false\" placeholder=\"Votre Message*\"><\/textarea><\/span> <\/p>\n<p><input type=\"submit\" value=\"Envoyer\" class=\"wpcf7-form-control wpcf7-submit\" \/><\/p>\n<div class=\"wpcf7-response-output\" aria-hidden=\"true\"><\/div>\n<\/form>\n<\/div>\n<\/div>\n<\/div>\n<div class=\"sidebar_wrapper \">\n<div class=\"sidebar\">\n<div class=\"content\">\n<ul class=\"sidebar_widget\">\n<li id=\"grandspa_recent_posts-2\" class=\"widget grandspa_Recent_Posts\">\n<h2 class=\"widgettitle\"><span>Recent Posts<\/span><\/h2>\n<ul class=\"posts blog withthumb \">\n<li><a href=\"https:\/\/levillagebalinais.com\/index.php\/2021\/03\/13\/mon-village-natal-kampung-kademangan\/\">Mon village natal : Kampung Kademangan<\/a>\n<div class=\"post_attribute\">13 mars 2021<\/div>\n<\/li>\n<li>\n<div class=\"post_circle_thumb\"><a href=\"https:\/\/levillagebalinais.com\/index.php\/2021\/03\/09\/formation-a-venir-au-mois-de-mars-2021\/\"><img decoding=\"async\" src=\"https:\/\/levillagebalinais.com\/wp-content\/uploads\/2021\/03\/how-can-make-sure-prenatal-massage-safe-2160X1200-960x636-1-150x150.jpg\" alt=\"\" \/><\/a><\/div>\n<p><a href=\"https:\/\/levillagebalinais.com\/index.php\/2021\/03\/09\/formation-a-venir-au-mois-de-mars-2021\/\">Formation \u00e0 venir au mois de Mars 2021<\/a><\/p>\n<div class=\"post_attribute\">9 mars 2021<\/div>\n<\/li>\n<li>\n<div class=\"post_circle_thumb\"><a href=\"https:\/\/levillagebalinais.com\/index.php\/2021\/03\/09\/70-ans-france-indonesie\/\"><img decoding=\"async\" src=\"https:\/\/levillagebalinais.com\/wp-content\/uploads\/2021\/03\/1-70-ANS-FRANCE-INDONESIE-150x150.jpg\" alt=\"\" \/><\/a><\/div>\n<p><a href=\"https:\/\/levillagebalinais.com\/index.php\/2021\/03\/09\/70-ans-france-indonesie\/\">70 ans France Indon\u00e9sie<\/a><\/p>\n<div class=\"post_attribute\">9 mars 2021<\/div>\n<\/li>\n<\/ul>\n<\/li>\n<li id=\"mc4wp_form_widget-3\" class=\"widget widget_mc4wp_form_widget\">\n<h2 class=\"widgettitle\"><span>Newsletter<\/span><\/h2>\n<p><script>(function() {\n\twindow.mc4wp = window.mc4wp || {\n\t\tlisteners: [],\n\t\tforms: {\n\t\t\ton: function(evt, cb) {\n\t\t\t\twindow.mc4wp.listeners.push(\n\t\t\t\t\t{\n\t\t\t\t\t\tevent   : evt,\n\t\t\t\t\t\tcallback: cb\n\t\t\t\t\t}\n\t\t\t\t);\n\t\t\t}\n\t\t}\n\t}\n})();\n<\/script><!-- Mailchimp for WordPress v4.8.3 - https:\/\/wordpress.org\/plugins\/mailchimp-for-wp\/ --><\/p>\n<form id=\"mc4wp-form-1\" class=\"mc4wp-form mc4wp-form-81\" method=\"post\" data-id=\"81\" data-name=\"S&#039;abonner \u00e0 notre Newsletter\" >\n<div class=\"mc4wp-form-fields\">\n<p>\n    <label>Adresse de courrier \u00e9lectronique<\/label><br \/>\n    <input type=\"email\" name=\"EMAIL\"\n    placeholder=\"Renseignez votre adresse e-mail\" required=\"\"><br \/>\n    <input type=\"submit\" value=\"Abonnez-vous\">\n<\/p>\n<\/div>\n<p><label style=\"display: none !important;\">Laissez ce champ vide si vous \u00eates humain\u00a0: <input type=\"text\" name=\"_mc4wp_honeypot\" value=\"\" tabindex=\"-1\" autocomplete=\"off\" \/><\/label><input type=\"hidden\" name=\"_mc4wp_timestamp\" value=\"1615637305\" \/><input type=\"hidden\" name=\"_mc4wp_form_id\" value=\"81\" \/><input type=\"hidden\" name=\"_mc4wp_form_element_id\" value=\"mc4wp-form-1\" \/><\/p>\n<div class=\"mc4wp-response\"><\/div>\n<\/form>\n<p><!-- \/ Mailchimp for WordPress Plugin --><\/li>\n<li id=\"grandspa_social_profiles_posts-2\" class=\"widget grandspa_Social_Profiles_Posts\">\n<h2 class=\"widgettitle\"><span>Follow Us On<\/span><\/h2>\n<div class=\"social_wrapper shortcode light small\">\n<ul>\n<li class=\"facebook\"><a target=\"_blank\" title=\"Facebook\" href=\"http:\/\/www.facebook.com\/levillagebalinais\/\" rel=\"noopener\"><i class=\"fa fa-facebook\"><\/i><\/a><\/li>\n<li class=\"youtube\"><a target=\"_blank\" title=\"Youtube\" href=\"https:\/\/www.youtube.com\/channel\/UCM3Eys_bmt16KWyEHOxR9LA\" rel=\"noopener\"><i class=\"fa fa-youtube\"><\/i><\/a><\/li>\n<li class=\"linkedin\"><a target=\"_blank\" title=\"Linkedin\" href=\"https:\/\/www.linkedin.com\/in\/ruth-indiathi-09607193\/\" rel=\"noopener\"><i class=\"fa fa-linkedin\"><\/i><\/a><\/li>\n<li class=\"instagram\"><a target=\"_blank\" title=\"Instagram\" href=\"https:\/\/instagram.com\/ruthindiathi\" rel=\"noopener\"><i class=\"fa fa-instagram\"><\/i><\/a><\/li>\n<\/ul>\n<\/div>\n<\/li>\n<\/ul>\n<\/div>\n<\/div>\n<\/div>\n<\/div>\n<\/div>\n<\/div>\n<\/div>\n<\/div>\n","protected":false},"excerpt":{"rendered":"<p>Spas&#038;Retraites Traditionnels SRT 1 Spa et Retraite Traditonnelle Authentique coup de coeur! Ritual balinese bath : Accessibilit\u00e9 Sud Est de Bali, \u00e0 45mn d\u2019Ubud. Insertion dans l\u2019environnement Entre volcan Agung, cascade et rivi\u00e8re, sur un flanc de colline, avec vue [&hellip;]<\/p>\n","protected":false},"author":1,"featured_media":5221,"parent":3605,"menu_order":0,"comment_status":"closed","ping_status":"closed","template":"","meta":{"_monsterinsights_skip_tracking":false,"_monsterinsights_sitenote_active":false,"_monsterinsights_sitenote_note":"","_monsterinsights_sitenote_category":0,"footnotes":""},"class_list":["post-4887","page","type-page","status-publish","has-post-thumbnail","hentry"],"_links":{"self":[{"href":"https:\/\/levillagebalinais.com\/index.php\/wp-json\/wp\/v2\/pages\/4887","targetHints":{"allow":["GET"]}}],"collection":[{"href":"https:\/\/levillagebalinais.com\/index.php\/wp-json\/wp\/v2\/pages"}],"about":[{"href":"https:\/\/levillagebalinais.com\/index.php\/wp-json\/wp\/v2\/types\/page"}],"author":[{"embeddable":true,"href":"https:\/\/levillagebalinais.com\/index.php\/wp-json\/wp\/v2\/users\/1"}],"replies":[{"embeddable":true,"href":"https:\/\/levillagebalinais.com\/index.php\/wp-json\/wp\/v2\/comments?post=4887"}],"version-history":[{"count":13,"href":"https:\/\/levillagebalinais.com\/index.php\/wp-json\/wp\/v2\/pages\/4887\/revisions"}],"predecessor-version":[{"id":5632,"href":"https:\/\/levillagebalinais.com\/index.php\/wp-json\/wp\/v2\/pages\/4887\/revisions\/5632"}],"up":[{"embeddable":true,"href":"https:\/\/levillagebalinais.com\/index.php\/wp-json\/wp\/v2\/pages\/3605"}],"wp:featuredmedia":[{"embeddable":true,"href":"https:\/\/levillagebalinais.com\/index.php\/wp-json\/wp\/v2\/media\/5221"}],"wp:attachment":[{"href":"https:\/\/levillagebalinais.com\/index.php\/wp-json\/wp\/v2\/media?parent=4887"}],"curies":[{"name":"wp","href":"https:\/\/api.w.org\/{rel}","templated":true}]}}