{"id":3817,"date":"2020-10-24T16:42:01","date_gmt":"2020-10-24T14:42:01","guid":{"rendered":"https:\/\/levillagebalinais.com\/?page_id=3817"},"modified":"2021-05-09T14:43:17","modified_gmt":"2021-05-09T12:43:17","slug":"biographie","status":"publish","type":"page","link":"https:\/\/levillagebalinais.com\/index.php\/ruth-indiati\/biographie\/","title":{"rendered":"Biographie"},"content":{"rendered":"<div  class=\"one withsmallpadding ppb_text\" style=\"padding-bottom:0px !important;text-align:center;padding:60px 0 60px 0;\" >\n<div class=\"standard_wrapper\">\n<div class=\"page_content_wrapper wide\">\n<div class=\"inner\">\n<div style=\"margin:auto;width:100%\">\n<h1>Ruth Indiathi<\/h1>\n<\/div>\n<\/div>\n<\/div>\n<\/div>\n<\/div>\n<div class=\"standard_wrapper\">\n<div class=\"one withsmallpadding ppb_line_divider\"  style=\"text-align:center;padding:0px 0 0px 0;\" >\n<div class=\"page_content_wrapper wide\">\n<div class=\"inner\">\n<div class=\"line_divider_border\" style=\"width:100px;border-color:#e1e1e1;\"><\/div>\n<div class=\"line_divider_seperator\"><i class=\"fa fa-leaf\" style=\"color:#efa697;\"><\/i><\/div>\n<div class=\"line_divider_border\" style=\"width:100px;border-color:#e1e1e1;\"><\/div>\n<\/div>\n<\/div>\n<\/div>\n<\/div>\n<div  class=\"one withsmallpadding ppb_text\" style=\"text-align:left;padding:40px 0 40px 0;\" >\n<div class=\"standard_wrapper\">\n<div class=\"page_content_wrapper wide\">\n<div class=\"inner\">\n<div style=\"margin:auto;width:100%\">\n<p><em>Ruth Indiathi sillonne l\u2019archipel indon\u00e9sien depuis de nombreuses ann\u00e9es pour recueillir le t\u00e9moignage des pratiques traditionnelles du spa, tenir compte des tendances et d\u00e9nicher les bonnes adresses de cures et retraites \u00e0 Bali. Ses connaissances des traitements rares indon\u00e9siens d\u2019esth\u00e9tique et de bien-\u00eatre, son exp\u00e9rience de 26 ann\u00e9es de pratique internationale, de transmission, de partage, de clinique aupr\u00e8s des clients indon\u00e9siens d\u00e8s 1995 et depuis 2003 en Europe l\u2019a conduite \u00e0 cr\u00e9er le Village Balinais. Le Village Balinais : une nouvelle approche des massages balinais en cabine.<\/em> <\/p>\n<\/div>\n<\/div>\n<\/div>\n<\/div>\n<\/div>\n<div  class=\"one ppb_image_fixed_width\"  style=\"padding-top:40px;padding-bottom:40px;\" >\n<div class=\"page_content_wrapper\">\n<div class=\"inner\">\n<div class=\"image_classic_frame\">\n<div class=\"image_wrapper\"><a href=\"https:\/\/levillagebalinais.com\/wp-content\/uploads\/2020\/10\/1portrait-1-Ruth-Indiathi.jpg\" class=\"img_frame\"><img decoding=\"async\" src=\"https:\/\/levillagebalinais.com\/wp-content\/uploads\/2020\/10\/1portrait-1-Ruth-Indiathi.jpg\" alt=\"\" class=\"portfolio_img\"\/><\/a><\/div>\n<div class=\"ppb_image_caption\">RUTH INDIATHI<\/div>\n<\/div>\n<\/div>\n<\/div>\n<\/div>\n<div  class=\"one withsmallpadding ppb_text\" style=\"text-align:left;padding:40px 0 40px 0;\" >\n<div class=\"standard_wrapper\">\n<div class=\"page_content_wrapper wide\">\n<div class=\"inner\">\n<div style=\"margin:auto;width:100%\">\n<p>Install\u00e9e en France depuis 2003, elle connait tr\u00e8s bien les probl\u00e9matiques des corps \u00e9voluant dans la culture europ\u00e9enne pour avoir mass\u00e9 sa client\u00e8le dans tous les espaces (instituts, spas, palaces, domicile) jusqu\u2019aujourd\u2019hui. Elle met au service de ses clients priv\u00e9s une approche personnelle approfondie qui s\u2019appuie sur la modernit\u00e9 occidentale pour sublimer l\u2019accueil oriental  et l\u2019approche indon\u00e9sienne du bien-\u00eatre. Elle appelle de ses v\u0153ux les esth\u00e9ticiennes et les th\u00e9rapeutes  \u00e0 un v\u00e9ritable retour  \u00e0 l\u2019esprit balino-javanais du massage traditionnel  en cabine.<br \/>\n<strong>Cr\u00e9atrice des protocoles pijat Bali et initiatrice de ces nouvelles pratiques en France depuis 2003<\/strong>, Ruth Indiathi invite les professionnels qui d\u00e9sirent se former \u00e0 ses protocoles \u00e0 retrouver en cabine cette communication fondamentale, pr\u00e9coce, authentique, et apaisante qui se d\u00e9plie tout au long de la r\u00e9alisation des massages balinais, source d\u2019un lien de qualit\u00e9 et d\u2019un \u00e9panouissement esth\u00e9tique profond et durable. Issue des influences historiques de la route des \u00e9pices et de l&#8217;enracinement dans la culture et la mythologie balino-javanaise, le v\u00e9ritable centre de gravit\u00e9 des Pijat Bali se situe dans la qualit\u00e9 de la relation corporelle mise en place durant une s\u00e9ance de massage balinais.<br \/>\nSon travail est \u00e0 ce sujet soutenu par l\u2019ambassade d\u2019Indon\u00e9sie en France, Bapak Arrmanatha Christiawan Nasir, la vice minist\u00e8re du tourisme indon\u00e9sien Ibu Nia Niscaya pour la raret\u00e9 et la qualit\u00e9 de son approche.<\/p>\n<\/div>\n<\/div>\n<\/div>\n<\/div>\n<\/div>\n<div  class=\"one ppb_image_fixed_width\"  style=\"padding-top:40px;padding-bottom:40px;\" >\n<div class=\"page_content_wrapper\">\n<div class=\"inner\">\n<div class=\"image_classic_frame\">\n<div class=\"image_wrapper\"><a href=\"https:\/\/levillagebalinais.com\/wp-content\/uploads\/2020\/11\/12-ambassadeur-avec-Ruth-Indiathi--scaled-e1614970359404.jpg\" class=\"img_frame\"><img decoding=\"async\" src=\"https:\/\/levillagebalinais.com\/wp-content\/uploads\/2020\/11\/12-ambassadeur-avec-Ruth-Indiathi--scaled-e1614970359404.jpg\" alt=\"\" class=\"portfolio_img\"\/><\/a><\/div>\n<div class=\"ppb_image_caption\">KBRI (ambassade d&rsquo;Indon\u00e9sie) -VILLAGE BALINAIS-IKFI ( association des familles franco-indon\u00e9sienne)<\/div>\n<\/div>\n<\/div>\n<\/div>\n<\/div>\n<div  class=\"one withsmallpadding ppb_text\" style=\"text-align:left;padding:40px 0 40px 0;\" >\n<div class=\"standard_wrapper\">\n<div class=\"page_content_wrapper wide\">\n<div class=\"inner\">\n<div style=\"margin:auto;width:100%\">\n<p>Monsieur l\u2019ambassadeur d\u2019Indon\u00e9sie en France visite le Village Balinais au Thermalies, Caroussel du  Louvre, Paris. Madame la vice-ministre du tourisme indon\u00e9sien vient apporter son soutien au stand Indon\u00e9sie au salon du tourisme IFTM Top Resa, Porte de Versailles \u00e0 Paris. L&#8217;\u00e9quipe du Village Balinais y anime le stand massage.<\/p>\n<\/div>\n<\/div>\n<\/div>\n<\/div>\n<\/div>\n<div  class=\"one ppb_two_cols_images\" style=\"padding:40px 0 40px 0;\" >\n<div class=\"page_content_wrapper standard_wrapper\">\n<div class=\"inner\">\n<div class=\"one_half\">\n<div class=\"image_classic_frame expand\">\n<div class=\"image_wrapper\"><a href=\"https:\/\/levillagebalinais.com\/wp-content\/uploads\/2021\/03\/Ibu-Nia-Niscaya-scaled-e1614966434217.jpg\" class=\"img_frame\"><img decoding=\"async\" src=\"https:\/\/levillagebalinais.com\/wp-content\/uploads\/2021\/03\/Ibu-Nia-Niscaya-scaled-e1614966434217.jpg\" alt=\"Ibu Nia Niscaya\" class=\"portfolio_img\"\/><\/a><\/div>\n<div class=\"ppb_image_caption\">Ibu Nia Niscaya <\/div>\n<\/div>\n<\/div>\n<div class=\"one_half last\">\n<div class=\"image_classic_frame expand\">\n<div class=\"image_wrapper\"><a href=\"https:\/\/levillagebalinais.com\/wp-content\/uploads\/2020\/10\/GARUDA-INDONESIA-1.jpg\" class=\"img_frame\"><img decoding=\"async\" src=\"https:\/\/levillagebalinais.com\/wp-content\/uploads\/2020\/10\/GARUDA-INDONESIA-1.jpg\" alt=\"\" class=\"portfolio_img\"\/><\/a><\/div>\n<\/div>\n<\/div>\n<\/div>\n<\/div>\n<\/div>\n<div  class=\"one withsmallpadding ppb_text\" style=\"text-align:left;padding:40px 0 40px 0;\" >\n<div class=\"standard_wrapper\">\n<div class=\"page_content_wrapper wide\">\n<div class=\"inner\">\n<div style=\"margin:auto;width:100%\">\n<p>Enfin son r\u00eave : avoir le soutien de son Pr\u00e9sident Bapak Joko Widodo qui ouvre tranquillement le chemin \u00e0 une Indon\u00e9sie moderne, heureuse, r\u00e9siliente, \u00e9cologique et non polluante! Le rencontrer, lui serrer la main et s\u2019entrenir avec lui de l\u2019avenir des femmes en Indon\u00e9sie, dans la soci\u00e9t\u00e9, dans l\u2019entreprenariat et le  bien-\u00eatre.  \u00ab Impian saya Indonesia Maju ! \u00bb<\/p>\n<\/div>\n<\/div>\n<\/div>\n<\/div>\n<\/div>\n<div  class=\"one ppb_image_fixed_width\"  style=\"padding-top:40px;padding-bottom:40px;\" >\n<div class=\"page_content_wrapper\">\n<div class=\"inner\">\n<div class=\"image_classic_frame\">\n<div class=\"image_wrapper\"><a href=\"https:\/\/levillagebalinais.com\/wp-content\/uploads\/2021\/03\/20190729_070852-scaled-e1614970164844.jpg\" class=\"img_frame\"><img decoding=\"async\" src=\"https:\/\/levillagebalinais.com\/wp-content\/uploads\/2021\/03\/20190729_070852-scaled-e1614970164844.jpg\" alt=\"\" class=\"portfolio_img\"\/><\/a><\/div>\n<div class=\"ppb_image_caption\">Expo photo a\u00e9roport Bali<\/div>\n<\/div>\n<\/div>\n<\/div>\n<\/div>\n<div  class=\"one withsmallpadding ppb_text\" style=\"text-align:left;padding:40px 0 40px 0;\" >\n<div class=\"standard_wrapper\">\n<div class=\"page_content_wrapper wide\">\n<div class=\"inner\">\n<div style=\"margin:auto;width:100%\">\n<p>Native d\u2019Indon\u00e9sie, Ruth a grandi sur les iles de Java, Sulawesi et Bali. Elle y a suivi un enseignement  initiale de coiffeuse, d\u2019esth\u00e9ticienne et de balinese therapist. Elle y a exerc\u00e9 pendant 8 ans avant de collaborer \u00e0 Paris avec des palaces parisiens et des grandes marques comme les Cinq Monde, Op\u00e9ra et les Six Senses Spa, rue de Castiglione, Paris, France.<\/p>\n<\/div>\n<\/div>\n<\/div>\n<\/div>\n<\/div>\n<div class=\"standard_wrapper\">\n<div  class=\"ppb_three_cols_images one\" style=\"padding:40px 0 40px 0;\" >\n<div class=\"page_content_wrapper wide\">\n<div class=\"inner\">\n<div class=\"one_third\">\n<div class=\"image_classic_frame expand\">\n<div class=\"image_wrapper\"><a href=\"https:\/\/levillagebalinais.com\/wp-content\/uploads\/2020\/10\/5-RUTH-INDIATHI-ET-NOUVELLES-ESTHETIQUES-scaled-e1603553869994.jpg\" class=\"img_frame\"><img decoding=\"async\" src=\"https:\/\/levillagebalinais.com\/wp-content\/uploads\/2020\/10\/5-RUTH-INDIATHI-ET-NOUVELLES-ESTHETIQUES-scaled-e1603553869994.jpg\" alt=\"\" class=\"portfolio_img\"\/><\/a><\/div>\n<\/div>\n<\/div>\n<div class=\"one_third\">\n<div class=\"image_classic_frame expand\">\n<div class=\"image_wrapper\"><a href=\"https:\/\/levillagebalinais.com\/wp-content\/uploads\/2020\/11\/PG-PARIS-CAPITALE-SIX-SENSES-scaled.jpg\" class=\"img_frame\"><img decoding=\"async\" src=\"https:\/\/levillagebalinais.com\/wp-content\/uploads\/2020\/11\/PG-PARIS-CAPITALE-SIX-SENSES-scaled.jpg\" alt=\"\" class=\"portfolio_img\"\/><\/a><\/div>\n<\/div>\n<\/div>\n<div class=\"one_third last\">\n<div class=\"image_classic_frame\">\n<div class=\"image_wrapper\"><a href=\"https:\/\/levillagebalinais.com\/wp-content\/uploads\/2020\/11\/Paris-capitale-Mars-2011-DIVISE-2-1-scaled.jpg\" class=\"img_frame\"><img decoding=\"async\" src=\"https:\/\/levillagebalinais.com\/wp-content\/uploads\/2020\/11\/Paris-capitale-Mars-2011-DIVISE-2-1-scaled.jpg\" alt=\"\" class=\"portfolio_img\"\/><\/a><\/div>\n<div class=\"ppb_image_caption\">Ruth Indiathi d\u00e9livre son expertise des massages balinais au Six Senses, Paris<\/div>\n<\/div>\n<\/div>\n<\/div>\n<\/div>\n<\/div>\n<\/div>\n<div  class=\"one withsmallpadding ppb_text\" style=\"text-align:left;padding:40px 0 40px 0;\" >\n<div class=\"standard_wrapper\">\n<div class=\"page_content_wrapper wide\">\n<div class=\"inner\">\n<div style=\"margin:auto;width:100%\">\n<p>Passionn\u00e9e par le bien-\u00eatre d\u2019Indon\u00e9sie qu\u2019elle d\u00e9sire promouvoir en France, elle cr\u00e9e l\u2019entreprise du Village Balinais en 2007 auquel elle associe un organisme de formation professionnelle en 2011 consacr\u00e9 aux massages balinais.<\/p>\n<\/div>\n<\/div>\n<\/div>\n<\/div>\n<\/div>\n<div  class=\"one ppb_two_cols_images\" style=\"padding:40px 0 40px 0;\" >\n<div class=\"page_content_wrapper standard_wrapper\">\n<div class=\"inner\">\n<div class=\"one_half\">\n<div class=\"image_classic_frame expand\">\n<div class=\"image_wrapper\"><a href=\"https:\/\/levillagebalinais.com\/wp-content\/uploads\/2020\/10\/6-RUTH-INDIATHI-fondatrice-du-Village-Balinais-Formation-e1603555864520.png\" class=\"img_frame\"><img decoding=\"async\" src=\"https:\/\/levillagebalinais.com\/wp-content\/uploads\/2020\/10\/6-RUTH-INDIATHI-fondatrice-du-Village-Balinais-Formation-e1603555864520.png\" alt=\"\" class=\"portfolio_img\"\/><\/a><\/div>\n<\/div>\n<\/div>\n<div class=\"one_half last\">\n<div class=\"image_classic_frame expand\">\n<div class=\"image_wrapper\"><a href=\"https:\/\/levillagebalinais.com\/wp-content\/uploads\/2021\/02\/5-SALLE-VILLAGE-BALINAIS-scaled.jpg\" class=\"img_frame\"><img decoding=\"async\" src=\"https:\/\/levillagebalinais.com\/wp-content\/uploads\/2021\/02\/5-SALLE-VILLAGE-BALINAIS-scaled.jpg\" alt=\"\" class=\"portfolio_img\"\/><\/a><\/div>\n<\/div>\n<\/div>\n<\/div>\n<\/div>\n<\/div>\n<div  class=\"one withsmallpadding ppb_text\" style=\"text-align:left;padding:40px 0 40px 0;\" >\n<div class=\"standard_wrapper\">\n<div class=\"page_content_wrapper wide\">\n<div class=\"inner\">\n<div style=\"margin:auto;width:100%\">\n<p>Durant les temps d\u2019ouverture du Village Balinais Formation, notre centre est un lieu pour se former, b\u00e9n\u00e9ficier de notre savoir-faire d\u2019organisme de formation professionnelle.<br \/>\nDurant les temps d\u2019ouverture du studio priv\u00e9 du Village Balinais, il est le lieu pour se ressourcer, prendre du recul, en solo ou duo, b\u00e9n\u00e9ficier des bienfaits des produits naturels exclusifs issus de la pharmacop\u00e9e indon\u00e9sienne, (jamu, aromath\u00e9rapie), d\u00e9couvrir les tissus indon\u00e9siens (batik) et recevoir des s\u00e9ances de massage balinais et d\u2019esth\u00e9tique.  <\/p>\n<p>Cr\u00e9atrice des s\u00e9ances de massages balinais pijat Bali, formatrice, spa th\u00e9rapeute, Ruth Indiathi est aussi d\u00e9monstratrice dans des congr\u00e8s internationaux.<\/p>\n<\/div>\n<\/div>\n<\/div>\n<\/div>\n<\/div>\n<div  class=\"one ppb_image_fixed_width\"  style=\"padding-top:40px;padding-bottom:40px;\" >\n<div class=\"page_content_wrapper\">\n<div class=\"inner\">\n<div class=\"image_classic_frame\">\n<div class=\"image_wrapper\"><a href=\"https:\/\/levillagebalinais.com\/wp-content\/uploads\/2020\/10\/8-RUTH-INDIATHI-ATELIER-PRATIQUUE-CNE-19-1-e1603556699307.jpg\" class=\"img_frame\"><img decoding=\"async\" src=\"https:\/\/levillagebalinais.com\/wp-content\/uploads\/2020\/10\/8-RUTH-INDIATHI-ATELIER-PRATIQUUE-CNE-19-1-e1603556699307.jpg\" alt=\"\" class=\"portfolio_img\"\/><\/a><\/div>\n<\/div>\n<\/div>\n<\/div>\n<\/div>\n<div class=\"divider one\">&nbsp;<\/div>\n<div  class=\"one withsmallpadding ppb_content_half_youtube parallax\" data-jarallax-video=\"https:\/\/youtu.be\/NuuArs1RZ-o\"  style=\"padding:40px 0 40px 0;\" >\n<div class=\"standard_wrapper\">\n<div class=\"page_content_wrapper wide\">\n<div class=\"inner\">\n<div class=\"one_half_bg\" style=\"background:#ffffff;background:rgb(255,255,255,1);background:rgba(255,255,255,1);\" data-stellar-ratio=\"1.3\">\n<h2 class=\"ppb_title\" style=\"\">Demonstration massage balinais Pijat Bali par Ruth Indiathi<\/h2>\n<div class=\"page_tagline\" style=\"\">Congr\u00e8s International d&#039;Esth\u00e9tique&amp;Spa, Porte de Versailles, Paris, France<\/div>\n<\/div>\n<\/div>\n<\/div>\n<\/div>\n<\/div>\n<div  class=\"one withsmallpadding ppb_text\" style=\"text-align:left;padding:40px 0 40px 0;\" >\n<div class=\"standard_wrapper\">\n<div class=\"page_content_wrapper wide\">\n<div class=\"inner\">\n<div style=\"margin:auto;width:100%\">\n<p>Elle participe avec son \u00e9quipe \u00e0 des \u00e9v\u00e9nementiels comme les Thermalies.  <\/p>\n<\/div>\n<\/div>\n<\/div>\n<\/div>\n<\/div>\n<div class=\"standard_wrapper\">\n<div  class=\"ppb_three_cols_images one\" style=\"padding:40px 0 40px 0;\" >\n<div class=\"page_content_wrapper wide\">\n<div class=\"inner\">\n<div class=\"one_third\">\n<div class=\"image_classic_frame expand\">\n<div class=\"image_wrapper\"><a href=\"https:\/\/levillagebalinais.com\/wp-content\/uploads\/2020\/11\/1-team-village-balinais-KBRI-scaled.jpg\" class=\"img_frame\"><img decoding=\"async\" src=\"https:\/\/levillagebalinais.com\/wp-content\/uploads\/2020\/11\/1-team-village-balinais-KBRI-scaled.jpg\" alt=\"\" class=\"portfolio_img\"\/><\/a><\/div>\n<\/div>\n<\/div>\n<div class=\"one_third\">\n<div class=\"image_classic_frame expand\">\n<div class=\"image_wrapper\"><a href=\"https:\/\/levillagebalinais.com\/wp-content\/uploads\/2020\/11\/Team-Village-Balinais-scaled.jpg\" class=\"img_frame\"><img decoding=\"async\" src=\"https:\/\/levillagebalinais.com\/wp-content\/uploads\/2020\/11\/Team-Village-Balinais-scaled.jpg\" alt=\"\" class=\"portfolio_img\"\/><\/a><\/div>\n<\/div>\n<\/div>\n<div class=\"one_third last\">\n<div class=\"image_classic_frame\">\n<div class=\"image_wrapper\"><a href=\"https:\/\/levillagebalinais.com\/wp-content\/uploads\/2020\/11\/8-client-promotion-retraite-team--scaled.jpg\" class=\"img_frame\"><img decoding=\"async\" src=\"https:\/\/levillagebalinais.com\/wp-content\/uploads\/2020\/11\/8-client-promotion-retraite-team--scaled.jpg\" alt=\"\" class=\"portfolio_img\"\/><\/a><\/div>\n<\/div>\n<\/div>\n<\/div>\n<\/div>\n<\/div>\n<\/div>\n<div  class=\"one withsmallpadding ppb_text\" style=\"text-align:left;padding:40px 0 40px 0;\" >\n<div class=\"standard_wrapper\">\n<div class=\"page_content_wrapper wide\">\n<div class=\"inner\">\n<div style=\"margin:auto;width:100%\">\n<p>Enfin elle est autrice, sp\u00e9cialiste des spas d\u2019Indon\u00e9sie et organise des s\u00e9jours de formation en immersion et de cure de bien-\u00eatre  \u00e0 Bali, Java, Lombok, Flores en Indon\u00e9sie.<\/p>\n<\/div>\n<\/div>\n<\/div>\n<\/div>\n<\/div>\n<div class=\"standard_wrapper\">\n<div  class=\"ppb_three_cols_images one\" style=\"padding:40px 0 40px 0;\" >\n<div class=\"page_content_wrapper wide\">\n<div class=\"inner\">\n<div class=\"one_third\">\n<div class=\"image_classic_frame expand\">\n<div class=\"image_wrapper\"><a href=\"https:\/\/levillagebalinais.com\/wp-content\/uploads\/2020\/10\/10-RUTH-INDIATHI-AU-SOORI-SPA-DE-BALI-scaled-e1603559375208.jpg\" class=\"img_frame\"><img decoding=\"async\" src=\"https:\/\/levillagebalinais.com\/wp-content\/uploads\/2020\/10\/10-RUTH-INDIATHI-AU-SOORI-SPA-DE-BALI-scaled-e1603559375208.jpg\" alt=\"\" class=\"portfolio_img\"\/><\/a><\/div>\n<div class=\"ppb_image_caption\">Ruth Indiathi avec l&rsquo;\u00e9quipe du Soori Spa, Bali, Indon\u00e9sie<\/div>\n<\/div>\n<\/div>\n<div class=\"one_third\">\n<div class=\"image_classic_frame expand\">\n<div class=\"image_wrapper\"><a href=\"https:\/\/levillagebalinais.com\/wp-content\/uploads\/2020\/10\/10-RUTH-INDIATHI-GROUPE-IMMERSION-LOMBOK-scaled-e1603559516249.jpg\" class=\"img_frame\"><img decoding=\"async\" src=\"https:\/\/levillagebalinais.com\/wp-content\/uploads\/2020\/10\/10-RUTH-INDIATHI-GROUPE-IMMERSION-LOMBOK-scaled-e1603559516249.jpg\" alt=\"\" class=\"portfolio_img\"\/><\/a><\/div>\n<\/div>\n<\/div>\n<div class=\"one_third last\">\n<div class=\"image_classic_frame\">\n<div class=\"image_wrapper\"><a href=\"https:\/\/levillagebalinais.com\/wp-content\/uploads\/2020\/10\/11-RUTH-INDIATHI-FORMATION-MASSAGE-BALINAIS-IMMERSION-LOMBOK-scaled-e1603559853540.jpg\" class=\"img_frame\"><img decoding=\"async\" src=\"https:\/\/levillagebalinais.com\/wp-content\/uploads\/2020\/10\/11-RUTH-INDIATHI-FORMATION-MASSAGE-BALINAIS-IMMERSION-LOMBOK-scaled-e1603559853540.jpg\" alt=\"\" class=\"portfolio_img\"\/><\/a><\/div>\n<\/div>\n<\/div>\n<\/div>\n<\/div>\n<\/div>\n<\/div>\n<div  class=\"one withsmallpadding ppb_text\" style=\"text-align:left;padding:30px 0 30px 0;\" >\n<div class=\"standard_wrapper\">\n<div class=\"page_content_wrapper wide\">\n<div class=\"inner\">\n<div style=\"margin:auto;width:100%\"><\/div>\n<\/div>\n<\/div>\n<\/div>\n<\/div>\n<div  class=\"one ppb_image_fixed_width\"  style=\"padding-top:40px;padding-bottom:40px;\" >\n<div class=\"page_content_wrapper\">\n<div class=\"inner\">\n<div class=\"image_classic_frame\">\n<div class=\"image_wrapper\"><a href=\"https:\/\/levillagebalinais.com\/wp-content\/uploads\/2020\/10\/12-RUTH-INDIATHI-ET-Wonderful-Indonesia-.png\" class=\"img_frame\"><img decoding=\"async\" src=\"https:\/\/levillagebalinais.com\/wp-content\/uploads\/2020\/10\/12-RUTH-INDIATHI-ET-Wonderful-Indonesia-.png\" alt=\"\" class=\"portfolio_img\"\/><\/a><\/div>\n<\/div>\n<\/div>\n<\/div>\n<\/div>\n<div class=\"standard_wrapper\">\n<div  class=\"ppb_blog_grid one nopadding\" style=\"padding:40px 0 40px 0;\" >\n<div class=\"page_content_wrapper wide\">\n<div class=\"inner\">\n<div class=\"inner_wrapper\">\n<div class=\"blog_grid_wrapper sidebar_content full_width ppb_blog_posts\">\n<div id=\"post-5659\" class=\"post type-post hentry status-publish \">\n<div class=\"post_wrapper grid_layout\">\n<div class=\"post_img small static\">\n\t\t    \t    \t<a href=\"https:\/\/levillagebalinais.com\/index.php\/2021\/04\/03\/formation-massages-traditionnels-a-venir-avril-et-mai-2021\/\"><br \/>\n\t\t    \t    \t\t<img decoding=\"async\" src=\"https:\/\/levillagebalinais.com\/wp-content\/uploads\/2021\/04\/how-can-make-sure-prenatal-massage-safe-2160X1200-700x466-1.jpg\" alt=\"Formation massages traditionnels \u00e0 venir : Avril et Mai 2021\" class=\"\"\/><br \/>\n\t\t                <\/a>\n\t\t    \t    <\/div>\n<div class=\"post_content_wrapper\">\n<div class=\"post_header grid\">\n<div class=\"post_detail single_post\">\n\t\t\t\t    <span class=\"post_info_date\"><br \/>\n\t\t\t\t    \t<a href=\"https:\/\/levillagebalinais.com\/index.php\/2021\/04\/03\/formation-massages-traditionnels-a-venir-avril-et-mai-2021\/\" title=\"Formation massages traditionnels \u00e0 venir : Avril et Mai 2021\">3 avril 2021<\/a><br \/>\n\t\t\t\t    <\/span>\n\t\t\t\t<\/div>\n<h6><a href=\"https:\/\/levillagebalinais.com\/index.php\/2021\/04\/03\/formation-massages-traditionnels-a-venir-avril-et-mai-2021\/\" title=\"Formation massages traditionnels \u00e0 venir : Avril et Mai 2021\">Formation massages traditionnels \u00e0 venir : Avril et Mai 2021<\/a><\/h6>\n<\/p><\/div>\n<div class=\"post_header_wrapper\">\n<div class=\"post_button_wrapper\">\n\t\t\t    \t<a class=\"readmore\" href=\"https:\/\/levillagebalinais.com\/index.php\/2021\/04\/03\/formation-massages-traditionnels-a-venir-avril-et-mai-2021\/\">Read More<span class=\"ti-angle-right\"><\/span><\/a>\n\t\t\t\t\t<\/div>\n<\/p><\/div>\n<\/div><\/div>\n<\/p><\/div>\n<div id=\"post-5629\" class=\"post type-post hentry status-publish \">\n<div class=\"post_wrapper grid_layout\">\n<div class=\"post_img small static\">\n\t\t    \t    \t<a href=\"https:\/\/levillagebalinais.com\/index.php\/2021\/03\/13\/reserver-vos-places-pour-les-massages-duo-en-avril-21\/\"><br \/>\n\t\t    \t    \t\t<img decoding=\"async\" src=\"https:\/\/levillagebalinais.com\/wp-content\/uploads\/2021\/03\/Couples_massage-5664x3399-1-1024x614-1-960x614.jpg\" alt=\"R\u00e9servez vos places pour les massages duo en Avril 21\" class=\"\"\/><br \/>\n\t\t                <\/a>\n\t\t    \t    <\/div>\n<div class=\"post_content_wrapper\">\n<div class=\"post_header grid\">\n<div class=\"post_detail single_post\">\n\t\t\t\t    <span class=\"post_info_date\"><br \/>\n\t\t\t\t    \t<a href=\"https:\/\/levillagebalinais.com\/index.php\/2021\/03\/13\/reserver-vos-places-pour-les-massages-duo-en-avril-21\/\" title=\"R\u00e9servez vos places pour les massages duo en Avril 21\">13 mars 2021<\/a><br \/>\n\t\t\t\t    <\/span>\n\t\t\t\t<\/div>\n<h6><a href=\"https:\/\/levillagebalinais.com\/index.php\/2021\/03\/13\/reserver-vos-places-pour-les-massages-duo-en-avril-21\/\" title=\"R\u00e9servez vos places pour les massages duo en Avril 21\">R\u00e9servez vos places pour les massages duo en Avril 21<\/a><\/h6>\n<\/p><\/div>\n<div class=\"post_header_wrapper\">\n<div class=\"post_button_wrapper\">\n\t\t\t    \t<a class=\"readmore\" href=\"https:\/\/levillagebalinais.com\/index.php\/2021\/03\/13\/reserver-vos-places-pour-les-massages-duo-en-avril-21\/\">Read More<span class=\"ti-angle-right\"><\/span><\/a>\n\t\t\t\t\t<\/div>\n<\/p><\/div>\n<\/div><\/div>\n<\/p><\/div>\n<div id=\"post-5552\" class=\"post type-post hentry status-publish last\">\n<div class=\"post_wrapper grid_layout\">\n<div class=\"post_img small static\">\n\t\t    \t    \t<a href=\"https:\/\/levillagebalinais.com\/index.php\/2021\/03\/09\/70-ans-france-indonesie\/\"><br \/>\n\t\t    \t    \t\t<img decoding=\"async\" src=\"https:\/\/levillagebalinais.com\/wp-content\/uploads\/2021\/03\/1-70-ANS-FRANCE-INDONESIE-960x636.jpg\" alt=\"70 ans France Indon\u00e9sie\" class=\"\"\/><br \/>\n\t\t                <\/a>\n\t\t    \t    <\/div>\n<div class=\"post_content_wrapper\">\n<div class=\"post_header grid\">\n<div class=\"post_detail single_post\">\n\t\t\t\t    <span class=\"post_info_date\"><br \/>\n\t\t\t\t    \t<a href=\"https:\/\/levillagebalinais.com\/index.php\/2021\/03\/09\/70-ans-france-indonesie\/\" title=\"70 ans France Indon\u00e9sie\">9 mars 2021<\/a><br \/>\n\t\t\t\t    <\/span>\n\t\t\t\t<\/div>\n<h6><a href=\"https:\/\/levillagebalinais.com\/index.php\/2021\/03\/09\/70-ans-france-indonesie\/\" title=\"70 ans France Indon\u00e9sie\">70 ans France Indon\u00e9sie<\/a><\/h6>\n<\/p><\/div>\n<div class=\"post_header_wrapper\">\n<div class=\"post_button_wrapper\">\n\t\t\t    \t<a class=\"readmore\" href=\"https:\/\/levillagebalinais.com\/index.php\/2021\/03\/09\/70-ans-france-indonesie\/\">Read More<span class=\"ti-angle-right\"><\/span><\/a>\n\t\t\t\t\t<\/div>\n<\/p><\/div>\n<\/div><\/div>\n<\/p><\/div>\n<\/div>\n<\/div>\n<\/div>\n<\/div>\n<\/div>\n<\/div>\n","protected":false},"excerpt":{"rendered":"<p>Ruth Indiathi Ruth Indiathi sillonne l\u2019archipel indon\u00e9sien depuis de nombreuses ann\u00e9es pour recueillir le t\u00e9moignage des pratiques traditionnelles du spa, tenir compte des tendances et d\u00e9nicher les bonnes adresses de cures et retraites \u00e0 Bali. Ses connaissances des traitements rares [&hellip;]<\/p>\n","protected":false},"author":1,"featured_media":5198,"parent":3475,"menu_order":0,"comment_status":"closed","ping_status":"closed","template":"","meta":{"_monsterinsights_skip_tracking":false,"_monsterinsights_sitenote_active":false,"_monsterinsights_sitenote_note":"","_monsterinsights_sitenote_category":0,"footnotes":""},"class_list":["post-3817","page","type-page","status-publish","has-post-thumbnail","hentry"],"_links":{"self":[{"href":"https:\/\/levillagebalinais.com\/index.php\/wp-json\/wp\/v2\/pages\/3817","targetHints":{"allow":["GET"]}}],"collection":[{"href":"https:\/\/levillagebalinais.com\/index.php\/wp-json\/wp\/v2\/pages"}],"about":[{"href":"https:\/\/levillagebalinais.com\/index.php\/wp-json\/wp\/v2\/types\/page"}],"author":[{"embeddable":true,"href":"https:\/\/levillagebalinais.com\/index.php\/wp-json\/wp\/v2\/users\/1"}],"replies":[{"embeddable":true,"href":"https:\/\/levillagebalinais.com\/index.php\/wp-json\/wp\/v2\/comments?post=3817"}],"version-history":[{"count":90,"href":"https:\/\/levillagebalinais.com\/index.php\/wp-json\/wp\/v2\/pages\/3817\/revisions"}],"predecessor-version":[{"id":5703,"href":"https:\/\/levillagebalinais.com\/index.php\/wp-json\/wp\/v2\/pages\/3817\/revisions\/5703"}],"up":[{"embeddable":true,"href":"https:\/\/levillagebalinais.com\/index.php\/wp-json\/wp\/v2\/pages\/3475"}],"wp:featuredmedia":[{"embeddable":true,"href":"https:\/\/levillagebalinais.com\/index.php\/wp-json\/wp\/v2\/media\/5198"}],"wp:attachment":[{"href":"https:\/\/levillagebalinais.com\/index.php\/wp-json\/wp\/v2\/media?parent=3817"}],"curies":[{"name":"wp","href":"https:\/\/api.w.org\/{rel}","templated":true}]}}