{"id":3487,"date":"2020-10-06T21:20:33","date_gmt":"2020-10-06T19:20:33","guid":{"rendered":"https:\/\/levillagebalinais.com\/?page_id=3487"},"modified":"2021-03-13T11:35:47","modified_gmt":"2021-03-13T10:35:47","slug":"pijat-bali","status":"publish","type":"page","link":"https:\/\/levillagebalinais.com\/index.php\/ecole-massage\/pijat-bali\/","title":{"rendered":"Pijat Bali"},"content":{"rendered":"<div  class=\"one withsmallpadding ppb_text\" style=\"padding-bottom:0px !important;text-align:center;padding:60px 0 60px 0;\" >\n<div class=\"standard_wrapper\">\n<div class=\"page_content_wrapper wide\">\n<div class=\"inner\">\n<div style=\"margin:auto;width:100%\">\n<h1>Le massage balinais Pijat Bali<\/h1>\n<\/div>\n<\/div>\n<\/div>\n<\/div>\n<\/div>\n<div class=\"standard_wrapper\">\n<div class=\"one withsmallpadding ppb_line_divider\"  style=\"text-align:center;padding:0px 0 0px 0;\" >\n<div class=\"page_content_wrapper wide\">\n<div class=\"inner\">\n<div class=\"line_divider_border\" style=\"width:100px;border-color:#e1e1e1;\"><\/div>\n<div class=\"line_divider_seperator\"><i class=\"fa fa-leaf\" style=\"color:#efa697;\"><\/i><\/div>\n<div class=\"line_divider_border\" style=\"width:100px;border-color:#e1e1e1;\"><\/div>\n<\/div>\n<\/div>\n<\/div>\n<\/div>\n<div  class=\"one withsmallpadding ppb_text\" style=\"text-align:left;padding:30px 0 30px 0;\" >\n<div class=\"standard_wrapper\">\n<div class=\"page_content_wrapper wide\">\n<div class=\"inner\">\n<div style=\"margin:auto;width:100%\">\n<p>La v\u00e9ritable pratique du Pijat Bali est un art li\u00e9 \u00e0 l\u2019\u00e9tat de \u00ab sollicitude \u00bb du praticien, certains \u00e9voqueraient la compassion et l\u2019amour empathique li\u00e9e \u00e0 une \u00e9nergie tranquille, sensuelle soignante pour d\u00e9crire ce positionnement de l\u2019esth\u00e9ticienne et\/ou du th\u00e9rapeute traditionnel balinais. Les pratiques spirituelles balinaises, Kejawen (javanaise) et les autres types de m\u00e9ditation dans les meilleurs spas de Bali et Java, associ\u00e9es aux massages balinais pr\u00e9parent les soins. <\/p>\n<p>Elles ont pour but d\u2019accroitre la sensibilit\u00e9, la concentration, le l\u00e2cher prise, la disponibilit\u00e9 et la sensualit\u00e9 chez la praticienne et d\u2019amorcer le lien entre le client et l\u2019esth\u00e9ticienne balinaise. Le client avant m\u00eame de commencer une s\u00e9ance doit \u00eatre plong\u00e9 dans un \u00e9tat de m\u00e9ditation lui aussi par les fleurs et les encens mystiques qui sont brul\u00e9s et divertissent ses sens et son esprit. L\u2019esth\u00e9ticienne a le devoir de cr\u00e9er une atmosph\u00e8re propice \u00e0 la m\u00e9ditation et l\u2019apaisement si elle veut pouvoir approfondir son travail.<\/p>\n<p>Le massage balinais favorise la lib\u00e9ration et la circulation de l\u2019\u00e9nergie vitale du corps, facilite la fluidit\u00e9 du mouvement, d\u00e9noue les tensions musculaires en y exer\u00e7ant diff\u00e9rents types de pressions.  Les effets d\u2019une s\u00e9ance ne s\u2019arr\u00eatent pas l\u00e0.  Par l\u2019approche balino-javanaise de techniques traditionnelles sp\u00e9cifiques et du client en cabine, le Pijat Bali  am\u00e9liore les capacit\u00e9s sensorielles et perceptives,  restaure la sensualit\u00e9, la souplesse mentale et l\u2019esth\u00e9tique naturelle .<\/p>\n<p>Ruth Indiathi vous guidera dans l\u2019apprentissage du Pijat Bali , synth\u00e8se structur\u00e9e des meilleures techniques pr\u00e9ventives et curatives indon\u00e9siennes et vous apportera son expertise dans l\u2019approche des techniques en cabine pour accroitre la d\u00e9tente en profondeur.<\/p>\n<p>Elle veille \u00e0 vous accompagner avec bienveillance, rigueur et de mani\u00e8re motivante pour aider chaque stagiaire \u00e0 ressortir le meilleur de lui-m\u00eame.<\/p>\n<p>La formation massage Pijat Bali se d\u00e9compose en 4 niveaux :<\/p>\n<\/div>\n<\/div>\n<\/div>\n<\/div>\n<\/div>\n<div class=\"divider one\">&nbsp;<\/div>\n<div class=\"standard_wrapper\">\n<div  class=\"ppb_image_boxed one_third\" style=\"\" >\n<div class=\"page_content_wrapper wide\">\n<div class=\"inner\">\n<div class=\"image_boxed_wrapper theme_radius\" style=\"text-align:center;>\u00ab\u00a0><img decoding=\"async\" src=\"https:\/\/levillagebalinais.com\/wp-content\/uploads\/2021\/02\/3-2-massage-ballinais-Pijat-Bali-3-JPG-scaled.jpg\" alt=\"\"\/><\/p>\n<div class=\"image_boxed_content\" style=\"padding:30px;\">\n<h3>Formation massage Balinais Niveaux 1 &#038; 2<\/h3>\n<p><center>Les bases fondamentales (32h)<\/center><\/p>\n<p>Dans cette formation au massage balinais Pijat Bali, nous vous enseignerons les bases fondamentales \u00e0 connaitre pour donner une s\u00e9ance compl\u00e8te  de massage balinais du corps, avec vos mains, vos coudes dans diff\u00e9rentes positions.<\/p>\n<p><a class=\"readmore\" href=\"https:\/\/levillagebalinais.com\/index.php\/ecole-massage\/pijat-bali\/niveau-1-2\/\">En savoir plus<\/a><\/p>\n<\/div>\n<\/div>\n<\/div>\n<\/div>\n<\/div>\n<\/div>\n<div class=\"standard_wrapper\">\n<div  class=\"ppb_image_boxed one_third\" style=\"\" >\n<div class=\"page_content_wrapper wide\">\n<div class=\"inner\">\n<div class=\"image_boxed_wrapper theme_radius\" style=\"text-align:center;>\u00ab\u00a0><img decoding=\"async\" src=\"https:\/\/levillagebalinais.com\/wp-content\/uploads\/2021\/02\/12-min-scaled.jpg\" alt=\"\"\/><\/p>\n<div class=\"image_boxed_content\" style=\"padding:30px;\">\n<h3>Formation massage Balinais Niveau 3<\/h3>\n<p><center>Sp\u00e9cialisations techniques (16h)<\/center><\/p>\n<p>Dans cette formation, nous vous proposons d\u2019enrichir vos solutions techniques  pour gagner en libert\u00e9 durant vos s\u00e9ances<\/p>\n<p><a class=\"readmore\" href=\"https:\/\/levillagebalinais.com\/index.php\/ecole-massage\/pijat-bali\/niveau-3\/\">En savoir plus<\/a><\/p>\n<\/div>\n<\/div>\n<\/div>\n<\/div>\n<\/div>\n<\/div>\n<div class=\"standard_wrapper\">\n<div  class=\"ppb_image_boxed one_third last\" style=\"\" >\n<div class=\"page_content_wrapper wide\">\n<div class=\"inner\">\n<div class=\"image_boxed_wrapper theme_radius\" style=\"text-align:center;>\u00ab\u00a0><img decoding=\"async\" src=\"https:\/\/levillagebalinais.com\/wp-content\/uploads\/2021\/02\/PB4-SITE-PRESENTATION-1--scaled.jpg\" alt=\"\"\/><\/p>\n<div class=\"image_boxed_content\" style=\"padding:30px;\">\n<h3>Formation massage balinais Niveau 4<\/h3>\n<p><center>Pijat Bali traditionnel au sol (24h)<\/center><\/p>\n<p>Nous vous proposons de gagner en puissance de d\u00e9contraction par les techniques \u00e9tirements passifs et  par la tradition en apprenant \u00e0 cr\u00e9er vos propres pochons d\u2019herbes aromatiques. Vous apprendrez \u00e9galement des techniques pr\u00e9paratoires de m\u00e9ditation pour gagner en tranquillit\u00e9 int\u00e9rieure.<\/p>\n<p><a class=\"readmore\" href=\"https:\/\/levillagebalinais.com\/index.php\/ecole-massage\/pijat-bali\/niveau-4\/\">En savoir plus<\/a><\/p>\n<\/div>\n<\/div>\n<\/div>\n<\/div>\n<\/div>\n<\/div>\n<div class=\"divider one\">&nbsp;<\/div>\n<div class=\"standard_wrapper\">\n<div  class=\"ppb_contact_sidebar one withsmallpadding\" style=\"padding:40px 0 40px 0;\" >\n<div class=\"page_content_wrapper wide\">\n<div class=\"inner\">\n<div class=\"inner_wrapper\">\n<div class=\"sidebar_content \">\n<h2 class=\"ppb_title\">Contact<\/h2>\n<div class=\"contact_form7_wrapper\">\n<div role=\"form\" class=\"wpcf7\" id=\"wpcf7-f5-o1\" lang=\"en-US\" dir=\"ltr\">\n<div class=\"screen-reader-response\">\n<p role=\"status\" aria-live=\"polite\" aria-atomic=\"true\">\n<ul><\/ul>\n<\/div>\n<form action=\"\/wp-admin\/post.php#wpcf7-f5-o1\" method=\"post\" class=\"wpcf7-form init\" novalidate=\"novalidate\" data-status=\"init\">\n<div style=\"display: none;\">\n<input type=\"hidden\" name=\"_wpcf7\" value=\"5\" \/><br \/>\n<input type=\"hidden\" name=\"_wpcf7_version\" value=\"5.4\" \/><br \/>\n<input type=\"hidden\" name=\"_wpcf7_locale\" value=\"en_US\" \/><br \/>\n<input type=\"hidden\" name=\"_wpcf7_unit_tag\" value=\"wpcf7-f5-o1\" \/><br \/>\n<input type=\"hidden\" name=\"_wpcf7_container_post\" value=\"0\" \/><br \/>\n<input type=\"hidden\" name=\"_wpcf7_posted_data_hash\" value=\"\" \/>\n<\/div>\n<p>\n    <span class=\"wpcf7-form-control-wrap your-name\"><input type=\"text\" name=\"your-name\" value=\"\" size=\"40\" class=\"wpcf7-form-control wpcf7-text wpcf7-validates-as-required\" aria-required=\"true\" aria-invalid=\"false\" placeholder=\"Nom\/Pr\u00e9nom*\" \/><\/span> <\/p>\n<p>\n    <span class=\"wpcf7-form-control-wrap your-email\"><input type=\"email\" name=\"your-email\" value=\"\" size=\"40\" class=\"wpcf7-form-control wpcf7-text wpcf7-email wpcf7-validates-as-required wpcf7-validates-as-email\" aria-required=\"true\" aria-invalid=\"false\" placeholder=\"Adresse Email*\" \/><\/span> <\/p>\n<p>\n    <span class=\"wpcf7-form-control-wrap your-message\"><textarea name=\"your-message\" cols=\"40\" rows=\"5\" class=\"wpcf7-form-control wpcf7-textarea\" aria-invalid=\"false\" placeholder=\"Votre Message*\"><\/textarea><\/span> <\/p>\n<p><input type=\"submit\" value=\"Envoyer\" class=\"wpcf7-form-control wpcf7-submit\" \/><\/p>\n<div class=\"wpcf7-response-output\" aria-hidden=\"true\"><\/div>\n<\/form>\n<\/div>\n<\/div>\n<\/div>\n<div class=\"sidebar_wrapper \">\n<div class=\"sidebar\">\n<div class=\"content\">\n<ul class=\"sidebar_widget\">\n<li id=\"grandspa_recent_posts-2\" class=\"widget grandspa_Recent_Posts\">\n<h2 class=\"widgettitle\"><span>Recent Posts<\/span><\/h2>\n<ul class=\"posts blog withthumb \">\n<li>\n<div class=\"post_circle_thumb\"><a href=\"https:\/\/levillagebalinais.com\/index.php\/2021\/03\/09\/formation-a-venir-au-mois-de-mars-2021\/\"><img decoding=\"async\" src=\"https:\/\/levillagebalinais.com\/wp-content\/uploads\/2021\/03\/how-can-make-sure-prenatal-massage-safe-2160X1200-960x636-1-150x150.jpg\" alt=\"\" \/><\/a><\/div>\n<p><a href=\"https:\/\/levillagebalinais.com\/index.php\/2021\/03\/09\/formation-a-venir-au-mois-de-mars-2021\/\">Formation \u00e0 venir au mois de Mars 2021<\/a><\/p>\n<div class=\"post_attribute\">9 mars 2021<\/div>\n<\/li>\n<li>\n<div class=\"post_circle_thumb\"><a href=\"https:\/\/levillagebalinais.com\/index.php\/2021\/03\/09\/70-ans-france-indonesie\/\"><img decoding=\"async\" src=\"https:\/\/levillagebalinais.com\/wp-content\/uploads\/2021\/03\/1-70-ANS-FRANCE-INDONESIE-150x150.jpg\" alt=\"\" \/><\/a><\/div>\n<p><a href=\"https:\/\/levillagebalinais.com\/index.php\/2021\/03\/09\/70-ans-france-indonesie\/\">70 ans France Indon\u00e9sie<\/a><\/p>\n<div class=\"post_attribute\">9 mars 2021<\/div>\n<\/li>\n<\/ul>\n<\/li>\n<li id=\"mc4wp_form_widget-3\" class=\"widget widget_mc4wp_form_widget\">\n<h2 class=\"widgettitle\"><span>Newsletter<\/span><\/h2>\n<p><script>(function() {\n\twindow.mc4wp = window.mc4wp || {\n\t\tlisteners: [],\n\t\tforms: {\n\t\t\ton: function(evt, cb) {\n\t\t\t\twindow.mc4wp.listeners.push(\n\t\t\t\t\t{\n\t\t\t\t\t\tevent   : evt,\n\t\t\t\t\t\tcallback: cb\n\t\t\t\t\t}\n\t\t\t\t);\n\t\t\t}\n\t\t}\n\t}\n})();\n<\/script><!-- Mailchimp for WordPress v4.8.3 - https:\/\/wordpress.org\/plugins\/mailchimp-for-wp\/ --><\/p>\n<form id=\"mc4wp-form-1\" class=\"mc4wp-form mc4wp-form-81\" method=\"post\" data-id=\"81\" data-name=\"S&#039;abonner \u00e0 notre Newsletter\" >\n<div class=\"mc4wp-form-fields\">\n<p>\n    <label>Adresse de courrier \u00e9lectronique<\/label><br \/>\n    <input type=\"email\" name=\"EMAIL\"\n    placeholder=\"Renseignez votre adresse e-mail\" required=\"\"><br \/>\n    <input type=\"submit\" value=\"Abonnez-vous\">\n<\/p>\n<\/div>\n<p><label style=\"display: none !important;\">Laissez ce champ vide si vous \u00eates humain\u00a0: <input type=\"text\" name=\"_mc4wp_honeypot\" value=\"\" tabindex=\"-1\" autocomplete=\"off\" \/><\/label><input type=\"hidden\" name=\"_mc4wp_timestamp\" value=\"1615631747\" \/><input type=\"hidden\" name=\"_mc4wp_form_id\" value=\"81\" \/><input type=\"hidden\" name=\"_mc4wp_form_element_id\" value=\"mc4wp-form-1\" \/><\/p>\n<div class=\"mc4wp-response\"><\/div>\n<\/form>\n<p><!-- \/ Mailchimp for WordPress Plugin --><\/li>\n<li id=\"grandspa_social_profiles_posts-2\" class=\"widget grandspa_Social_Profiles_Posts\">\n<h2 class=\"widgettitle\"><span>Follow Us On<\/span><\/h2>\n<div class=\"social_wrapper shortcode light small\">\n<ul>\n<li class=\"facebook\"><a target=\"_blank\" title=\"Facebook\" href=\"http:\/\/www.facebook.com\/levillagebalinais\/\" rel=\"noopener\"><i class=\"fa fa-facebook\"><\/i><\/a><\/li>\n<li class=\"youtube\"><a target=\"_blank\" title=\"Youtube\" href=\"https:\/\/www.youtube.com\/channel\/UCM3Eys_bmt16KWyEHOxR9LA\" rel=\"noopener\"><i class=\"fa fa-youtube\"><\/i><\/a><\/li>\n<li class=\"linkedin\"><a target=\"_blank\" title=\"Linkedin\" href=\"https:\/\/www.linkedin.com\/in\/ruth-indiathi-09607193\/\" rel=\"noopener\"><i class=\"fa fa-linkedin\"><\/i><\/a><\/li>\n<li class=\"instagram\"><a target=\"_blank\" title=\"Instagram\" href=\"https:\/\/instagram.com\/ruthindiathi\" rel=\"noopener\"><i class=\"fa fa-instagram\"><\/i><\/a><\/li>\n<\/ul>\n<\/div>\n<\/li>\n<\/ul>\n<\/div>\n<\/div>\n<\/div>\n<\/div>\n<\/div>\n<\/div>\n<\/div>\n<\/div>\n","protected":false},"excerpt":{"rendered":"<p>Le massage balinais Pijat Bali La v\u00e9ritable pratique du Pijat Bali est un art li\u00e9 \u00e0 l\u2019\u00e9tat de \u00ab sollicitude \u00bb du praticien, certains \u00e9voqueraient la compassion et l\u2019amour empathique li\u00e9e \u00e0 une \u00e9nergie tranquille, sensuelle soignante pour d\u00e9crire ce [&hellip;]<\/p>\n","protected":false},"author":1,"featured_media":5210,"parent":3483,"menu_order":0,"comment_status":"closed","ping_status":"closed","template":"","meta":{"_monsterinsights_skip_tracking":false,"_monsterinsights_sitenote_active":false,"_monsterinsights_sitenote_note":"","_monsterinsights_sitenote_category":0,"footnotes":""},"class_list":["post-3487","page","type-page","status-publish","has-post-thumbnail","hentry"],"_links":{"self":[{"href":"https:\/\/levillagebalinais.com\/index.php\/wp-json\/wp\/v2\/pages\/3487","targetHints":{"allow":["GET"]}}],"collection":[{"href":"https:\/\/levillagebalinais.com\/index.php\/wp-json\/wp\/v2\/pages"}],"about":[{"href":"https:\/\/levillagebalinais.com\/index.php\/wp-json\/wp\/v2\/types\/page"}],"author":[{"embeddable":true,"href":"https:\/\/levillagebalinais.com\/index.php\/wp-json\/wp\/v2\/users\/1"}],"replies":[{"embeddable":true,"href":"https:\/\/levillagebalinais.com\/index.php\/wp-json\/wp\/v2\/comments?post=3487"}],"version-history":[{"count":12,"href":"https:\/\/levillagebalinais.com\/index.php\/wp-json\/wp\/v2\/pages\/3487\/revisions"}],"predecessor-version":[{"id":5589,"href":"https:\/\/levillagebalinais.com\/index.php\/wp-json\/wp\/v2\/pages\/3487\/revisions\/5589"}],"up":[{"embeddable":true,"href":"https:\/\/levillagebalinais.com\/index.php\/wp-json\/wp\/v2\/pages\/3483"}],"wp:featuredmedia":[{"embeddable":true,"href":"https:\/\/levillagebalinais.com\/index.php\/wp-json\/wp\/v2\/media\/5210"}],"wp:attachment":[{"href":"https:\/\/levillagebalinais.com\/index.php\/wp-json\/wp\/v2\/media?parent=3487"}],"curies":[{"name":"wp","href":"https:\/\/api.w.org\/{rel}","templated":true}]}}