{"id":3465,"date":"2020-10-06T21:08:37","date_gmt":"2020-10-06T19:08:37","guid":{"rendered":"https:\/\/levillagebalinais.com\/?page_id=3465"},"modified":"2021-03-13T19:47:48","modified_gmt":"2021-03-13T18:47:48","slug":"accueil","status":"publish","type":"page","link":"https:\/\/levillagebalinais.com\/","title":{"rendered":"Accueil"},"content":{"rendered":"<div  class=\"one fullwidth \">\n\t\t\t<!-- START Home 1 Slider1 REVOLUTION SLIDER 6.4.2 --><\/p>\n<p class=\"rs-p-wp-fix\">\n<p>\t\t\t<rs-module-wrap id=\"rev_slider_5_1_wrapper\" data-alias=\"home-1-slider1\" data-source=\"gallery\" style=\"background:#000000;padding:0;margin:0px auto;margin-top:0;margin-bottom:0;\"><br \/>\n\t\t\t\t<rs-module id=\"rev_slider_5_1\" style=\"\" data-version=\"6.4.2\"><br \/>\n\t\t\t\t\t<rs-slides><br \/>\n\t\t\t\t\t\t<rs-slide data-key=\"rs-7\" data-title=\"Slide\" data-anim=\"ms:600;r:0;\" data-in=\"o:0;\" data-out=\"a:false;\"><br \/>\n\t\t\t\t\t\t\t<img decoding=\"async\" src=\"\/\/levillagebalinais.com\/wp-content\/uploads\/2017\/06\/slide1-bg.jpg\" title=\"Accueil\" data-panzoom=\"d:11000;ss:100;se:140;\" class=\"rev-slidebg\" data-no-retina><br \/>\n<!--\n\t\t\t\t\t\t\t--><rs-layer\n\t\t\t\t\t\t\t\tid=\"slider-5-slide-7-layer-1\" \n\t\t\t\t\t\t\t\tdata-type=\"text\"\n\t\t\t\t\t\t\t\tdata-color=\"#ffffff\"\n\t\t\t\t\t\t\t\tdata-rsp_ch=\"on\"\n\t\t\t\t\t\t\t\tdata-xy=\"x:c;y:c;yo:30px;\"\n\t\t\t\t\t\t\t\tdata-text=\"s:50;l:22;ls:-1px;fw:300;a:inherit;\"\n\t\t\t\t\t\t\t\tdata-frame_0=\"sX:0.8;sY:0.8;blu:10px;\"\n\t\t\t\t\t\t\t\tdata-frame_1=\"e:power4.out;st:1000;sp:1500;sR:1000;\"\n\t\t\t\t\t\t\t\tdata-frame_999=\"o:0;st:w;sp:1500;sR:6500;\"\n\t\t\t\t\t\t\t\tstyle=\"z-index:5;font-family:Rubik;\"\n\t\t\t\t\t\t\t>L&rsquo;art et la science de l&rsquo;or vert d&rsquo;Indon\u00e9sie<br \/>\n\t\t\t\t\t\t\t<\/rs-layer><!--\n\n\t\t\t\t\t\t\t--><rs-layer\n\t\t\t\t\t\t\t\tid=\"slider-5-slide-7-layer-2\" \n\t\t\t\t\t\t\t\tdata-type=\"text\"\n\t\t\t\t\t\t\t\tdata-color=\"rgba(255, 255, 255, 1)\"\n\t\t\t\t\t\t\t\tdata-rsp_ch=\"on\"\n\t\t\t\t\t\t\t\tdata-xy=\"x:c;y:c;yo:-25px;\"\n\t\t\t\t\t\t\t\tdata-text=\"s:50;l:22;ls:-1px;fw:300;a:inherit;\"\n\t\t\t\t\t\t\t\tdata-frame_0=\"sX:0.8;sY:0.8;blu:10px;\"\n\t\t\t\t\t\t\t\tdata-frame_1=\"e:power4.out;st:1000;sp:1500;sR:1000;\"\n\t\t\t\t\t\t\t\tdata-frame_999=\"o:0;st:w;sp:1500;sR:6500;\"\n\t\t\t\t\t\t\t\tstyle=\"z-index:6;font-family:Rubik;\"\n\t\t\t\t\t\t\t>Village Balinais<br \/>\n\t\t\t\t\t\t\t<\/rs-layer><!--\n-->\t\t\t\t\t\t<\/rs-slide><br \/>\n\t\t\t\t\t\t<rs-slide data-key=\"rs-8\" data-title=\"Slide\" data-anim=\"ms:600;r:0;\" data-in=\"o:0;\" data-out=\"a:false;\"><br \/>\n\t\t\t\t\t\t\t<img decoding=\"async\" src=\"\/\/levillagebalinais.com\/wp-content\/uploads\/2017\/06\/slide2-bg.jpg\" title=\"Accueil\" data-panzoom=\"d:11000;ss:140;se:100;\" class=\"rev-slidebg\" data-no-retina><br \/>\n<!--\n\t\t\t\t\t\t\t--><rs-layer\n\t\t\t\t\t\t\t\tid=\"slider-5-slide-8-layer-1\" \n\t\t\t\t\t\t\t\tdata-type=\"text\"\n\t\t\t\t\t\t\t\tdata-color=\"#ffffff\"\n\t\t\t\t\t\t\t\tdata-rsp_ch=\"on\"\n\t\t\t\t\t\t\t\tdata-xy=\"x:c;y:c;yo:30px;\"\n\t\t\t\t\t\t\t\tdata-text=\"s:36;l:22;ls:-1px;fw:300;a:inherit;\"\n\t\t\t\t\t\t\t\tdata-frame_0=\"sX:0.8;sY:0.8;blu:10px;\"\n\t\t\t\t\t\t\t\tdata-frame_1=\"e:power4.out;st:1000;sp:1500;sR:1000;\"\n\t\t\t\t\t\t\t\tdata-frame_999=\"o:0;st:w;sp:1500;sR:6500;\"\n\t\t\t\t\t\t\t\tstyle=\"z-index:5;font-family:Rubik;\"\n\t\t\t\t\t\t\t>Retour \u00e0 l&rsquo;esprit balinais en cabine<br \/>\n\t\t\t\t\t\t\t<\/rs-layer><!--\n\n\t\t\t\t\t\t\t--><a id=\"slider-5-slide-8-layer-2\" class=\"rs-layer\" href=\"https:\/\/levillagebalinais.com\/index.php\/studio-massage\/presentation\/\" target=\"_self\" rel=\"nofollow noopener\" data-type=\"text\" data-color=\"rgba(255, 255, 255, 1)\" data-rsp_ch=\"on\" data-xy=\"x:c;y:c;yo:-25px;\" data-text=\"s:70;l:22;ls:-1px;a:inherit;\" data-frame_0=\"sX:0.8;sY:0.8;blu:10px;\" data-frame_1=\"e:power4.out;st:1000;sp:1500;sR:1000;\" data-frame_999=\"o:0;st:w;sp:1500;sR:6500;\" style=\"z-index:6;font-family:Nothing You Could Do;\">Relaxation<br \/>\n\t\t\t\t\t\t\t<\/a><!--\n-->\t\t\t\t\t\t<\/rs-slide><br \/>\n\t\t\t\t\t\t<rs-slide data-key=\"rs-9\" data-title=\"Slide\" data-anim=\"ms:600;r:0;\" data-in=\"o:0;\" data-out=\"a:false;\"><br \/>\n\t\t\t\t\t\t\t<img decoding=\"async\" src=\"\/\/levillagebalinais.com\/wp-content\/uploads\/2017\/02\/slider_3.jpg\" title=\"Accueil\" data-panzoom=\"d:11000;ss:140;se:100;bs:10;os:150\/0;\" class=\"rev-slidebg\" data-no-retina><br \/>\n<!--\n\t\t\t\t\t\t\t--><rs-layer\n\t\t\t\t\t\t\t\tid=\"slider-5-slide-9-layer-1\" \n\t\t\t\t\t\t\t\tdata-type=\"text\"\n\t\t\t\t\t\t\t\tdata-color=\"#ffffff\"\n\t\t\t\t\t\t\t\tdata-rsp_ch=\"on\"\n\t\t\t\t\t\t\t\tdata-xy=\"x:c;y:c;yo:30px;\"\n\t\t\t\t\t\t\t\tdata-text=\"s:36;l:22;ls:-1px;fw:300;a:inherit;\"\n\t\t\t\t\t\t\t\tdata-frame_0=\"sX:0.8;sY:0.8;blu:10px;\"\n\t\t\t\t\t\t\t\tdata-frame_1=\"e:power4.out;st:1000;sp:1500;sR:1000;\"\n\t\t\t\t\t\t\t\tdata-frame_999=\"o:0;st:w;sp:1500;sR:6500;\"\n\t\t\t\t\t\t\t\tstyle=\"z-index:5;font-family:Rubik;\"\n\t\t\t\t\t\t\t>Apprendre \u00e0 l\u00e2cher prise et se relaxer<br \/>\n\t\t\t\t\t\t\t<\/rs-layer><!--\n\n\t\t\t\t\t\t\t--><a id=\"slider-5-slide-9-layer-2\" class=\"rs-layer\" href=\"https:\/\/levillagebalinais.com\/index.php\/ecole-massage\/presentation\/\" target=\"_self\" rel=\"nofollow noopener\" data-type=\"text\" data-color=\"rgba(255, 255, 255, 1)\" data-rsp_ch=\"on\" data-xy=\"x:c;y:c;yo:-25px;\" data-text=\"s:70;l:22;ls:-1px;a:inherit;\" data-frame_0=\"sX:0.8;sY:0.8;blu:10px;\" data-frame_1=\"e:power4.out;st:1000;sp:1500;sR:1000;\" data-frame_999=\"o:0;st:w;sp:1500;sR:6500;\" style=\"z-index:6;font-family:Nothing You Could Do;\">Nos Formations<br \/>\n\t\t\t\t\t\t\t<\/a><!--\n-->\t\t\t\t\t\t<\/rs-slide><br \/>\n\t\t\t\t\t<\/rs-slides><br \/>\n\t\t\t\t<\/rs-module><br \/>\n\t\t\t\t<script type=\"text\/javascript\">\n\t\t\t\t\tsetREVStartSize({c: 'rev_slider_5_1',rl:[1240,1024,778,480],el:[800],gw:[1240],gh:[800],type:'standard',justify:'',layout:'fullwidth',mh:\"0\"});\n\t\t\t\t\tvar\trevapi5,\n\t\t\t\t\t\ttpj;\n\t\t\t\t\tfunction revinit_revslider51() {\n\t\t\t\t\tjQuery(function() {\n\t\t\t\t\t\ttpj = jQuery;\n\t\t\t\t\t\trevapi5 = tpj(\"#rev_slider_5_1\");\n\t\t\t\t\t\tif(revapi5==undefined || revapi5.revolution == undefined){\n\t\t\t\t\t\t\trevslider_showDoubleJqueryError(\"rev_slider_5_1\");\n\t\t\t\t\t\t}else{\n\t\t\t\t\t\t\trevapi5.revolution({\n\t\t\t\t\t\t\t\tsliderLayout:\"fullwidth\",\n\t\t\t\t\t\t\t\tvisibilityLevels:\"1240,1024,778,480\",\n\t\t\t\t\t\t\t\tgridwidth:1240,\n\t\t\t\t\t\t\t\tgridheight:800,\n\t\t\t\t\t\t\t\tspinner:\"spinner3\",\n\t\t\t\t\t\t\t\tperspective:600,\n\t\t\t\t\t\t\t\tperspectiveType:\"local\",\n\t\t\t\t\t\t\t\teditorheight:\"800,768,960,720\",\n\t\t\t\t\t\t\t\tresponsiveLevels:\"1240,1024,778,480\",\n\t\t\t\t\t\t\t\tprogressBar:{disableProgressBar:true},\n\t\t\t\t\t\t\t\tnavigation: {\n\t\t\t\t\t\t\t\t\tonHoverStop:false\n\t\t\t\t\t\t\t\t},\n\t\t\t\t\t\t\t\tfallbacks: {\n\t\t\t\t\t\t\t\t\tallowHTML5AutoPlayOnAndroid:true\n\t\t\t\t\t\t\t\t},\n\t\t\t\t\t\t\t});\n\t\t\t\t\t\t}<\/p>\n<p>\t\t\t\t\t});\n\t\t\t\t\t} \/\/ End of RevInitScript\n\t\t\t\tvar once_revslider51 = false;\n\t\t\t\tif (document.readyState === \"loading\") {document.addEventListener('readystatechange',function() { if((document.readyState === \"interactive\" || document.readyState === \"complete\") && !once_revslider51 ) { once_revslider51 = true; revinit_revslider51();}});} else {once_revslider51 = true; revinit_revslider51();}\n\t\t\t\t<\/script><\/p>\n<style type=\"text\/css\">\t#rev_slider_5_1_wrapper rs-loader.spinner3 div { background-color: #efa697 !important; } <\/style>\n<p>\t\t\t<\/rs-module-wrap><br \/>\n\t\t\t<!-- END REVOLUTION SLIDER -->\n<\/div>\n<div  class=\"one withsmallpadding ppb_header \" style=\"text-align:center;padding:40px 0 40px 0;\" >\n<div class=\"standard_wrapper\">\n<div class=\"page_content_wrapper wide\">\n<div class=\"inner\">\n<div style=\"margin:auto;width:100%\">\n<h2 class=\"ppb_title\" style=\"\">Le Village Balinais<\/h2>\n<div class=\"page_tagline\" style=\"\">Studio et Ecole de massage<\/div>\n<\/div>\n<\/div>\n<\/div>\n<\/div>\n<\/div>\n<div class=\"standard_wrapper\">\n<div class=\"one withsmallpadding ppb_line_divider\"  style=\"text-align:center;padding:0px 0 0px 0;margin-bottom:40px;\" >\n<div class=\"page_content_wrapper wide\">\n<div class=\"inner\">\n<div class=\"line_divider_border\" style=\"width:100px;\"><\/div>\n<div class=\"line_divider_seperator\"><i class=\"fa fa-leaf\" style=\"color:#efa697;\"><\/i><\/div>\n<div class=\"line_divider_border\" style=\"width:100px;\"><\/div>\n<\/div>\n<\/div>\n<\/div>\n<\/div>\n<div class=\"divider one\">&nbsp;<\/div>\n<div class=\"standard_wrapper\">\n<div  class=\"one_third ppb_bg_image_boxed theme_radius\" style=\"margin-bottom:60px;height:330px;\" >\n<div class=\"content_overlay\" style=\"background:#000000;background:rgb(0,0,0,0.3);background:rgba(0,0,0,0.3);\"><\/div>\n<div class=\"ppb_bg_image_boxed_bg\" style=\"background-image:url(https:\/\/levillagebalinais.com\/wp-content\/uploads\/2021\/02\/Ruth-Indiathi-scaled.jpg);\"><\/div>\n<p><a class=\"ppb_bg_image_boxed_link\" href=\"https:\/\/levillagebalinais.com\/index.php\/ruth-indiati\/biographie\/\"><\/a><\/p>\n<div class=\"ppb_bg_image_boxed_content_wrapper\">\n<div class=\"ppb_bg_image_boxed_content\">\n<h3 style=\"color:#ffffff;\">Ruth Indiathi &#8211; Biographie<\/h3>\n<\/div>\n<\/div>\n<\/div>\n<\/div>\n<div class=\"standard_wrapper\">\n<div  class=\"one_third ppb_bg_image_boxed theme_radius\" style=\"margin-bottom:60px;height:330px;\" >\n<div class=\"content_overlay\" style=\"background:#000000;background:rgb(0,0,0,0.3);background:rgba(0,0,0,0.3);\"><\/div>\n<div class=\"ppb_bg_image_boxed_bg\" style=\"background-image:url(http:\/\/themes.themegoods.com\/grandspa\/demo\/wp-content\/uploads\/2017\/02\/RCDORAD_00159_conversion.jpg);\"><\/div>\n<p><a class=\"ppb_bg_image_boxed_link\" href=\"https:\/\/levillagebalinais.com\/index.php\/ruth-indiati\/videos\/\"><\/a><\/p>\n<div class=\"ppb_bg_image_boxed_content_wrapper\">\n<div class=\"ppb_bg_image_boxed_content\">\n<h3 style=\"color:#ffffff;\">Ruth Indiathi &#8211; Vid\u00e9os<\/h3>\n<\/div>\n<\/div>\n<\/div>\n<\/div>\n<div class=\"standard_wrapper\">\n<div  class=\"one_third last ppb_bg_image_boxed theme_radius\" style=\"margin-bottom:60px;height:330px;\" >\n<div class=\"content_overlay\" style=\"background:#000000;background:rgb(0,0,0,0.3);background:rgba(0,0,0,0.3);\"><\/div>\n<div class=\"ppb_bg_image_boxed_bg\" style=\"background-image:url(https:\/\/levillagebalinais.com\/wp-content\/uploads\/2021\/02\/photos-sejour-energies-bali-java-gili-2013-465.jpg);\"><\/div>\n<p><a class=\"ppb_bg_image_boxed_link\" href=\"https:\/\/levillagebalinais.com\/index.php\/ruth-indiati\/congres\/\"><\/a><\/p>\n<div class=\"ppb_bg_image_boxed_content_wrapper\">\n<div class=\"ppb_bg_image_boxed_content\">\n<h3 style=\"color:#ffffff;\">Ruth Indiathi &#8211; Congr\u00e8s<\/h3>\n<\/div>\n<\/div>\n<\/div>\n<\/div>\n<div class=\"standard_wrapper\">\n<div  class=\"one_third ppb_bg_image_boxed theme_radius\" style=\"margin-bottom:60px;height:330px;\" >\n<div class=\"content_overlay\" style=\"background:#000000;background:rgb(0,0,0,0.3);background:rgba(0,0,0,0.3);\"><\/div>\n<div class=\"ppb_bg_image_boxed_bg\" style=\"background-image:url(https:\/\/levillagebalinais.com\/wp-content\/uploads\/2021\/02\/3-SALLE-VILLAGE-BALINAIS-scaled.jpg);\"><\/div>\n<p><a class=\"ppb_bg_image_boxed_link\" href=\"https:\/\/levillagebalinais.com\/index.php\/studio-massage\/presentation\/\"><\/a><\/p>\n<div class=\"ppb_bg_image_boxed_content_wrapper\">\n<div class=\"ppb_bg_image_boxed_content\">\n<h3 style=\"color:#ffffff;\">Studio &#8211; Pr\u00e9sentation<\/h3>\n<\/div>\n<\/div>\n<\/div>\n<\/div>\n<div class=\"standard_wrapper\">\n<div  class=\"one_third ppb_bg_image_boxed theme_radius\" style=\"margin-bottom:60px;height:330px;\" >\n<div class=\"content_overlay\" style=\"background:#000000;background:rgb(0,0,0,0.3);background:rgba(0,0,0,0.3);\"><\/div>\n<div class=\"ppb_bg_image_boxed_bg\" style=\"background-image:url(https:\/\/levillagebalinais.com\/wp-content\/uploads\/2017\/06\/how-can-make-sure-prenatal-massage-safe-2160X1200-1.jpg);\"><\/div>\n<p><a class=\"ppb_bg_image_boxed_link\" href=\"https:\/\/levillagebalinais.com\/index.php\/studio-massage\/massages\/\"><\/a><\/p>\n<div class=\"ppb_bg_image_boxed_content_wrapper\">\n<div class=\"ppb_bg_image_boxed_content\">\n<h3 style=\"color:#ffffff;\">Studio &#8211; Massages<\/h3>\n<\/div>\n<\/div>\n<\/div>\n<\/div>\n<div class=\"standard_wrapper\">\n<div  class=\"one_third last ppb_bg_image_boxed theme_radius\" style=\"margin-bottom:60px;height:330px;\" >\n<div class=\"content_overlay\" style=\"background:#000000;background:rgb(0,0,0,0.3);background:rgba(0,0,0,0.3);\"><\/div>\n<div class=\"ppb_bg_image_boxed_bg\" style=\"background-image:url(https:\/\/levillagebalinais.com\/wp-content\/uploads\/2021\/03\/f3d7c86de36c594617f239bf8e83ad47-610x610-1.jpg);\"><\/div>\n<p><a class=\"ppb_bg_image_boxed_link\" href=\"https:\/\/levillagebalinais.com\/index.php\/studio-massage\/soins-esthetiques\/\"><\/a><\/p>\n<div class=\"ppb_bg_image_boxed_content_wrapper\">\n<div class=\"ppb_bg_image_boxed_content\">\n<h3 style=\"color:#ffffff;\">Studio &#8211; Soins Esth\u00e9tiques<\/h3>\n<\/div>\n<\/div>\n<\/div>\n<\/div>\n<div class=\"standard_wrapper\">\n<div  class=\"one_third ppb_bg_image_boxed theme_radius\" style=\"margin-bottom:60px;height:330px;\" >\n<div class=\"content_overlay\" style=\"background:#000000;background:rgb(0,0,0,0.3);background:rgba(0,0,0,0.3);\"><\/div>\n<div class=\"ppb_bg_image_boxed_bg\" style=\"background-image:url(https:\/\/levillagebalinais.com\/wp-content\/uploads\/2021\/02\/DSC_2396-scaled.jpg);\"><\/div>\n<p><a class=\"ppb_bg_image_boxed_link\" href=\"https:\/\/levillagebalinais.com\/index.php\/ecole-massage\/presentation\/\"><\/a><\/p>\n<div class=\"ppb_bg_image_boxed_content_wrapper\">\n<div class=\"ppb_bg_image_boxed_content\">\n<h3 style=\"color:#ffffff;\">Ecole &#8211; Pr\u00e9sentation<\/h3>\n<\/div>\n<\/div>\n<\/div>\n<\/div>\n<div class=\"standard_wrapper\">\n<div  class=\"one_third ppb_bg_image_boxed theme_radius\" style=\"margin-bottom:60px;height:330px;\" >\n<div class=\"content_overlay\" style=\"background:#000000;background:rgb(0,0,0,0.3);background:rgba(0,0,0,0.3);\"><\/div>\n<div class=\"ppb_bg_image_boxed_bg\" style=\"background-image:url(https:\/\/levillagebalinais.com\/wp-content\/uploads\/2020\/11\/massage-balinais-Pijat-Bali-_ruth-indiathi-Copie.jpg);\"><\/div>\n<p><a class=\"ppb_bg_image_boxed_link\" href=\"https:\/\/levillagebalinais.com\/index.php\/ecole-massage\/calendrier\/\"><\/a><\/p>\n<div class=\"ppb_bg_image_boxed_content_wrapper\">\n<div class=\"ppb_bg_image_boxed_content\">\n<h3 style=\"color:#ffffff;\">Ecole &#8211; Calendrier des Formations<\/h3>\n<\/div>\n<\/div>\n<\/div>\n<\/div>\n<div class=\"standard_wrapper\">\n<div  class=\"one_third last ppb_bg_image_boxed theme_radius\" style=\"margin-bottom:60px;height:330px;\" >\n<div class=\"content_overlay\" style=\"background:#000000;background:rgb(0,0,0,0.3);background:rgba(0,0,0,0.3);\"><\/div>\n<div class=\"ppb_bg_image_boxed_bg\" style=\"background-image:url(https:\/\/levillagebalinais.com\/wp-content\/uploads\/2021\/02\/P1150066-scaled.jpg);\"><\/div>\n<p><a class=\"ppb_bg_image_boxed_link\" href=\"https:\/\/levillagebalinais.com\/index.php\/ecole-massage\/immersion-a-bali\/\"><\/a><\/p>\n<div class=\"ppb_bg_image_boxed_content_wrapper\">\n<div class=\"ppb_bg_image_boxed_content\">\n<h3 style=\"color:#ffffff;\">Ecole &#8211; Immersion \u00e0 Bali<\/h3>\n<\/div>\n<\/div>\n<\/div>\n<\/div>\n<div class=\"standard_wrapper\">\n<div  class=\"one_third ppb_bg_image_boxed theme_radius\" style=\"margin-bottom:60px;height:330px;\" >\n<div class=\"content_overlay\" style=\"background:#000000;background:rgb(0,0,0,0.3);background:rgba(0,0,0,0.3);\"><\/div>\n<div class=\"ppb_bg_image_boxed_bg\" style=\"background-image:url(https:\/\/levillagebalinais.com\/wp-content\/uploads\/2021\/02\/utomhuspool_5-960x636-1.jpg);\"><\/div>\n<p><a class=\"ppb_bg_image_boxed_link\" href=\"https:\/\/levillagebalinais.com\/index.php\/spas-et-retraites-de-bali\/\"><\/a><\/p>\n<div class=\"ppb_bg_image_boxed_content_wrapper\">\n<div class=\"ppb_bg_image_boxed_content\">\n<h3 style=\"color:#ffffff;\">Cure &#8211; Spas&amp;Retraites \u00e0 Bali<\/h3>\n<\/div>\n<\/div>\n<\/div>\n<\/div>\n<div class=\"standard_wrapper\">\n<div  class=\"one_third ppb_bg_image_boxed theme_radius\" style=\"margin-bottom:60px;height:330px;\" >\n<div class=\"content_overlay\" style=\"background:#000000;background:rgb(0,0,0,0.3);background:rgba(0,0,0,0.3);\"><\/div>\n<div class=\"ppb_bg_image_boxed_bg\" style=\"background-image:url(https:\/\/levillagebalinais.com\/wp-content\/uploads\/2021\/02\/21-TUGU-BALI-5-.jpg);\"><\/div>\n<p><a class=\"ppb_bg_image_boxed_link\" href=\"https:\/\/levillagebalinais.com\/index.php\/blog\/presse\/\"><\/a><\/p>\n<div class=\"ppb_bg_image_boxed_content_wrapper\">\n<div class=\"ppb_bg_image_boxed_content\">\n<h3 style=\"color:#ffffff;\">Presse &#8211; Village Balinais<\/h3>\n<\/div>\n<\/div>\n<\/div>\n<\/div>\n<div  class=\"one withsmallpadding ppb_header \" style=\"text-align:center;padding:40px 0 40px 0;\" >\n<div class=\"standard_wrapper\">\n<div class=\"page_content_wrapper wide\">\n<div class=\"inner\">\n<div style=\"margin:auto;width:100%\">\n<h2 class=\"ppb_title\" style=\"\">Nos derniers articles<\/h2>\n<\/div>\n<\/div>\n<\/div>\n<\/div>\n<\/div>\n<div class=\"standard_wrapper\">\n<div class=\"one withsmallpadding ppb_line_divider\"  style=\"text-align:center;padding:0px 0 0px 0;margin-bottom:40px;\" >\n<div class=\"page_content_wrapper wide\">\n<div class=\"inner\">\n<div class=\"line_divider_border\" style=\"width:100px;\"><\/div>\n<div class=\"line_divider_seperator\"><i class=\"fa fa-leaf\" style=\"color:#efa697;\"><\/i><\/div>\n<div class=\"line_divider_border\" style=\"width:100px;\"><\/div>\n<\/div>\n<\/div>\n<\/div>\n<\/div>\n<div class=\"divider one\">&nbsp;<\/div>\n<div class=\"standard_wrapper\">\n<div  class=\"ppb_blog_grid one nopadding\" style=\"padding:40px 0 40px 0;\" >\n<div class=\"page_content_wrapper wide\">\n<div class=\"inner\">\n<div class=\"inner_wrapper\">\n<div class=\"blog_grid_wrapper sidebar_content full_width ppb_blog_posts\">\n<div id=\"post-5629\" class=\"post type-post hentry status-publish \">\n<div class=\"post_wrapper grid_layout\">\n<div class=\"post_img small static\">\n\t\t    \t    \t<a href=\"https:\/\/levillagebalinais.com\/index.php\/2021\/03\/13\/reserver-vos-places-pour-les-massages-duo-en-avril-21\/\"><br \/>\n\t\t    \t    \t\t<img decoding=\"async\" src=\"https:\/\/levillagebalinais.com\/wp-content\/uploads\/2021\/03\/Couples_massage-5664x3399-1-1024x614-1-960x614.jpg\" alt=\"R\u00e9servez vos places pour les massages duo en Avril 21\" class=\"\"\/><br \/>\n\t\t                <\/a>\n\t\t    \t    <\/div>\n<div class=\"post_content_wrapper\">\n<div class=\"post_header grid\">\n<div class=\"post_detail single_post\">\n\t\t\t\t    <span class=\"post_info_date\"><br \/>\n\t\t\t\t    \t<a href=\"https:\/\/levillagebalinais.com\/index.php\/2021\/03\/13\/reserver-vos-places-pour-les-massages-duo-en-avril-21\/\" title=\"R\u00e9servez vos places pour les massages duo en Avril 21\">13 mars 2021<\/a><br \/>\n\t\t\t\t    <\/span>\n\t\t\t\t<\/div>\n<h6><a href=\"https:\/\/levillagebalinais.com\/index.php\/2021\/03\/13\/reserver-vos-places-pour-les-massages-duo-en-avril-21\/\" title=\"R\u00e9servez vos places pour les massages duo en Avril 21\">R\u00e9servez vos places pour les massages duo en Avril 21<\/a><\/h6>\n<\/p><\/div>\n<div class=\"post_header_wrapper\">\n<div class=\"post_button_wrapper\">\n\t\t\t    \t<a class=\"readmore\" href=\"https:\/\/levillagebalinais.com\/index.php\/2021\/03\/13\/reserver-vos-places-pour-les-massages-duo-en-avril-21\/\">Read More<span class=\"ti-angle-right\"><\/span><\/a>\n\t\t\t\t\t<\/div>\n<\/p><\/div>\n<\/div><\/div>\n<\/p><\/div>\n<div id=\"post-5560\" class=\"post type-post hentry status-publish \">\n<div class=\"post_wrapper grid_layout\">\n<div class=\"post_content_wrapper\">\n<div class=\"post_header grid\">\n<div class=\"post_detail single_post\">\n\t\t\t\t    <span class=\"post_info_date\"><br \/>\n\t\t\t\t    \t<a href=\"https:\/\/levillagebalinais.com\/index.php\/2021\/03\/13\/mon-village-natal-kampung-kademangan\/\" title=\"Mon village natal : Kampung Kademangan\">13 mars 2021<\/a><br \/>\n\t\t\t\t    <\/span>\n\t\t\t\t<\/div>\n<h6><a href=\"https:\/\/levillagebalinais.com\/index.php\/2021\/03\/13\/mon-village-natal-kampung-kademangan\/\" title=\"Mon village natal : Kampung Kademangan\">Mon village natal : Kampung Kademangan<\/a><\/h6>\n<\/p><\/div>\n<div class=\"post_header_wrapper\">\n<div class=\"post_button_wrapper\">\n\t\t\t    \t<a class=\"readmore\" href=\"https:\/\/levillagebalinais.com\/index.php\/2021\/03\/13\/mon-village-natal-kampung-kademangan\/\">Read More<span class=\"ti-angle-right\"><\/span><\/a>\n\t\t\t\t\t<\/div>\n<\/p><\/div>\n<\/div><\/div>\n<\/p><\/div>\n<div id=\"post-5555\" class=\"post type-post hentry status-publish last\">\n<div class=\"post_wrapper grid_layout\">\n<div class=\"post_img small static\">\n\t\t    \t    \t<a href=\"https:\/\/levillagebalinais.com\/index.php\/2021\/03\/09\/formation-a-venir-au-mois-de-mars-2021\/\"><br \/>\n\t\t    \t    \t\t<img decoding=\"async\" src=\"https:\/\/levillagebalinais.com\/wp-content\/uploads\/2021\/03\/how-can-make-sure-prenatal-massage-safe-2160X1200-960x636-1-960x636.jpg\" alt=\"Formation \u00e0 venir au mois de Mars 2021\" class=\"\"\/><br \/>\n\t\t                <\/a>\n\t\t    \t    <\/div>\n<div class=\"post_content_wrapper\">\n<div class=\"post_header grid\">\n<div class=\"post_detail single_post\">\n\t\t\t\t    <span class=\"post_info_date\"><br \/>\n\t\t\t\t    \t<a href=\"https:\/\/levillagebalinais.com\/index.php\/2021\/03\/09\/formation-a-venir-au-mois-de-mars-2021\/\" title=\"Formation \u00e0 venir au mois de Mars 2021\">9 mars 2021<\/a><br \/>\n\t\t\t\t    <\/span>\n\t\t\t\t<\/div>\n<h6><a href=\"https:\/\/levillagebalinais.com\/index.php\/2021\/03\/09\/formation-a-venir-au-mois-de-mars-2021\/\" title=\"Formation \u00e0 venir au mois de Mars 2021\">Formation \u00e0 venir au mois de Mars 2021<\/a><\/h6>\n<\/p><\/div>\n<div class=\"post_header_wrapper\">\n<div class=\"post_button_wrapper\">\n\t\t\t    \t<a class=\"readmore\" href=\"https:\/\/levillagebalinais.com\/index.php\/2021\/03\/09\/formation-a-venir-au-mois-de-mars-2021\/\">Read More<span class=\"ti-angle-right\"><\/span><\/a>\n\t\t\t\t\t<\/div>\n<\/p><\/div>\n<\/div><\/div>\n<\/p><\/div>\n<\/div>\n<\/div>\n<\/div>\n<\/div>\n<\/div>\n<\/div>\n<div  class=\"one withsmallpadding ppb_contact_box \" style=\"text-align:left;\" >\n<div class=\"standard_wrapper\">\n<div class=\"page_content_wrapper wide\">\n<div class=\"inner\">\n<div class=\"inner_box theme_radius parallax\" style=\"width:100%;margin:auto;background:#ffffff;padding:40px;\" data-stellar-ratio=\"1.2\">\n<h2 class=\"ppb_title\" style=\"\">Contact<\/h2>\n<div class=\"contact_form7_wrapper\">\n<div role=\"form\" class=\"wpcf7\" id=\"wpcf7-f5-o1\" lang=\"en-US\" dir=\"ltr\">\n<div class=\"screen-reader-response\">\n<p role=\"status\" aria-live=\"polite\" aria-atomic=\"true\">\n<ul><\/ul>\n<\/div>\n<form action=\"\/wp-admin\/post.php#wpcf7-f5-o1\" method=\"post\" class=\"wpcf7-form init\" novalidate=\"novalidate\" data-status=\"init\">\n<div style=\"display: none;\">\n<input type=\"hidden\" name=\"_wpcf7\" value=\"5\" \/><br \/>\n<input type=\"hidden\" name=\"_wpcf7_version\" value=\"5.4\" \/><br \/>\n<input type=\"hidden\" name=\"_wpcf7_locale\" value=\"en_US\" \/><br \/>\n<input type=\"hidden\" name=\"_wpcf7_unit_tag\" value=\"wpcf7-f5-o1\" \/><br \/>\n<input type=\"hidden\" name=\"_wpcf7_container_post\" value=\"0\" \/><br \/>\n<input type=\"hidden\" name=\"_wpcf7_posted_data_hash\" value=\"\" \/>\n<\/div>\n<p>\n    <span class=\"wpcf7-form-control-wrap your-name\"><input type=\"text\" name=\"your-name\" value=\"\" size=\"40\" class=\"wpcf7-form-control wpcf7-text wpcf7-validates-as-required\" aria-required=\"true\" aria-invalid=\"false\" placeholder=\"Nom\/Pr\u00e9nom*\" \/><\/span> <\/p>\n<p>\n    <span class=\"wpcf7-form-control-wrap your-email\"><input type=\"email\" name=\"your-email\" value=\"\" size=\"40\" class=\"wpcf7-form-control wpcf7-text wpcf7-email wpcf7-validates-as-required wpcf7-validates-as-email\" aria-required=\"true\" aria-invalid=\"false\" placeholder=\"Adresse Email*\" \/><\/span> <\/p>\n<p>\n    <span class=\"wpcf7-form-control-wrap your-message\"><textarea name=\"your-message\" cols=\"40\" rows=\"5\" class=\"wpcf7-form-control wpcf7-textarea\" aria-invalid=\"false\" placeholder=\"Votre Message*\"><\/textarea><\/span> <\/p>\n<p><input type=\"submit\" value=\"Envoyer\" class=\"wpcf7-form-control wpcf7-submit\" \/><\/p>\n<div class=\"wpcf7-response-output\" aria-hidden=\"true\"><\/div>\n<\/form>\n<\/div>\n<\/div>\n<\/div>\n<\/div>\n<\/div>\n<\/div>\n<\/div>\n","protected":false},"excerpt":{"rendered":"<p>L&rsquo;art et la science de l&rsquo;or vert d&rsquo;Indon\u00e9sie Village Balinais Retour \u00e0 l&rsquo;esprit balinais en cabine Relaxation Apprendre \u00e0 l\u00e2cher prise et se relaxer Nos Formations Le Village Balinais Studio et Ecole de massage &nbsp; Ruth Indiathi &#8211; Biographie Ruth [&hellip;]<\/p>\n","protected":false},"author":1,"featured_media":0,"parent":0,"menu_order":0,"comment_status":"closed","ping_status":"closed","template":"","meta":{"_monsterinsights_skip_tracking":false,"_monsterinsights_sitenote_active":false,"_monsterinsights_sitenote_note":"","_monsterinsights_sitenote_category":0,"footnotes":""},"class_list":["post-3465","page","type-page","status-publish","hentry"],"_links":{"self":[{"href":"https:\/\/levillagebalinais.com\/index.php\/wp-json\/wp\/v2\/pages\/3465","targetHints":{"allow":["GET"]}}],"collection":[{"href":"https:\/\/levillagebalinais.com\/index.php\/wp-json\/wp\/v2\/pages"}],"about":[{"href":"https:\/\/levillagebalinais.com\/index.php\/wp-json\/wp\/v2\/types\/page"}],"author":[{"embeddable":true,"href":"https:\/\/levillagebalinais.com\/index.php\/wp-json\/wp\/v2\/users\/1"}],"replies":[{"embeddable":true,"href":"https:\/\/levillagebalinais.com\/index.php\/wp-json\/wp\/v2\/comments?post=3465"}],"version-history":[{"count":22,"href":"https:\/\/levillagebalinais.com\/index.php\/wp-json\/wp\/v2\/pages\/3465\/revisions"}],"predecessor-version":[{"id":5640,"href":"https:\/\/levillagebalinais.com\/index.php\/wp-json\/wp\/v2\/pages\/3465\/revisions\/5640"}],"wp:attachment":[{"href":"https:\/\/levillagebalinais.com\/index.php\/wp-json\/wp\/v2\/media?parent=3465"}],"curies":[{"name":"wp","href":"https:\/\/api.w.org\/{rel}","templated":true}]}}